{"id":11412,"date":"2016-12-05T16:27:47","date_gmt":"2016-12-05T16:27:47","guid":{"rendered":"https:\/\/strepia.com\/index.php\/contact\/"},"modified":"2026-04-08T00:28:27","modified_gmt":"2026-04-07T22:28:27","slug":"contact","status":"publish","type":"page","link":"https:\/\/strepia.com\/index.php\/contact\/","title":{"rendered":"Contact"},"content":{"rendered":"<div class=\"vgblk-rw-wrapper limit-wrapper\">\n<h2>\n\t\tContactez-nous <br \/><strong>d\u00e8s aujourd&rsquo;hui<\/strong><strong>\n\t<\/strong><\/h2>\n\t<p>Vous avez un projet de transformation digitale ou de Supply Chain ? <strong>Strepia<\/strong> est \u00e0 votre disposition pour vous accompagner dans chaque \u00e9tape, de l&rsquo;\u00e9tude initiale \u00e0 l&rsquo;impl\u00e9mentation des solutions adapt\u00e9es.<\/p>\n<p>Nos experts sont pr\u00eats \u00e0 vous offrir un service sur-mesure qui r\u00e9pondra \u00e0 vos besoins sp\u00e9cifiques.<\/p>\n<h2>\n\t\t<strong>Remplissez le formulaire<\/strong><br \/>Afin d&rsquo;entrer en contact avec nous, et nous vous r\u00e9pondrons dans les plus brefs d\u00e9lais\n\t<\/h2>\n\tRemarque\u00a0: JavaScript est requis pour ce contenu.\n        <!-- That data is being printed as a workaround to page builders reordering the order of the scripts loaded-->\n        <h2>\n\t\t<strong>Vous pr\u00e9f\u00e9rez un contact direct ?<\/strong> <br \/> Vous avez la possibilit\u00e9 de nous contacter par t\u00e9l\u00e9phone ou par email \n\t<\/h2>\n<h3>\n\t+ (33) 6 22 45 19 85\n\t<\/h3>\n<h3>\n\t\t\t<a href=\"mailto:%20contact@strepia.com\" title=\"contact@strepia.com\" target=\"_self\" rel=\"noopener\">\n\tcontact@strepia.com\n\t\t\t<\/a>\n\t<\/h3>\n<h3>\n\t\t\t<a href=\"https:\/\/www.linkedin.com\/company\/strepia\/\" title=\"Strepia\" target=\"_blank\" rel=\"noopener\">\n\tStrepia\n\t\t\t<\/a>\n\t<\/h3>\n\n<\/div><!-- .vgblk-rw-wrapper -->","protected":false},"excerpt":{"rendered":"<p>Contactez-nous d\u00e8s aujourd&rsquo;hui Vous avez un projet de transformation digitale ou de Supply Chain ? Strepia est \u00e0 votre disposition pour vous accompagner dans chaque \u00e9tape, de l&rsquo;\u00e9tude initiale \u00e0 l&rsquo;impl\u00e9mentation des solutions adapt\u00e9es. Nos experts sont pr\u00eats \u00e0 vous offrir un service sur-mesure qui r\u00e9pondra \u00e0 vos besoins sp\u00e9cifiques. Remplissez le formulaireAfin d&rsquo;entrer en&#8230;<\/p>\n","protected":false},"author":2,"featured_media":0,"parent":0,"menu_order":0,"comment_status":"closed","ping_status":"closed","template":"","meta":{"inline_featured_image":false,"_uag_custom_page_level_css":"","footnotes":""},"class_list":["post-11412","page","type-page","status-publish","hentry"],"yoast_head":"<!-- This site is optimized with the Yoast SEO plugin v27.4 - https:\/\/yoast.com\/product\/yoast-seo-wordpress\/ -->\n<title>Contact - Strepia<\/title>\n<meta name=\"robots\" content=\"index, follow, max-snippet:-1, max-image-preview:large, max-video-preview:-1\" \/>\n<link rel=\"canonical\" href=\"https:\/\/strepia.com\/index.php\/contact\/\" \/>\n<meta property=\"og:locale\" content=\"fr_FR\" \/>\n<meta property=\"og:type\" content=\"article\" \/>\n<meta property=\"og:title\" content=\"Contact - Strepia\" \/>\n<meta property=\"og:description\" content=\"Contactez-nous d\u00e8s aujourd&rsquo;hui Vous avez un projet de transformation digitale ou de Supply Chain ? Strepia est \u00e0 votre disposition pour vous accompagner dans chaque \u00e9tape, de l&rsquo;\u00e9tude initiale \u00e0 l&rsquo;impl\u00e9mentation des solutions adapt\u00e9es. Nos experts sont pr\u00eats \u00e0 vous offrir un service sur-mesure qui r\u00e9pondra \u00e0 vos besoins sp\u00e9cifiques. Remplissez le formulaireAfin d&rsquo;entrer en...\" \/>\n<meta property=\"og:url\" content=\"https:\/\/strepia.com\/index.php\/contact\/\" \/>\n<meta property=\"og:site_name\" content=\"Strepia\" \/>\n<meta property=\"article:modified_time\" content=\"2026-04-07T22:28:27+00:00\" \/>\n<meta name=\"twitter:card\" content=\"summary_large_image\" \/>\n<meta name=\"twitter:label1\" content=\"Dur\u00e9e de lecture estim\u00e9e\" \/>\n\t<meta name=\"twitter:data1\" content=\"1 minute\" \/>\n<script type=\"application\/ld+json\" class=\"yoast-schema-graph\">{\"@context\":\"https:\\\/\\\/schema.org\",\"@graph\":[{\"@type\":\"WebPage\",\"@id\":\"https:\\\/\\\/strepia.com\\\/index.php\\\/contact\\\/\",\"url\":\"https:\\\/\\\/strepia.com\\\/index.php\\\/contact\\\/\",\"name\":\"Contact - Strepia\",\"isPartOf\":{\"@id\":\"https:\\\/\\\/strepia.com\\\/#website\"},\"datePublished\":\"2016-12-05T16:27:47+00:00\",\"dateModified\":\"2026-04-07T22:28:27+00:00\",\"breadcrumb\":{\"@id\":\"https:\\\/\\\/strepia.com\\\/index.php\\\/contact\\\/#breadcrumb\"},\"inLanguage\":\"fr-FR\",\"potentialAction\":[{\"@type\":\"ReadAction\",\"target\":[\"https:\\\/\\\/strepia.com\\\/index.php\\\/contact\\\/\"]}]},{\"@type\":\"BreadcrumbList\",\"@id\":\"https:\\\/\\\/strepia.com\\\/index.php\\\/contact\\\/#breadcrumb\",\"itemListElement\":[{\"@type\":\"ListItem\",\"position\":1,\"name\":\"Home\",\"item\":\"https:\\\/\\\/strepia.com\\\/\"},{\"@type\":\"ListItem\",\"position\":2,\"name\":\"Contact\"}]},{\"@type\":\"WebSite\",\"@id\":\"https:\\\/\\\/strepia.com\\\/#website\",\"url\":\"https:\\\/\\\/strepia.com\\\/\",\"name\":\"Strepia\",\"description\":\"\",\"publisher\":{\"@id\":\"https:\\\/\\\/strepia.com\\\/#organization\"},\"potentialAction\":[{\"@type\":\"SearchAction\",\"target\":{\"@type\":\"EntryPoint\",\"urlTemplate\":\"https:\\\/\\\/strepia.com\\\/?s={search_term_string}\"},\"query-input\":{\"@type\":\"PropertyValueSpecification\",\"valueRequired\":true,\"valueName\":\"search_term_string\"}}],\"inLanguage\":\"fr-FR\"},{\"@type\":\"Organization\",\"@id\":\"https:\\\/\\\/strepia.com\\\/#organization\",\"name\":\"Strepia\",\"url\":\"https:\\\/\\\/strepia.com\\\/\",\"logo\":{\"@type\":\"ImageObject\",\"inLanguage\":\"fr-FR\",\"@id\":\"https:\\\/\\\/strepia.com\\\/#\\\/schema\\\/logo\\\/image\\\/\",\"url\":\"https:\\\/\\\/strepia.com\\\/wp-content\\\/uploads\\\/2024\\\/08\\\/cropped-cropped-Strepia-450x150-1.png\",\"contentUrl\":\"https:\\\/\\\/strepia.com\\\/wp-content\\\/uploads\\\/2024\\\/08\\\/cropped-cropped-Strepia-450x150-1.png\",\"width\":355,\"height\":150,\"caption\":\"Strepia\"},\"image\":{\"@id\":\"https:\\\/\\\/strepia.com\\\/#\\\/schema\\\/logo\\\/image\\\/\"}}]}<\/script>\n<!-- \/ Yoast SEO plugin. -->","yoast_head_json":{"title":"Contact - Strepia","robots":{"index":"index","follow":"follow","max-snippet":"max-snippet:-1","max-image-preview":"max-image-preview:large","max-video-preview":"max-video-preview:-1"},"canonical":"https:\/\/strepia.com\/index.php\/contact\/","og_locale":"fr_FR","og_type":"article","og_title":"Contact - Strepia","og_description":"Contactez-nous d\u00e8s aujourd&rsquo;hui Vous avez un projet de transformation digitale ou de Supply Chain ? Strepia est \u00e0 votre disposition pour vous accompagner dans chaque \u00e9tape, de l&rsquo;\u00e9tude initiale \u00e0 l&rsquo;impl\u00e9mentation des solutions adapt\u00e9es. Nos experts sont pr\u00eats \u00e0 vous offrir un service sur-mesure qui r\u00e9pondra \u00e0 vos besoins sp\u00e9cifiques. Remplissez le formulaireAfin d&rsquo;entrer en...","og_url":"https:\/\/strepia.com\/index.php\/contact\/","og_site_name":"Strepia","article_modified_time":"2026-04-07T22:28:27+00:00","twitter_card":"summary_large_image","twitter_misc":{"Dur\u00e9e de lecture estim\u00e9e":"1 minute"},"schema":{"@context":"https:\/\/schema.org","@graph":[{"@type":"WebPage","@id":"https:\/\/strepia.com\/index.php\/contact\/","url":"https:\/\/strepia.com\/index.php\/contact\/","name":"Contact - Strepia","isPartOf":{"@id":"https:\/\/strepia.com\/#website"},"datePublished":"2016-12-05T16:27:47+00:00","dateModified":"2026-04-07T22:28:27+00:00","breadcrumb":{"@id":"https:\/\/strepia.com\/index.php\/contact\/#breadcrumb"},"inLanguage":"fr-FR","potentialAction":[{"@type":"ReadAction","target":["https:\/\/strepia.com\/index.php\/contact\/"]}]},{"@type":"BreadcrumbList","@id":"https:\/\/strepia.com\/index.php\/contact\/#breadcrumb","itemListElement":[{"@type":"ListItem","position":1,"name":"Home","item":"https:\/\/strepia.com\/"},{"@type":"ListItem","position":2,"name":"Contact"}]},{"@type":"WebSite","@id":"https:\/\/strepia.com\/#website","url":"https:\/\/strepia.com\/","name":"Strepia","description":"","publisher":{"@id":"https:\/\/strepia.com\/#organization"},"potentialAction":[{"@type":"SearchAction","target":{"@type":"EntryPoint","urlTemplate":"https:\/\/strepia.com\/?s={search_term_string}"},"query-input":{"@type":"PropertyValueSpecification","valueRequired":true,"valueName":"search_term_string"}}],"inLanguage":"fr-FR"},{"@type":"Organization","@id":"https:\/\/strepia.com\/#organization","name":"Strepia","url":"https:\/\/strepia.com\/","logo":{"@type":"ImageObject","inLanguage":"fr-FR","@id":"https:\/\/strepia.com\/#\/schema\/logo\/image\/","url":"https:\/\/strepia.com\/wp-content\/uploads\/2024\/08\/cropped-cropped-Strepia-450x150-1.png","contentUrl":"https:\/\/strepia.com\/wp-content\/uploads\/2024\/08\/cropped-cropped-Strepia-450x150-1.png","width":355,"height":150,"caption":"Strepia"},"image":{"@id":"https:\/\/strepia.com\/#\/schema\/logo\/image\/"}}]}},"uagb_featured_image_src":{"full":false,"thumbnail":false,"medium":false,"medium_large":false,"large":false,"1536x1536":false,"2048x2048":false,"vamtam-single":false,"vamtam-normal-1":false,"vamtam-loop-1":false,"vamtam-normal-2":false,"vamtam-normal-featured-2":false,"vamtam-loop-2":false,"vamtam-loop-featured-2":false,"vamtam-normal-3":false,"vamtam-normal-featured-3":false,"vamtam-loop-3":false,"vamtam-loop-featured-3":false,"vamtam-normal-4":false,"vamtam-normal-featured-4":false,"vamtam-loop-4":false,"vamtam-loop-featured-4":false,"woocommerce_thumbnail":false,"woocommerce_single":false,"woocommerce_gallery_thumbnail":false},"uagb_author_info":{"display_name":"Amine Ettalbi","author_link":"https:\/\/strepia.com\/index.php\/author\/amine-ettalbi\/"},"uagb_comment_info":0,"uagb_excerpt":"Contactez-nous d\u00e8s aujourd&rsquo;hui Vous avez un projet de transformation digitale ou de Supply Chain ? Strepia est \u00e0 votre disposition pour vous accompagner dans chaque \u00e9tape, de l&rsquo;\u00e9tude initiale \u00e0 l&rsquo;impl\u00e9mentation des solutions adapt\u00e9es. Nos experts sont pr\u00eats \u00e0 vous offrir un service sur-mesure qui r\u00e9pondra \u00e0 vos besoins sp\u00e9cifiques. Remplissez le formulaireAfin d&rsquo;entrer en...","_links":{"self":[{"href":"https:\/\/strepia.com\/index.php\/wp-json\/wp\/v2\/pages\/11412","targetHints":{"allow":["GET"]}}],"collection":[{"href":"https:\/\/strepia.com\/index.php\/wp-json\/wp\/v2\/pages"}],"about":[{"href":"https:\/\/strepia.com\/index.php\/wp-json\/wp\/v2\/types\/page"}],"author":[{"embeddable":true,"href":"https:\/\/strepia.com\/index.php\/wp-json\/wp\/v2\/users\/2"}],"replies":[{"embeddable":true,"href":"https:\/\/strepia.com\/index.php\/wp-json\/wp\/v2\/comments?post=11412"}],"version-history":[{"count":3,"href":"https:\/\/strepia.com\/index.php\/wp-json\/wp\/v2\/pages\/11412\/revisions"}],"predecessor-version":[{"id":987911,"href":"https:\/\/strepia.com\/index.php\/wp-json\/wp\/v2\/pages\/11412\/revisions\/987911"}],"wp:attachment":[{"href":"https:\/\/strepia.com\/index.php\/wp-json\/wp\/v2\/media?parent=11412"}],"curies":[{"name":"wp","href":"https:\/\/api.w.org\/{rel}","templated":true}]}}