{"id":12176,"date":"2017-04-21T10:20:39","date_gmt":"2017-04-21T10:20:39","guid":{"rendered":"https:\/\/strepia.com\/index.php\/aproach\/"},"modified":"2026-04-08T00:30:02","modified_gmt":"2026-04-07T22:30:02","slug":"notre-approche","status":"publish","type":"page","link":"https:\/\/strepia.com\/index.php\/a-propos-de-nous\/notre-approche\/","title":{"rendered":"Notre Approche"},"content":{"rendered":"<div class=\"vgblk-rw-wrapper limit-wrapper\">\n\n\t\t\t\t\t\t\t<img decoding=\"async\" src=\"https:\/\/strepia.com\/wp-content\/plugins\/beaver-builder-lite-version\/img\/pixel.png\" alt=\"\" itemprop=\"image\" onerror=\"this.style.display='none'\"  \/>\n<h2>\n\t\tLes \u00e9tapes de notre <br \/><strong>processus d&rsquo;accompagnement :<\/strong><strong>\n\t<\/strong><\/h2>\n\t<p>Chez <strong>Strepia<\/strong>, nous croyons que la cl\u00e9 du succ\u00e8s repose sur une compr\u00e9hension approfondie des besoins de nos clients et une collaboration \u00e9troite \u00e0 chaque \u00e9tape. Notre approche pragmatique et orient\u00e9e r\u00e9sultats garantit que chaque mission est men\u00e9e avec rigueur et adaptabilit\u00e9, tout en maintenant une synergie optimale avec vos \u00e9quipes.<\/p>\n\t\t\t\t\t\t\t<img fetchpriority=\"high\" fetchpriority=\"high\" decoding=\"async\" src=\"https:\/\/strepia.com\/wp-content\/uploads\/2024\/11\/5277.jpg\" alt=\"5277\" itemprop=\"image\" height=\"1500\" width=\"1000\" title=\"5277\" onerror=\"this.style.display='none'\"  sizes=\"(max-width: 768px) 100vw, 100vw\" srcset=\"https:\/\/strepia.com\/wp-content\/uploads\/2024\/11\/5277.jpg 1000w, https:\/\/strepia.com\/wp-content\/uploads\/2024\/11\/5277-200x300.jpg 200w, https:\/\/strepia.com\/wp-content\/uploads\/2024\/11\/5277-683x1024.jpg 683w, https:\/\/strepia.com\/wp-content\/uploads\/2024\/11\/5277-768x1152.jpg 768w, https:\/\/strepia.com\/wp-content\/uploads\/2024\/11\/5277-630x945.jpg 630w, https:\/\/strepia.com\/wp-content\/uploads\/2024\/11\/5277-420x630.jpg 420w, https:\/\/strepia.com\/wp-content\/uploads\/2024\/11\/5277-840x1260.jpg 840w, https:\/\/strepia.com\/wp-content\/uploads\/2024\/11\/5277-315x473.jpg 315w\" \/>\t\t\t\t\t\t\t\n\t\t\t\u00c9tape 1 : <br \/><strong>Prise de RDV et partage du besoin<\/strong>\n\t\t<blockquote><p>Nous commen\u00e7ons par comprendre vos objectifs, vos attentes et vos d\u00e9lais. Cette phase d&rsquo;\u00e9coute approfondie est cruciale pour bien cerner le contexte de votre projet, et ainsi, d\u00e9finir ensemble les meilleures pratiques \u00e0 mettre en \u0153uvre.<\/p><\/blockquote>\n\t\t\t\u00c9tape 2 : <br \/> <strong>Identification des talents<\/strong>  \n\t\t<blockquote><p>\u00c0 partir des besoins identifi\u00e9s, nous mobilisons notre r\u00e9seau d&rsquo;experts pour s\u00e9lectionner les consultants les plus adapt\u00e9s \u00e0 votre projet. Gr\u00e2ce \u00e0 notre vaste r\u00e9seau de talents sp\u00e9cialis\u00e9s en divers domaines, nous vous garantissons des profils qui poss\u00e8dent les comp\u00e9tences n\u00e9cessaires pour atteindre vos objectifs.<\/p><\/blockquote>\n\t\t\t\u00c9tape 3 :<br \/> <strong> S\u00e9lection des profils<\/strong>\n\t\t<blockquote><p>Nous vous proposons une s\u00e9lection de consultants qualifi\u00e9s en fonction de vos besoins sp\u00e9cifiques. Vos retours sont essentiels pour affiner notre recherche et assurer que chaque mission soit une r\u00e9ussite.<\/p><\/blockquote>\n\t\t\t\u00c9tape 4 : <br \/><strong>Int\u00e9gration et suivi<\/strong>\n\t\t<blockquote><p>Nous assurons l&rsquo;int\u00e9gration fluide des consultants dans vos \u00e9quipes. De plus, nous effectuons un suivi r\u00e9gulier tout au long de la mission pour garantir le succ\u00e8s de chaque \u00e9tape, en apportant des ajustements si n\u00e9cessaire.<\/p><\/blockquote>\n<h3>\n\t\tPourquoi avoir choisi cette approche ?\n\t<\/h3>\n\t<p>Nous avons choisi cette approche structur\u00e9e et collaborative pour une raison simple : elle est le reflet de notre engagement \u00e0 fournir des r\u00e9sultats concrets et durables \u00e0 nos clients, qui ont besoin de solutions flexibles et adapt\u00e9es \u00e0 leurs r\u00e9alit\u00e9s sp\u00e9cifiques. Cette approche garantit :<\/p>\n<ul>\n<li>\n<ul>\n<li>\n<ul>\n<li><strong>Une r\u00e9ponse aux besoins complexes de nos clients<\/strong><\/li>\n<\/ul>\n<\/li>\n<\/ul>\n<\/li>\n<\/ul>\n<p>Chaque entreprise est unique, et ses besoins le sont aussi. En pla\u00e7ant l&rsquo;\u00e9coute et la collaboration au c\u0153ur de notre processus, nous nous assurons de comprendre en profondeur les enjeux sp\u00e9cifiques de chaque projet. Cela nous permet de proposer des solutions sur-mesure qui r\u00e9pondent parfaitement aux objectifs d\u00e9finis.<\/p>\n<ul>\n<li>\n<ul>\n<li>\n<ul>\n<li><strong>Une expertise pointue \u00e0 chaque \u00e9tape<\/strong><\/li>\n<\/ul>\n<\/li>\n<\/ul>\n<\/li>\n<\/ul>\n<p>L&rsquo;identification des talents et leur int\u00e9gration ne sont pas des \u00e9tapes laiss\u00e9es au hasard. Nous avons opt\u00e9 pour une approche rigoureuse qui garantit que les consultants s\u00e9lectionn\u00e9s poss\u00e8dent l&rsquo;expertise fonctionnelle et technique adapt\u00e9e \u00e0 chaque mission. Notre suivi continu permet d&rsquo;ajuster les actions en fonction des d\u00e9fis rencontr\u00e9s en cours de route.<\/p>\n<ul>\n<li>\n<ul>\n<li>\n<ul>\n<li><strong>Garantir une flexibilit\u00e9 et une r\u00e9activit\u00e9 accrues<\/strong><\/li>\n<\/ul>\n<\/li>\n<\/ul>\n<\/li>\n<\/ul>\n<p>Dans un monde o\u00f9 les projets \u00e9voluent rapidement, il est primordial d&rsquo;\u00eatre agile. Notre approche permet d&rsquo;ajuster les ressources et les strat\u00e9gies en fonction des besoins en temps r\u00e9el, offrant ainsi \u00e0 nos clients la r\u00e9activit\u00e9 n\u00e9cessaire pour rester comp\u00e9titifs sur le march\u00e9.<\/p>\n<ul>\n<li>\n<ul>\n<li>\n<ul>\n<li><strong>Des r\u00e9sultats concrets et mesurables<\/strong><\/li>\n<\/ul>\n<\/li>\n<\/ul>\n<\/li>\n<\/ul>\n<p>Cette m\u00e9thodologie, qui repose sur la compr\u00e9hension, l&rsquo;adaptabilit\u00e9 et le suivi, garantit des r\u00e9sultats tangibles. Nous ne nous contentons pas de livrer des solutions, nous accompagnons nos clients jusqu&rsquo;\u00e0 l&rsquo;obtention des r\u00e9sultats escompt\u00e9s, en nous assurant que les objectifs sont atteints \u00e0 chaque \u00e9tape.<\/p>\n<p>En somme, nous avons choisi cette approche car elle est \u00e0 la fois <strong>humaine<\/strong> et <strong>pragmatique<\/strong>, offrant un <strong>cadre structur\u00e9<\/strong> tout en permettant une <strong>grande flexibilit\u00e9<\/strong> pour s&rsquo;adapter \u00e0 la r\u00e9alit\u00e9 de chaque projet. Elle repr\u00e9sente la vision que nous portons : des <strong>partenariats solides<\/strong>, des<strong> solutions efficaces<\/strong>, et un <strong>succ\u00e8s partag\u00e9 <\/strong>avec nos clients.<\/p>\n<p>&nbsp;<\/p>\n<blockquote><p><strong><a href=\"https:\/\/strepia.com\/index.php\/contact\/\">Contactez-nous d\u00e8s aujourd&rsquo;hui !<\/a><\/strong><\/p>\n<ul>\n<li><a href=\"https:\/\/www.linkedin.com\/company\/strepia\/\"><strong>LinkedIn :<\/strong>\u00a0<em>Strepia<\/em><\/a><\/li>\n<li><a href=\"mailto:contact@strepia.com\"><strong>Email :<\/strong>\u00a0<em>contact@strepia.com<\/em><\/a><\/li>\n<li><strong>Tel. :<\/strong>\u00a0(<em>+33) 6 22 45 19 85<\/em><\/li>\n<\/ul>\n<\/blockquote>\n\n<\/div><!-- .vgblk-rw-wrapper -->","protected":false},"excerpt":{"rendered":"<p>Les \u00e9tapes de notre processus d&rsquo;accompagnement : Chez Strepia, nous croyons que la cl\u00e9 du succ\u00e8s repose sur une compr\u00e9hension approfondie des besoins de nos clients et une collaboration \u00e9troite \u00e0 chaque \u00e9tape. Notre approche pragmatique et orient\u00e9e r\u00e9sultats garantit que chaque mission est men\u00e9e avec rigueur et adaptabilit\u00e9, tout en maintenant une synergie optimale&#8230;<\/p>\n","protected":false},"author":2,"featured_media":0,"parent":13345,"menu_order":0,"comment_status":"closed","ping_status":"closed","template":"","meta":{"inline_featured_image":false,"_uag_custom_page_level_css":"","footnotes":""},"class_list":["post-12176","page","type-page","status-publish","hentry"],"yoast_head":"<!-- This site is optimized with the Yoast SEO plugin v27.4 - https:\/\/yoast.com\/product\/yoast-seo-wordpress\/ -->\n<title>Notre Approche - Strepia<\/title>\n<meta name=\"description\" content=\"D\u00e9couvrez l\u2019approche Strepia : un processus d&#039;accompagnement , alliant agilit\u00e9, innovation et expertise pour relever les diff\u00e9rents d\u00e9fis.\" \/>\n<meta name=\"robots\" content=\"index, follow, max-snippet:-1, max-image-preview:large, max-video-preview:-1\" \/>\n<link rel=\"canonical\" href=\"https:\/\/strepia.com\/index.php\/a-propos-de-nous\/notre-approche\/\" \/>\n<meta property=\"og:locale\" content=\"fr_FR\" \/>\n<meta property=\"og:type\" content=\"article\" \/>\n<meta property=\"og:title\" content=\"Notre Approche - Strepia\" \/>\n<meta property=\"og:description\" content=\"D\u00e9couvrez l\u2019approche Strepia : un processus d&#039;accompagnement , alliant agilit\u00e9, innovation et expertise pour relever les diff\u00e9rents d\u00e9fis.\" \/>\n<meta property=\"og:url\" content=\"https:\/\/strepia.com\/index.php\/a-propos-de-nous\/notre-approche\/\" \/>\n<meta property=\"og:site_name\" content=\"Strepia\" \/>\n<meta property=\"article:modified_time\" content=\"2026-04-07T22:30:02+00:00\" \/>\n<meta property=\"og:image\" content=\"https:\/\/strepia.com\/wp-content\/plugins\/beaver-builder-lite-version\/img\/pixel.png\" \/>\n<meta name=\"twitter:card\" content=\"summary_large_image\" \/>\n<meta name=\"twitter:label1\" content=\"Dur\u00e9e de lecture estim\u00e9e\" \/>\n\t<meta name=\"twitter:data1\" content=\"3 minutes\" \/>\n<script type=\"application\/ld+json\" class=\"yoast-schema-graph\">{\"@context\":\"https:\\\/\\\/schema.org\",\"@graph\":[{\"@type\":\"WebPage\",\"@id\":\"https:\\\/\\\/strepia.com\\\/index.php\\\/a-propos-de-nous\\\/notre-approche\\\/\",\"url\":\"https:\\\/\\\/strepia.com\\\/index.php\\\/a-propos-de-nous\\\/notre-approche\\\/\",\"name\":\"Notre Approche - Strepia\",\"isPartOf\":{\"@id\":\"https:\\\/\\\/strepia.com\\\/#website\"},\"primaryImageOfPage\":{\"@id\":\"https:\\\/\\\/strepia.com\\\/index.php\\\/a-propos-de-nous\\\/notre-approche\\\/#primaryimage\"},\"image\":{\"@id\":\"https:\\\/\\\/strepia.com\\\/index.php\\\/a-propos-de-nous\\\/notre-approche\\\/#primaryimage\"},\"thumbnailUrl\":\"https:\\\/\\\/strepia.com\\\/wp-content\\\/plugins\\\/beaver-builder-lite-version\\\/img\\\/pixel.png\",\"datePublished\":\"2017-04-21T10:20:39+00:00\",\"dateModified\":\"2026-04-07T22:30:02+00:00\",\"description\":\"D\u00e9couvrez l\u2019approche Strepia : un processus d'accompagnement , alliant agilit\u00e9, innovation et expertise pour relever les diff\u00e9rents d\u00e9fis.\",\"breadcrumb\":{\"@id\":\"https:\\\/\\\/strepia.com\\\/index.php\\\/a-propos-de-nous\\\/notre-approche\\\/#breadcrumb\"},\"inLanguage\":\"fr-FR\",\"potentialAction\":[{\"@type\":\"ReadAction\",\"target\":[\"https:\\\/\\\/strepia.com\\\/index.php\\\/a-propos-de-nous\\\/notre-approche\\\/\"]}]},{\"@type\":\"ImageObject\",\"inLanguage\":\"fr-FR\",\"@id\":\"https:\\\/\\\/strepia.com\\\/index.php\\\/a-propos-de-nous\\\/notre-approche\\\/#primaryimage\",\"url\":\"https:\\\/\\\/strepia.com\\\/wp-content\\\/plugins\\\/beaver-builder-lite-version\\\/img\\\/pixel.png\",\"contentUrl\":\"https:\\\/\\\/strepia.com\\\/wp-content\\\/plugins\\\/beaver-builder-lite-version\\\/img\\\/pixel.png\"},{\"@type\":\"BreadcrumbList\",\"@id\":\"https:\\\/\\\/strepia.com\\\/index.php\\\/a-propos-de-nous\\\/notre-approche\\\/#breadcrumb\",\"itemListElement\":[{\"@type\":\"ListItem\",\"position\":1,\"name\":\"Home\",\"item\":\"https:\\\/\\\/strepia.com\\\/\"},{\"@type\":\"ListItem\",\"position\":2,\"name\":\"\u00c0 propos de nous\",\"item\":\"https:\\\/\\\/strepia.com\\\/index.php\\\/a-propos-de-nous\\\/\"},{\"@type\":\"ListItem\",\"position\":3,\"name\":\"Notre Approche\"}]},{\"@type\":\"WebSite\",\"@id\":\"https:\\\/\\\/strepia.com\\\/#website\",\"url\":\"https:\\\/\\\/strepia.com\\\/\",\"name\":\"Strepia\",\"description\":\"\",\"publisher\":{\"@id\":\"https:\\\/\\\/strepia.com\\\/#organization\"},\"potentialAction\":[{\"@type\":\"SearchAction\",\"target\":{\"@type\":\"EntryPoint\",\"urlTemplate\":\"https:\\\/\\\/strepia.com\\\/?s={search_term_string}\"},\"query-input\":{\"@type\":\"PropertyValueSpecification\",\"valueRequired\":true,\"valueName\":\"search_term_string\"}}],\"inLanguage\":\"fr-FR\"},{\"@type\":\"Organization\",\"@id\":\"https:\\\/\\\/strepia.com\\\/#organization\",\"name\":\"Strepia\",\"url\":\"https:\\\/\\\/strepia.com\\\/\",\"logo\":{\"@type\":\"ImageObject\",\"inLanguage\":\"fr-FR\",\"@id\":\"https:\\\/\\\/strepia.com\\\/#\\\/schema\\\/logo\\\/image\\\/\",\"url\":\"https:\\\/\\\/strepia.com\\\/wp-content\\\/uploads\\\/2024\\\/08\\\/cropped-cropped-Strepia-450x150-1.png\",\"contentUrl\":\"https:\\\/\\\/strepia.com\\\/wp-content\\\/uploads\\\/2024\\\/08\\\/cropped-cropped-Strepia-450x150-1.png\",\"width\":355,\"height\":150,\"caption\":\"Strepia\"},\"image\":{\"@id\":\"https:\\\/\\\/strepia.com\\\/#\\\/schema\\\/logo\\\/image\\\/\"}}]}<\/script>\n<!-- \/ Yoast SEO plugin. -->","yoast_head_json":{"title":"Notre Approche - Strepia","description":"D\u00e9couvrez l\u2019approche Strepia : un processus d'accompagnement , alliant agilit\u00e9, innovation et expertise pour relever les diff\u00e9rents d\u00e9fis.","robots":{"index":"index","follow":"follow","max-snippet":"max-snippet:-1","max-image-preview":"max-image-preview:large","max-video-preview":"max-video-preview:-1"},"canonical":"https:\/\/strepia.com\/index.php\/a-propos-de-nous\/notre-approche\/","og_locale":"fr_FR","og_type":"article","og_title":"Notre Approche - Strepia","og_description":"D\u00e9couvrez l\u2019approche Strepia : un processus d'accompagnement , alliant agilit\u00e9, innovation et expertise pour relever les diff\u00e9rents d\u00e9fis.","og_url":"https:\/\/strepia.com\/index.php\/a-propos-de-nous\/notre-approche\/","og_site_name":"Strepia","article_modified_time":"2026-04-07T22:30:02+00:00","og_image":[{"url":"https:\/\/strepia.com\/wp-content\/plugins\/beaver-builder-lite-version\/img\/pixel.png","type":"","width":"","height":""}],"twitter_card":"summary_large_image","twitter_misc":{"Dur\u00e9e de lecture estim\u00e9e":"3 minutes"},"schema":{"@context":"https:\/\/schema.org","@graph":[{"@type":"WebPage","@id":"https:\/\/strepia.com\/index.php\/a-propos-de-nous\/notre-approche\/","url":"https:\/\/strepia.com\/index.php\/a-propos-de-nous\/notre-approche\/","name":"Notre Approche - Strepia","isPartOf":{"@id":"https:\/\/strepia.com\/#website"},"primaryImageOfPage":{"@id":"https:\/\/strepia.com\/index.php\/a-propos-de-nous\/notre-approche\/#primaryimage"},"image":{"@id":"https:\/\/strepia.com\/index.php\/a-propos-de-nous\/notre-approche\/#primaryimage"},"thumbnailUrl":"https:\/\/strepia.com\/wp-content\/plugins\/beaver-builder-lite-version\/img\/pixel.png","datePublished":"2017-04-21T10:20:39+00:00","dateModified":"2026-04-07T22:30:02+00:00","description":"D\u00e9couvrez l\u2019approche Strepia : un processus d'accompagnement , alliant agilit\u00e9, innovation et expertise pour relever les diff\u00e9rents d\u00e9fis.","breadcrumb":{"@id":"https:\/\/strepia.com\/index.php\/a-propos-de-nous\/notre-approche\/#breadcrumb"},"inLanguage":"fr-FR","potentialAction":[{"@type":"ReadAction","target":["https:\/\/strepia.com\/index.php\/a-propos-de-nous\/notre-approche\/"]}]},{"@type":"ImageObject","inLanguage":"fr-FR","@id":"https:\/\/strepia.com\/index.php\/a-propos-de-nous\/notre-approche\/#primaryimage","url":"https:\/\/strepia.com\/wp-content\/plugins\/beaver-builder-lite-version\/img\/pixel.png","contentUrl":"https:\/\/strepia.com\/wp-content\/plugins\/beaver-builder-lite-version\/img\/pixel.png"},{"@type":"BreadcrumbList","@id":"https:\/\/strepia.com\/index.php\/a-propos-de-nous\/notre-approche\/#breadcrumb","itemListElement":[{"@type":"ListItem","position":1,"name":"Home","item":"https:\/\/strepia.com\/"},{"@type":"ListItem","position":2,"name":"\u00c0 propos de nous","item":"https:\/\/strepia.com\/index.php\/a-propos-de-nous\/"},{"@type":"ListItem","position":3,"name":"Notre Approche"}]},{"@type":"WebSite","@id":"https:\/\/strepia.com\/#website","url":"https:\/\/strepia.com\/","name":"Strepia","description":"","publisher":{"@id":"https:\/\/strepia.com\/#organization"},"potentialAction":[{"@type":"SearchAction","target":{"@type":"EntryPoint","urlTemplate":"https:\/\/strepia.com\/?s={search_term_string}"},"query-input":{"@type":"PropertyValueSpecification","valueRequired":true,"valueName":"search_term_string"}}],"inLanguage":"fr-FR"},{"@type":"Organization","@id":"https:\/\/strepia.com\/#organization","name":"Strepia","url":"https:\/\/strepia.com\/","logo":{"@type":"ImageObject","inLanguage":"fr-FR","@id":"https:\/\/strepia.com\/#\/schema\/logo\/image\/","url":"https:\/\/strepia.com\/wp-content\/uploads\/2024\/08\/cropped-cropped-Strepia-450x150-1.png","contentUrl":"https:\/\/strepia.com\/wp-content\/uploads\/2024\/08\/cropped-cropped-Strepia-450x150-1.png","width":355,"height":150,"caption":"Strepia"},"image":{"@id":"https:\/\/strepia.com\/#\/schema\/logo\/image\/"}}]}},"uagb_featured_image_src":{"full":false,"thumbnail":false,"medium":false,"medium_large":false,"large":false,"1536x1536":false,"2048x2048":false,"vamtam-single":false,"vamtam-normal-1":false,"vamtam-loop-1":false,"vamtam-normal-2":false,"vamtam-normal-featured-2":false,"vamtam-loop-2":false,"vamtam-loop-featured-2":false,"vamtam-normal-3":false,"vamtam-normal-featured-3":false,"vamtam-loop-3":false,"vamtam-loop-featured-3":false,"vamtam-normal-4":false,"vamtam-normal-featured-4":false,"vamtam-loop-4":false,"vamtam-loop-featured-4":false,"woocommerce_thumbnail":false,"woocommerce_single":false,"woocommerce_gallery_thumbnail":false},"uagb_author_info":{"display_name":"Amine Ettalbi","author_link":"https:\/\/strepia.com\/index.php\/author\/amine-ettalbi\/"},"uagb_comment_info":0,"uagb_excerpt":"Les \u00e9tapes de notre processus d&rsquo;accompagnement : Chez Strepia, nous croyons que la cl\u00e9 du succ\u00e8s repose sur une compr\u00e9hension approfondie des besoins de nos clients et une collaboration \u00e9troite \u00e0 chaque \u00e9tape. Notre approche pragmatique et orient\u00e9e r\u00e9sultats garantit que chaque mission est men\u00e9e avec rigueur et adaptabilit\u00e9, tout en maintenant une synergie optimale...","_links":{"self":[{"href":"https:\/\/strepia.com\/index.php\/wp-json\/wp\/v2\/pages\/12176","targetHints":{"allow":["GET"]}}],"collection":[{"href":"https:\/\/strepia.com\/index.php\/wp-json\/wp\/v2\/pages"}],"about":[{"href":"https:\/\/strepia.com\/index.php\/wp-json\/wp\/v2\/types\/page"}],"author":[{"embeddable":true,"href":"https:\/\/strepia.com\/index.php\/wp-json\/wp\/v2\/users\/2"}],"replies":[{"embeddable":true,"href":"https:\/\/strepia.com\/index.php\/wp-json\/wp\/v2\/comments?post=12176"}],"version-history":[{"count":15,"href":"https:\/\/strepia.com\/index.php\/wp-json\/wp\/v2\/pages\/12176\/revisions"}],"predecessor-version":[{"id":988114,"href":"https:\/\/strepia.com\/index.php\/wp-json\/wp\/v2\/pages\/12176\/revisions\/988114"}],"up":[{"embeddable":true,"href":"https:\/\/strepia.com\/index.php\/wp-json\/wp\/v2\/pages\/13345"}],"wp:attachment":[{"href":"https:\/\/strepia.com\/index.php\/wp-json\/wp\/v2\/media?parent=12176"}],"curies":[{"name":"wp","href":"https:\/\/api.w.org\/{rel}","templated":true}]}}