{"id":12320,"date":"2017-04-25T22:40:51","date_gmt":"2017-04-25T22:40:51","guid":{"rendered":"https:\/\/strepia.com\/index.php\/industries-served\/"},"modified":"2026-04-08T00:29:40","modified_gmt":"2026-04-07T22:29:40","slug":"notre-expertise-et-nos-services","status":"publish","type":"page","link":"https:\/\/strepia.com\/index.php\/notre-expertise-et-nos-services\/","title":{"rendered":"Notre Expertise et Nos Services"},"content":{"rendered":"<div class=\"vgblk-rw-wrapper limit-wrapper\">\n<h2>\n\t\tNotre <strong>Expertise<\/strong><br \/>et Nos  <strong>Services<\/strong>\n\t<\/h2>\n\t<p>Chez <strong>Strepia<\/strong>, nous sommes sp\u00e9cialis\u00e9s dans la transformation digitale et op\u00e9rationnelle des entreprises de la <strong>Supply Chain<\/strong> et du <strong>Manufacturing<\/strong>. Nous offrons une expertise pointue et des services sur-mesure pour r\u00e9pondre aux d\u00e9fis sp\u00e9cifiques de chaque client. De l&rsquo;analyse des processus \u00e0 la mise en \u0153uvre de solutions technologiques, nous accompagnons nos clients \u00e0 chaque \u00e9tape de leur projet, en garantissant des r\u00e9sultats concrets et mesurables.<\/p>\n<h3>\n\t\tNotre expertise\n\t<\/h3>\n\t<p>Notre expertise repose sur des ann\u00e9es d&rsquo;exp\u00e9rience dans des secteurs vari\u00e9s. Nous proposons une approche pragmatique et personnalis\u00e9e, qui s&rsquo;adapte aux besoins et aux objectifs strat\u00e9giques de chaque client. D\u00e9couvrez nos principaux axes d&rsquo;expertise :<\/p>\n\t\t\tNotre savoir-faire\t\t\n\t\t\tNos secteurs d&rsquo;activit\u00e9\t\t\n\t\t\tNotre r\u00e9seau d&rsquo;experts\t\t\n\t\t\t\t<blockquote><p>Nous aidons nos clients \u00e0 optimiser leurs processus logistiques et industriels, en int\u00e9grant des technologies de pointe pour am\u00e9liorer leur performance et leur comp\u00e9titivit\u00e9. Nos solutions sont con\u00e7ues pour maximiser l&rsquo;efficacit\u00e9, r\u00e9duire les co\u00fbts, et am\u00e9liorer la qualit\u00e9.<\/p><\/blockquote><a href=\"https:\/\/strepia.com\/index.php\/notre-expertise-et-nos-services\/notre-savoir-faire\/\">En savoir plus \u2794<\/a>\t\t\t\n\t\t\t\t<blockquote><p>Nous intervenons dans plusieurs secteurs cl\u00e9s, tels que le luxe, l&rsquo;automobile et la grande distribution. Chaque secteur pr\u00e9sente des d\u00e9fis uniques, et nous adaptons nos solutions en cons\u00e9quence pour garantir des r\u00e9sultats optimaux.<\/p><\/blockquote><a href=\"https:\/\/strepia.com\/index.php\/notre-expertise-et-nos-services\/nos-secteurs-dactivite\/\">En savoir plus \u2794<\/a>\t\t\t\n\t\t\t\t<blockquote><p>Notre r\u00e9seau d&rsquo;experts regroupe des consultants de haut niveau, s\u00e9lectionn\u00e9s pour leur ma\u00eetrise des technologies avanc\u00e9es et leur compr\u00e9hension des enjeux strat\u00e9giques. Nous mobilisons rapidement les talents n\u00e9cessaires pour r\u00e9pondre aux besoins sp\u00e9cifiques de chaque projet.<\/p><\/blockquote><a href=\"https:\/\/strepia.com\/index.php\/notre-expertise-et-nos-services\/notre-reseau-dexperts\/\">En savoir plus \u2794<\/a>\t\t\t\n<h3>\n\t\tNos services\n\t<\/h3>\n\t<p>Nous proposons une gamme compl\u00e8te de services pour accompagner nos clients tout au long de leur transformation. De l&rsquo;\u00e9tude d&rsquo;avant-projet \u00e0 la mise en \u0153uvre des solutions, en passant par la gestion de projets complexes, nous mettons notre savoir-faire au service de votre performance.<\/p>\n<p>&nbsp;<\/p>\n\t\t\t\u00c9tudes d&rsquo;avant-projet et expertise en Supply Chain\t\t\n\t\t\tGestion de projet et transition\t\t\n\t\t\tConseil et int\u00e9gration de solutions\t\t\n\t\t\t\t<blockquote><p>Nous r\u00e9alisons des audits et des analyses approfondies pour identifier les leviers d&rsquo;optimisation et proposer des solutions adapt\u00e9es \u00e0 vos besoins sp\u00e9cifiques. Nos experts vous aident \u00e0 moderniser vos infrastructures et \u00e0 renforcer votre comp\u00e9titivit\u00e9.\u00a0<\/p><\/blockquote><a href=\"https:\/\/strepia.com\/index.php\/notre-expertise-et-nos-services\/etudes-davant-projet-et-expertise-en-supply-chain\/\">En savoir plus \u2794<\/a>\t\t\t\n\t\t\t\t<blockquote><p>Nous assurons la gestion compl\u00e8te de vos projets, en veillant \u00e0 la coordination des \u00e9quipes et au respect des d\u00e9lais et des budgets. Nos consultants vous accompagnent \u00e9galement dans les phases de transition pour garantir une mise en \u0153uvre sans accroc.<\/p><\/blockquote><a href=\"https:\/\/strepia.com\/index.php\/notre-expertise-et-nos-services\/gestion-de-projets-et-transition\/\">En savoir plus \u2794<\/a>\t\t\t\n\t\t\t\t<blockquote><p>Nous vous aidons \u00e0 int\u00e9grer des technologies avanc\u00e9es dans vos op\u00e9rations. Nos services incluent l&rsquo;audit, l&rsquo;int\u00e9gration de logiciels (WMS, TMS, MES), et la gestion des flux de donn\u00e9es pour garantir une automatisation optimale.<\/p><\/blockquote><a href=\"https:\/\/strepia.com\/index.php\/notre-expertise-et-nos-services\/conseil-et-integration-de-solutions\/\">En savoir plus \u2794<\/a>\t\t\t\n\t<p>Nous croyons fermement en l&rsquo;importance d&rsquo;un accompagnement de proximit\u00e9 et d&rsquo;une collaboration continue pour garantir la r\u00e9ussite de vos projets. Avec <strong>Strepia<\/strong>, vous b\u00e9n\u00e9ficiez non seulement de solutions techniques de pointe, mais aussi d&rsquo;une expertise humaine et d&rsquo;un engagement \u00e0 long terme pour vous aider \u00e0 atteindre des r\u00e9sultats concrets et durables.<\/p>\n<blockquote><p><strong>N&rsquo;h\u00e9sitez pas \u00e0 nous contacter d\u00e8s aujourd&rsquo;hui<\/strong> pour discuter de vos besoins sp\u00e9cifiques et d\u00e9couvrir comment nous pouvons vous aider \u00e0 transformer votre<\/p><\/blockquote>\n\n<\/div><!-- .vgblk-rw-wrapper -->","protected":false},"excerpt":{"rendered":"<p>Notre Expertiseet Nos Services Chez Strepia, nous sommes sp\u00e9cialis\u00e9s dans la transformation digitale et op\u00e9rationnelle des entreprises de la Supply Chain et du Manufacturing. Nous offrons une expertise pointue et des services sur-mesure pour r\u00e9pondre aux d\u00e9fis sp\u00e9cifiques de chaque client. De l&rsquo;analyse des processus \u00e0 la mise en \u0153uvre de solutions technologiques, nous accompagnons&#8230;<\/p>\n","protected":false},"author":2,"featured_media":0,"parent":0,"menu_order":0,"comment_status":"closed","ping_status":"closed","template":"","meta":{"inline_featured_image":false,"_uag_custom_page_level_css":"","footnotes":""},"class_list":["post-12320","page","type-page","status-publish","hentry"],"yoast_head":"<!-- This site is optimized with the Yoast SEO plugin v27.4 - https:\/\/yoast.com\/product\/yoast-seo-wordpress\/ -->\n<title>Notre Expertise et Nos Services - Strepia<\/title>\n<meta name=\"robots\" content=\"index, follow, max-snippet:-1, max-image-preview:large, max-video-preview:-1\" \/>\n<link rel=\"canonical\" href=\"https:\/\/strepia.com\/index.php\/notre-expertise-et-nos-services\/\" \/>\n<meta property=\"og:locale\" content=\"fr_FR\" \/>\n<meta property=\"og:type\" content=\"article\" \/>\n<meta property=\"og:title\" content=\"Notre Expertise et Nos Services - Strepia\" \/>\n<meta property=\"og:description\" content=\"Notre Expertiseet Nos Services Chez Strepia, nous sommes sp\u00e9cialis\u00e9s dans la transformation digitale et op\u00e9rationnelle des entreprises de la Supply Chain et du Manufacturing. Nous offrons une expertise pointue et des services sur-mesure pour r\u00e9pondre aux d\u00e9fis sp\u00e9cifiques de chaque client. De l&rsquo;analyse des processus \u00e0 la mise en \u0153uvre de solutions technologiques, nous accompagnons...\" \/>\n<meta property=\"og:url\" content=\"https:\/\/strepia.com\/index.php\/notre-expertise-et-nos-services\/\" \/>\n<meta property=\"og:site_name\" content=\"Strepia\" \/>\n<meta property=\"article:modified_time\" content=\"2026-04-07T22:29:40+00:00\" \/>\n<meta name=\"twitter:card\" content=\"summary_large_image\" \/>\n<meta name=\"twitter:label1\" content=\"Dur\u00e9e de lecture estim\u00e9e\" \/>\n\t<meta name=\"twitter:data1\" content=\"3 minutes\" \/>\n<script type=\"application\/ld+json\" class=\"yoast-schema-graph\">{\"@context\":\"https:\\\/\\\/schema.org\",\"@graph\":[{\"@type\":\"WebPage\",\"@id\":\"https:\\\/\\\/strepia.com\\\/index.php\\\/notre-expertise-et-nos-services\\\/\",\"url\":\"https:\\\/\\\/strepia.com\\\/index.php\\\/notre-expertise-et-nos-services\\\/\",\"name\":\"Notre Expertise et Nos Services - Strepia\",\"isPartOf\":{\"@id\":\"https:\\\/\\\/strepia.com\\\/#website\"},\"datePublished\":\"2017-04-25T22:40:51+00:00\",\"dateModified\":\"2026-04-07T22:29:40+00:00\",\"breadcrumb\":{\"@id\":\"https:\\\/\\\/strepia.com\\\/index.php\\\/notre-expertise-et-nos-services\\\/#breadcrumb\"},\"inLanguage\":\"fr-FR\",\"potentialAction\":[{\"@type\":\"ReadAction\",\"target\":[\"https:\\\/\\\/strepia.com\\\/index.php\\\/notre-expertise-et-nos-services\\\/\"]}]},{\"@type\":\"BreadcrumbList\",\"@id\":\"https:\\\/\\\/strepia.com\\\/index.php\\\/notre-expertise-et-nos-services\\\/#breadcrumb\",\"itemListElement\":[{\"@type\":\"ListItem\",\"position\":1,\"name\":\"Home\",\"item\":\"https:\\\/\\\/strepia.com\\\/\"},{\"@type\":\"ListItem\",\"position\":2,\"name\":\"Notre Expertise et Nos Services\"}]},{\"@type\":\"WebSite\",\"@id\":\"https:\\\/\\\/strepia.com\\\/#website\",\"url\":\"https:\\\/\\\/strepia.com\\\/\",\"name\":\"Strepia\",\"description\":\"\",\"publisher\":{\"@id\":\"https:\\\/\\\/strepia.com\\\/#organization\"},\"potentialAction\":[{\"@type\":\"SearchAction\",\"target\":{\"@type\":\"EntryPoint\",\"urlTemplate\":\"https:\\\/\\\/strepia.com\\\/?s={search_term_string}\"},\"query-input\":{\"@type\":\"PropertyValueSpecification\",\"valueRequired\":true,\"valueName\":\"search_term_string\"}}],\"inLanguage\":\"fr-FR\"},{\"@type\":\"Organization\",\"@id\":\"https:\\\/\\\/strepia.com\\\/#organization\",\"name\":\"Strepia\",\"url\":\"https:\\\/\\\/strepia.com\\\/\",\"logo\":{\"@type\":\"ImageObject\",\"inLanguage\":\"fr-FR\",\"@id\":\"https:\\\/\\\/strepia.com\\\/#\\\/schema\\\/logo\\\/image\\\/\",\"url\":\"https:\\\/\\\/strepia.com\\\/wp-content\\\/uploads\\\/2024\\\/08\\\/cropped-cropped-Strepia-450x150-1.png\",\"contentUrl\":\"https:\\\/\\\/strepia.com\\\/wp-content\\\/uploads\\\/2024\\\/08\\\/cropped-cropped-Strepia-450x150-1.png\",\"width\":355,\"height\":150,\"caption\":\"Strepia\"},\"image\":{\"@id\":\"https:\\\/\\\/strepia.com\\\/#\\\/schema\\\/logo\\\/image\\\/\"}}]}<\/script>\n<!-- \/ Yoast SEO plugin. -->","yoast_head_json":{"title":"Notre Expertise et Nos Services - Strepia","robots":{"index":"index","follow":"follow","max-snippet":"max-snippet:-1","max-image-preview":"max-image-preview:large","max-video-preview":"max-video-preview:-1"},"canonical":"https:\/\/strepia.com\/index.php\/notre-expertise-et-nos-services\/","og_locale":"fr_FR","og_type":"article","og_title":"Notre Expertise et Nos Services - Strepia","og_description":"Notre Expertiseet Nos Services Chez Strepia, nous sommes sp\u00e9cialis\u00e9s dans la transformation digitale et op\u00e9rationnelle des entreprises de la Supply Chain et du Manufacturing. Nous offrons une expertise pointue et des services sur-mesure pour r\u00e9pondre aux d\u00e9fis sp\u00e9cifiques de chaque client. De l&rsquo;analyse des processus \u00e0 la mise en \u0153uvre de solutions technologiques, nous accompagnons...","og_url":"https:\/\/strepia.com\/index.php\/notre-expertise-et-nos-services\/","og_site_name":"Strepia","article_modified_time":"2026-04-07T22:29:40+00:00","twitter_card":"summary_large_image","twitter_misc":{"Dur\u00e9e de lecture estim\u00e9e":"3 minutes"},"schema":{"@context":"https:\/\/schema.org","@graph":[{"@type":"WebPage","@id":"https:\/\/strepia.com\/index.php\/notre-expertise-et-nos-services\/","url":"https:\/\/strepia.com\/index.php\/notre-expertise-et-nos-services\/","name":"Notre Expertise et Nos Services - Strepia","isPartOf":{"@id":"https:\/\/strepia.com\/#website"},"datePublished":"2017-04-25T22:40:51+00:00","dateModified":"2026-04-07T22:29:40+00:00","breadcrumb":{"@id":"https:\/\/strepia.com\/index.php\/notre-expertise-et-nos-services\/#breadcrumb"},"inLanguage":"fr-FR","potentialAction":[{"@type":"ReadAction","target":["https:\/\/strepia.com\/index.php\/notre-expertise-et-nos-services\/"]}]},{"@type":"BreadcrumbList","@id":"https:\/\/strepia.com\/index.php\/notre-expertise-et-nos-services\/#breadcrumb","itemListElement":[{"@type":"ListItem","position":1,"name":"Home","item":"https:\/\/strepia.com\/"},{"@type":"ListItem","position":2,"name":"Notre Expertise et Nos Services"}]},{"@type":"WebSite","@id":"https:\/\/strepia.com\/#website","url":"https:\/\/strepia.com\/","name":"Strepia","description":"","publisher":{"@id":"https:\/\/strepia.com\/#organization"},"potentialAction":[{"@type":"SearchAction","target":{"@type":"EntryPoint","urlTemplate":"https:\/\/strepia.com\/?s={search_term_string}"},"query-input":{"@type":"PropertyValueSpecification","valueRequired":true,"valueName":"search_term_string"}}],"inLanguage":"fr-FR"},{"@type":"Organization","@id":"https:\/\/strepia.com\/#organization","name":"Strepia","url":"https:\/\/strepia.com\/","logo":{"@type":"ImageObject","inLanguage":"fr-FR","@id":"https:\/\/strepia.com\/#\/schema\/logo\/image\/","url":"https:\/\/strepia.com\/wp-content\/uploads\/2024\/08\/cropped-cropped-Strepia-450x150-1.png","contentUrl":"https:\/\/strepia.com\/wp-content\/uploads\/2024\/08\/cropped-cropped-Strepia-450x150-1.png","width":355,"height":150,"caption":"Strepia"},"image":{"@id":"https:\/\/strepia.com\/#\/schema\/logo\/image\/"}}]}},"uagb_featured_image_src":{"full":false,"thumbnail":false,"medium":false,"medium_large":false,"large":false,"1536x1536":false,"2048x2048":false,"vamtam-single":false,"vamtam-normal-1":false,"vamtam-loop-1":false,"vamtam-normal-2":false,"vamtam-normal-featured-2":false,"vamtam-loop-2":false,"vamtam-loop-featured-2":false,"vamtam-normal-3":false,"vamtam-normal-featured-3":false,"vamtam-loop-3":false,"vamtam-loop-featured-3":false,"vamtam-normal-4":false,"vamtam-normal-featured-4":false,"vamtam-loop-4":false,"vamtam-loop-featured-4":false,"woocommerce_thumbnail":false,"woocommerce_single":false,"woocommerce_gallery_thumbnail":false},"uagb_author_info":{"display_name":"Amine Ettalbi","author_link":"https:\/\/strepia.com\/index.php\/author\/amine-ettalbi\/"},"uagb_comment_info":0,"uagb_excerpt":"Notre Expertiseet Nos Services Chez Strepia, nous sommes sp\u00e9cialis\u00e9s dans la transformation digitale et op\u00e9rationnelle des entreprises de la Supply Chain et du Manufacturing. Nous offrons une expertise pointue et des services sur-mesure pour r\u00e9pondre aux d\u00e9fis sp\u00e9cifiques de chaque client. De l&rsquo;analyse des processus \u00e0 la mise en \u0153uvre de solutions technologiques, nous accompagnons...","_links":{"self":[{"href":"https:\/\/strepia.com\/index.php\/wp-json\/wp\/v2\/pages\/12320","targetHints":{"allow":["GET"]}}],"collection":[{"href":"https:\/\/strepia.com\/index.php\/wp-json\/wp\/v2\/pages"}],"about":[{"href":"https:\/\/strepia.com\/index.php\/wp-json\/wp\/v2\/types\/page"}],"author":[{"embeddable":true,"href":"https:\/\/strepia.com\/index.php\/wp-json\/wp\/v2\/users\/2"}],"replies":[{"embeddable":true,"href":"https:\/\/strepia.com\/index.php\/wp-json\/wp\/v2\/comments?post=12320"}],"version-history":[{"count":6,"href":"https:\/\/strepia.com\/index.php\/wp-json\/wp\/v2\/pages\/12320\/revisions"}],"predecessor-version":[{"id":987943,"href":"https:\/\/strepia.com\/index.php\/wp-json\/wp\/v2\/pages\/12320\/revisions\/987943"}],"wp:attachment":[{"href":"https:\/\/strepia.com\/index.php\/wp-json\/wp\/v2\/media?parent=12320"}],"curies":[{"name":"wp","href":"https:\/\/api.w.org\/{rel}","templated":true}]}}