{"id":12350,"date":"2017-04-26T15:07:13","date_gmt":"2017-04-26T15:07:13","guid":{"rendered":"https:\/\/strepia.com\/index.php\/industries-served\/automotive-manifacturing\/"},"modified":"2026-04-08T00:29:41","modified_gmt":"2026-04-07T22:29:41","slug":"notre-savoir-faire","status":"publish","type":"page","link":"https:\/\/strepia.com\/index.php\/notre-expertise-et-nos-services\/notre-savoir-faire\/","title":{"rendered":"Notre Savoir-faire"},"content":{"rendered":"<div class=\"vgblk-rw-wrapper limit-wrapper\">\n<h2>\n\tNotre<br \/><strong>Savoir-faire <\/strong>\n\t<\/h2>\n\t<p>Chez <strong>Strepia<\/strong>, notre savoir-faire repose sur une expertise pointue dans la <strong>Supply Chain<\/strong> et le <strong>Manufacturing<\/strong>, alli\u00e9e \u00e0 une parfaite ma\u00eetrise des technologies avanc\u00e9es. Nous mettons nos comp\u00e9tences au service de nos clients pour les accompagner dans la transformation de leurs op\u00e9rations, en leur offrant des solutions sur-mesure, innovantes et adapt\u00e9es \u00e0 leurs besoins.<\/p>\n<h3>\n\t\tOptimisation des processus logistiques et industriels\n\t<\/h3>\n\t<p>Nous aidons nos clients \u00e0 identifier et \u00e0 mettre en \u0153uvre des strat\u00e9gies d&rsquo;optimisation pour maximiser l&rsquo;efficacit\u00e9 de leurs processus. Nos experts interviennent sur l&rsquo;ensemble de la cha\u00eene de valeur pour analyser les flux logistiques, rationaliser les op\u00e9rations et r\u00e9duire les co\u00fbts tout en am\u00e9liorant la qualit\u00e9 des services.<\/p>\n<ul>\n<li>Analyse des flux et identification des leviers de performance<\/li>\n<li>Automatisation des processus industriels et logistiques<\/li>\n<li>Am\u00e9lioration continue et gestion de la qualit\u00e9<\/li>\n<\/ul>\n<h3>\n\t\tInt\u00e9gration des technologies avanc\u00e9es\n\t<\/h3>\n\t<p>Dans un environnement en perp\u00e9tuelle \u00e9volution, l&rsquo;int\u00e9gration de technologies est cruciale pour rester comp\u00e9titif. Chez Strepia, nous sommes sp\u00e9cialis\u00e9s dans la mise en place de syst\u00e8mes comme les <strong>WMS<\/strong> (Warehouse Management Systems), <strong>TMS<\/strong> (Transport Management Systems), et <strong>MES<\/strong> (Manufacturing Execution Systems), permettant \u00e0 nos clients d&rsquo;automatiser et de digitaliser leurs op\u00e9rations.<\/p>\n<ul>\n<li>Int\u00e9gration des solutions logicielles de gestion de la Supply Chain et du Manufacturing<\/li>\n<li>Mise en place de syst\u00e8mes intelligents pour la gestion des stocks, des entrep\u00f4ts et des flux<\/li>\n<li>Gestion des donn\u00e9es en temps r\u00e9el pour une prise de d\u00e9cision \u00e9clair\u00e9e<\/li>\n<\/ul>\n<h3>\n\t\tGestion de projets complexes\n\t<\/h3>\n\t<p>Nous accompagnons nos clients dans la gestion de projets de grande envergure, depuis l&rsquo;analyse initiale jusqu&rsquo;\u00e0 la mise en \u0153uvre des solutions. Gr\u00e2ce \u00e0 une m\u00e9thodologie rigoureuse et \u00e0 notre exp\u00e9rience dans la gestion de projets complexes, nous assurons un d\u00e9ploiement efficace et une transition fluide pour chaque mission.<\/p>\n<ul>\n<li>Conception et pilotage de projets<\/li>\n<li>Coordination des \u00e9quipes internes et externes<\/li>\n<li>Suivi rigoureux des d\u00e9lais et des budgets<\/li>\n<\/ul>\n\t<p><strong>Strepia s&rsquo;engage \u00e0 offrir \u00e0 ses clients un savoir-faire unique, alliant expertise technique et vision strat\u00e9gique.<\/strong> Nous sommes l\u00e0 pour transformer vos op\u00e9rations, moderniser vos infrastructures et garantir un accompagnement \u00e0 la hauteur de vos ambitions.<\/p>\n<p>Pour en savoir plus sur nos solutions ou discuter de vos projets, <strong>contactez-nous d\u00e8s aujourd&rsquo;hui<\/strong>.<\/p>\n\n<\/div><!-- .vgblk-rw-wrapper -->","protected":false},"excerpt":{"rendered":"<p>NotreSavoir-faire Chez Strepia, notre savoir-faire repose sur une expertise pointue dans la Supply Chain et le Manufacturing, alli\u00e9e \u00e0 une parfaite ma\u00eetrise des technologies avanc\u00e9es. Nous mettons nos comp\u00e9tences au service de nos clients pour les accompagner dans la transformation de leurs op\u00e9rations, en leur offrant des solutions sur-mesure, innovantes et adapt\u00e9es \u00e0 leurs besoins&#8230;.<\/p>\n","protected":false},"author":2,"featured_media":0,"parent":12320,"menu_order":0,"comment_status":"closed","ping_status":"closed","template":"","meta":{"inline_featured_image":false,"_uag_custom_page_level_css":"","footnotes":""},"class_list":["post-12350","page","type-page","status-publish","hentry"],"yoast_head":"<!-- This site is optimized with the Yoast SEO plugin v27.4 - https:\/\/yoast.com\/product\/yoast-seo-wordpress\/ -->\n<title>Notre Savoir-faire - Strepia<\/title>\n<meta name=\"robots\" content=\"index, follow, max-snippet:-1, max-image-preview:large, max-video-preview:-1\" \/>\n<link rel=\"canonical\" href=\"https:\/\/strepia.com\/index.php\/notre-expertise-et-nos-services\/notre-savoir-faire\/\" \/>\n<meta property=\"og:locale\" content=\"fr_FR\" \/>\n<meta property=\"og:type\" content=\"article\" \/>\n<meta property=\"og:title\" content=\"Notre Savoir-faire - Strepia\" \/>\n<meta property=\"og:description\" content=\"NotreSavoir-faire Chez Strepia, notre savoir-faire repose sur une expertise pointue dans la Supply Chain et le Manufacturing, alli\u00e9e \u00e0 une parfaite ma\u00eetrise des technologies avanc\u00e9es. Nous mettons nos comp\u00e9tences au service de nos clients pour les accompagner dans la transformation de leurs op\u00e9rations, en leur offrant des solutions sur-mesure, innovantes et adapt\u00e9es \u00e0 leurs besoins....\" \/>\n<meta property=\"og:url\" content=\"https:\/\/strepia.com\/index.php\/notre-expertise-et-nos-services\/notre-savoir-faire\/\" \/>\n<meta property=\"og:site_name\" content=\"Strepia\" \/>\n<meta property=\"article:modified_time\" content=\"2026-04-07T22:29:41+00:00\" \/>\n<meta name=\"twitter:card\" content=\"summary_large_image\" \/>\n<meta name=\"twitter:label1\" content=\"Dur\u00e9e de lecture estim\u00e9e\" \/>\n\t<meta name=\"twitter:data1\" content=\"3 minutes\" \/>\n<script type=\"application\/ld+json\" class=\"yoast-schema-graph\">{\"@context\":\"https:\\\/\\\/schema.org\",\"@graph\":[{\"@type\":\"WebPage\",\"@id\":\"https:\\\/\\\/strepia.com\\\/index.php\\\/notre-expertise-et-nos-services\\\/notre-savoir-faire\\\/\",\"url\":\"https:\\\/\\\/strepia.com\\\/index.php\\\/notre-expertise-et-nos-services\\\/notre-savoir-faire\\\/\",\"name\":\"Notre Savoir-faire - Strepia\",\"isPartOf\":{\"@id\":\"https:\\\/\\\/strepia.com\\\/#website\"},\"datePublished\":\"2017-04-26T15:07:13+00:00\",\"dateModified\":\"2026-04-07T22:29:41+00:00\",\"breadcrumb\":{\"@id\":\"https:\\\/\\\/strepia.com\\\/index.php\\\/notre-expertise-et-nos-services\\\/notre-savoir-faire\\\/#breadcrumb\"},\"inLanguage\":\"fr-FR\",\"potentialAction\":[{\"@type\":\"ReadAction\",\"target\":[\"https:\\\/\\\/strepia.com\\\/index.php\\\/notre-expertise-et-nos-services\\\/notre-savoir-faire\\\/\"]}]},{\"@type\":\"BreadcrumbList\",\"@id\":\"https:\\\/\\\/strepia.com\\\/index.php\\\/notre-expertise-et-nos-services\\\/notre-savoir-faire\\\/#breadcrumb\",\"itemListElement\":[{\"@type\":\"ListItem\",\"position\":1,\"name\":\"Home\",\"item\":\"https:\\\/\\\/strepia.com\\\/\"},{\"@type\":\"ListItem\",\"position\":2,\"name\":\"Notre Expertise et Nos Services\",\"item\":\"https:\\\/\\\/strepia.com\\\/index.php\\\/notre-expertise-et-nos-services\\\/\"},{\"@type\":\"ListItem\",\"position\":3,\"name\":\"Notre Savoir-faire\"}]},{\"@type\":\"WebSite\",\"@id\":\"https:\\\/\\\/strepia.com\\\/#website\",\"url\":\"https:\\\/\\\/strepia.com\\\/\",\"name\":\"Strepia\",\"description\":\"\",\"publisher\":{\"@id\":\"https:\\\/\\\/strepia.com\\\/#organization\"},\"potentialAction\":[{\"@type\":\"SearchAction\",\"target\":{\"@type\":\"EntryPoint\",\"urlTemplate\":\"https:\\\/\\\/strepia.com\\\/?s={search_term_string}\"},\"query-input\":{\"@type\":\"PropertyValueSpecification\",\"valueRequired\":true,\"valueName\":\"search_term_string\"}}],\"inLanguage\":\"fr-FR\"},{\"@type\":\"Organization\",\"@id\":\"https:\\\/\\\/strepia.com\\\/#organization\",\"name\":\"Strepia\",\"url\":\"https:\\\/\\\/strepia.com\\\/\",\"logo\":{\"@type\":\"ImageObject\",\"inLanguage\":\"fr-FR\",\"@id\":\"https:\\\/\\\/strepia.com\\\/#\\\/schema\\\/logo\\\/image\\\/\",\"url\":\"https:\\\/\\\/strepia.com\\\/wp-content\\\/uploads\\\/2024\\\/08\\\/cropped-cropped-Strepia-450x150-1.png\",\"contentUrl\":\"https:\\\/\\\/strepia.com\\\/wp-content\\\/uploads\\\/2024\\\/08\\\/cropped-cropped-Strepia-450x150-1.png\",\"width\":355,\"height\":150,\"caption\":\"Strepia\"},\"image\":{\"@id\":\"https:\\\/\\\/strepia.com\\\/#\\\/schema\\\/logo\\\/image\\\/\"}}]}<\/script>\n<!-- \/ Yoast SEO plugin. -->","yoast_head_json":{"title":"Notre Savoir-faire - Strepia","robots":{"index":"index","follow":"follow","max-snippet":"max-snippet:-1","max-image-preview":"max-image-preview:large","max-video-preview":"max-video-preview:-1"},"canonical":"https:\/\/strepia.com\/index.php\/notre-expertise-et-nos-services\/notre-savoir-faire\/","og_locale":"fr_FR","og_type":"article","og_title":"Notre Savoir-faire - Strepia","og_description":"NotreSavoir-faire Chez Strepia, notre savoir-faire repose sur une expertise pointue dans la Supply Chain et le Manufacturing, alli\u00e9e \u00e0 une parfaite ma\u00eetrise des technologies avanc\u00e9es. Nous mettons nos comp\u00e9tences au service de nos clients pour les accompagner dans la transformation de leurs op\u00e9rations, en leur offrant des solutions sur-mesure, innovantes et adapt\u00e9es \u00e0 leurs besoins....","og_url":"https:\/\/strepia.com\/index.php\/notre-expertise-et-nos-services\/notre-savoir-faire\/","og_site_name":"Strepia","article_modified_time":"2026-04-07T22:29:41+00:00","twitter_card":"summary_large_image","twitter_misc":{"Dur\u00e9e de lecture estim\u00e9e":"3 minutes"},"schema":{"@context":"https:\/\/schema.org","@graph":[{"@type":"WebPage","@id":"https:\/\/strepia.com\/index.php\/notre-expertise-et-nos-services\/notre-savoir-faire\/","url":"https:\/\/strepia.com\/index.php\/notre-expertise-et-nos-services\/notre-savoir-faire\/","name":"Notre Savoir-faire - Strepia","isPartOf":{"@id":"https:\/\/strepia.com\/#website"},"datePublished":"2017-04-26T15:07:13+00:00","dateModified":"2026-04-07T22:29:41+00:00","breadcrumb":{"@id":"https:\/\/strepia.com\/index.php\/notre-expertise-et-nos-services\/notre-savoir-faire\/#breadcrumb"},"inLanguage":"fr-FR","potentialAction":[{"@type":"ReadAction","target":["https:\/\/strepia.com\/index.php\/notre-expertise-et-nos-services\/notre-savoir-faire\/"]}]},{"@type":"BreadcrumbList","@id":"https:\/\/strepia.com\/index.php\/notre-expertise-et-nos-services\/notre-savoir-faire\/#breadcrumb","itemListElement":[{"@type":"ListItem","position":1,"name":"Home","item":"https:\/\/strepia.com\/"},{"@type":"ListItem","position":2,"name":"Notre Expertise et Nos Services","item":"https:\/\/strepia.com\/index.php\/notre-expertise-et-nos-services\/"},{"@type":"ListItem","position":3,"name":"Notre Savoir-faire"}]},{"@type":"WebSite","@id":"https:\/\/strepia.com\/#website","url":"https:\/\/strepia.com\/","name":"Strepia","description":"","publisher":{"@id":"https:\/\/strepia.com\/#organization"},"potentialAction":[{"@type":"SearchAction","target":{"@type":"EntryPoint","urlTemplate":"https:\/\/strepia.com\/?s={search_term_string}"},"query-input":{"@type":"PropertyValueSpecification","valueRequired":true,"valueName":"search_term_string"}}],"inLanguage":"fr-FR"},{"@type":"Organization","@id":"https:\/\/strepia.com\/#organization","name":"Strepia","url":"https:\/\/strepia.com\/","logo":{"@type":"ImageObject","inLanguage":"fr-FR","@id":"https:\/\/strepia.com\/#\/schema\/logo\/image\/","url":"https:\/\/strepia.com\/wp-content\/uploads\/2024\/08\/cropped-cropped-Strepia-450x150-1.png","contentUrl":"https:\/\/strepia.com\/wp-content\/uploads\/2024\/08\/cropped-cropped-Strepia-450x150-1.png","width":355,"height":150,"caption":"Strepia"},"image":{"@id":"https:\/\/strepia.com\/#\/schema\/logo\/image\/"}}]}},"uagb_featured_image_src":{"full":false,"thumbnail":false,"medium":false,"medium_large":false,"large":false,"1536x1536":false,"2048x2048":false,"vamtam-single":false,"vamtam-normal-1":false,"vamtam-loop-1":false,"vamtam-normal-2":false,"vamtam-normal-featured-2":false,"vamtam-loop-2":false,"vamtam-loop-featured-2":false,"vamtam-normal-3":false,"vamtam-normal-featured-3":false,"vamtam-loop-3":false,"vamtam-loop-featured-3":false,"vamtam-normal-4":false,"vamtam-normal-featured-4":false,"vamtam-loop-4":false,"vamtam-loop-featured-4":false,"woocommerce_thumbnail":false,"woocommerce_single":false,"woocommerce_gallery_thumbnail":false},"uagb_author_info":{"display_name":"Amine Ettalbi","author_link":"https:\/\/strepia.com\/index.php\/author\/amine-ettalbi\/"},"uagb_comment_info":0,"uagb_excerpt":"NotreSavoir-faire Chez Strepia, notre savoir-faire repose sur une expertise pointue dans la Supply Chain et le Manufacturing, alli\u00e9e \u00e0 une parfaite ma\u00eetrise des technologies avanc\u00e9es. Nous mettons nos comp\u00e9tences au service de nos clients pour les accompagner dans la transformation de leurs op\u00e9rations, en leur offrant des solutions sur-mesure, innovantes et adapt\u00e9es \u00e0 leurs besoins....","_links":{"self":[{"href":"https:\/\/strepia.com\/index.php\/wp-json\/wp\/v2\/pages\/12350","targetHints":{"allow":["GET"]}}],"collection":[{"href":"https:\/\/strepia.com\/index.php\/wp-json\/wp\/v2\/pages"}],"about":[{"href":"https:\/\/strepia.com\/index.php\/wp-json\/wp\/v2\/types\/page"}],"author":[{"embeddable":true,"href":"https:\/\/strepia.com\/index.php\/wp-json\/wp\/v2\/users\/2"}],"replies":[{"embeddable":true,"href":"https:\/\/strepia.com\/index.php\/wp-json\/wp\/v2\/comments?post=12350"}],"version-history":[{"count":5,"href":"https:\/\/strepia.com\/index.php\/wp-json\/wp\/v2\/pages\/12350\/revisions"}],"predecessor-version":[{"id":987885,"href":"https:\/\/strepia.com\/index.php\/wp-json\/wp\/v2\/pages\/12350\/revisions\/987885"}],"up":[{"embeddable":true,"href":"https:\/\/strepia.com\/index.php\/wp-json\/wp\/v2\/pages\/12320"}],"wp:attachment":[{"href":"https:\/\/strepia.com\/index.php\/wp-json\/wp\/v2\/media?parent=12350"}],"curies":[{"name":"wp","href":"https:\/\/api.w.org\/{rel}","templated":true}]}}