{"id":12356,"date":"2017-04-26T15:08:19","date_gmt":"2017-04-26T15:08:19","guid":{"rendered":"https:\/\/strepia.com\/index.php\/industries-served\/mechanical-engineering\/"},"modified":"2026-04-08T00:29:41","modified_gmt":"2026-04-07T22:29:41","slug":"nos-secteurs-dactivite","status":"publish","type":"page","link":"https:\/\/strepia.com\/index.php\/notre-expertise-et-nos-services\/nos-secteurs-dactivite\/","title":{"rendered":"Nos secteurs d&rsquo;activit\u00e9"},"content":{"rendered":"<div class=\"vgblk-rw-wrapper limit-wrapper\">\n<h2>\n\tNos <br \/><strong>secteurs d&rsquo;activit\u00e9 <\/strong>\n\t<\/h2>\n\t<p>Chez <strong>Strepia<\/strong>, nous sommes fier d&rsquo;intervenir dans des secteurs o\u00f9 l&rsquo;excellence op\u00e9rationnelle et l&rsquo;innovation technologique sont des facteurs de succ\u00e8s majeurs. Gr\u00e2ce \u00e0 notre expertise diversifi\u00e9e, nous accompagnons nos clients dans divers domaines, en leur offrant des solutions sur-mesure adapt\u00e9es aux sp\u00e9cificit\u00e9s de leur industrie.<\/p>\n<p>Que vous soyez dans <strong>le Luxe<\/strong>, <strong>l&rsquo;Automobile<\/strong>, ou <strong>la Grande Distribution<\/strong>, Nous nous adapterons aux sp\u00e9cificit\u00e9s de votre secteur et votre contexte pour vous offrir des solutions sur-mesure, alliant innovation et performance.<\/p>\n<p>&nbsp;<\/p>\n\t\t\tLuxe\t\t\n\t\t\tAutomobile\t\t\n\t\t\tGrande Distribution\t\t\n\t\t\t\t<p>Dans l&rsquo;industrie du luxe, la gestion des cha\u00eenes d&rsquo;approvisionnement et des op\u00e9rations de production doit r\u00e9pondre \u00e0 des exigences de qualit\u00e9, de pr\u00e9cision et de personnalisation tr\u00e8s \u00e9lev\u00e9es. Chez Strepia, nous aidons les entreprises du secteur du luxe \u00e0 optimiser leurs processus pour maintenir l&rsquo;exclusivit\u00e9 de leurs produits tout en am\u00e9liorant leur efficacit\u00e9 op\u00e9rationnelle.<\/p><ul><li>Optimisation des flux de production et de distribution<\/li><li>Gestion des stocks et approvisionnements pour garantir la disponibilit\u00e9 sans compromis sur la qualit\u00e9<\/li><li>Int\u00e9gration de solutions technologiques pour un suivi en temps r\u00e9el des op\u00e9rations<\/li><\/ul>\t\t\t\n\t\t\t\t<p>Le secteur automobile est l&rsquo;un des plus exigeants en termes d&rsquo;efficacit\u00e9, de flexibilit\u00e9 et de qualit\u00e9. Nos consultants aident les entreprises \u00e0 moderniser leurs processus industriels et logistiques, en int\u00e9grant des solutions avanc\u00e9es pour r\u00e9pondre aux d\u00e9fis de la production en s\u00e9rie, de la gestion des pi\u00e8ces d\u00e9tach\u00e9es et de la logistique juste-\u00e0-temps.<\/p><ul><li>Automatisation des processus de production<\/li><li>Gestion efficace des approvisionnements et de la logistique<\/li><li>Mise en \u0153uvre de syst\u00e8mes de suivi des flux et d&rsquo;optimisation des stocks<\/li><\/ul>\t\t\t\n\t\t\t\t<p>Dans un secteur o\u00f9 les volumes sont \u00e9lev\u00e9s et les d\u00e9lais serr\u00e9s, la grande distribution n\u00e9cessite des solutions logistiques robustes et r\u00e9actives. Strepia accompagne les acteurs de la grande distribution pour optimiser leurs op\u00e9rations, en int\u00e9grant des technologies innovantes qui leur permettent de r\u00e9pondre rapidement aux besoins changeants de leurs clients.<\/p><ul><li>Optimisation des entrep\u00f4ts et des centres de distribution<\/li><li>Mise en place de solutions de gestion des transports (TMS)<\/li><li>Automatisation des commandes et gestion pr\u00e9visionnelle des stocks<\/li><\/ul>\t\t\t\n\t<p>Bien que nous ayons une expertise reconnue dans ces secteurs cl\u00e9s, <strong>Strepia<\/strong> ne se limite pas \u00e0 ces industries. Nous sommes \u00e9galement capables d&rsquo;intervenir dans d&rsquo;autres domaines, o\u00f9 les d\u00e9fis li\u00e9s n\u00e9cessitent des solutions sur-mesure et innovantes. Quelle que soit votre activit\u00e9, notre approche personnalis\u00e9e nous permet de r\u00e9pondre efficacement \u00e0 vos besoins sp\u00e9cifiques.<\/p>\n\n<\/div><!-- .vgblk-rw-wrapper -->","protected":false},"excerpt":{"rendered":"<p>Nos secteurs d&rsquo;activit\u00e9 Chez Strepia, nous sommes fier d&rsquo;intervenir dans des secteurs o\u00f9 l&rsquo;excellence op\u00e9rationnelle et l&rsquo;innovation technologique sont des facteurs de succ\u00e8s majeurs. Gr\u00e2ce \u00e0 notre expertise diversifi\u00e9e, nous accompagnons nos clients dans divers domaines, en leur offrant des solutions sur-mesure adapt\u00e9es aux sp\u00e9cificit\u00e9s de leur industrie. Que vous soyez dans le Luxe, l&rsquo;Automobile,&#8230;<\/p>\n","protected":false},"author":2,"featured_media":0,"parent":12320,"menu_order":0,"comment_status":"closed","ping_status":"closed","template":"","meta":{"inline_featured_image":false,"_uag_custom_page_level_css":"","footnotes":""},"class_list":["post-12356","page","type-page","status-publish","hentry"],"yoast_head":"<!-- This site is optimized with the Yoast SEO plugin v27.4 - https:\/\/yoast.com\/product\/yoast-seo-wordpress\/ -->\n<title>Nos secteurs d&#039;activit\u00e9 - Strepia<\/title>\n<meta name=\"robots\" content=\"index, follow, max-snippet:-1, max-image-preview:large, max-video-preview:-1\" \/>\n<link rel=\"canonical\" href=\"https:\/\/strepia.com\/index.php\/notre-expertise-et-nos-services\/nos-secteurs-dactivite\/\" \/>\n<meta property=\"og:locale\" content=\"fr_FR\" \/>\n<meta property=\"og:type\" content=\"article\" \/>\n<meta property=\"og:title\" content=\"Nos secteurs d&#039;activit\u00e9 - Strepia\" \/>\n<meta property=\"og:description\" content=\"Nos secteurs d&rsquo;activit\u00e9 Chez Strepia, nous sommes fier d&rsquo;intervenir dans des secteurs o\u00f9 l&rsquo;excellence op\u00e9rationnelle et l&rsquo;innovation technologique sont des facteurs de succ\u00e8s majeurs. Gr\u00e2ce \u00e0 notre expertise diversifi\u00e9e, nous accompagnons nos clients dans divers domaines, en leur offrant des solutions sur-mesure adapt\u00e9es aux sp\u00e9cificit\u00e9s de leur industrie. Que vous soyez dans le Luxe, l&rsquo;Automobile,...\" \/>\n<meta property=\"og:url\" content=\"https:\/\/strepia.com\/index.php\/notre-expertise-et-nos-services\/nos-secteurs-dactivite\/\" \/>\n<meta property=\"og:site_name\" content=\"Strepia\" \/>\n<meta property=\"article:modified_time\" content=\"2026-04-07T22:29:41+00:00\" \/>\n<meta name=\"twitter:card\" content=\"summary_large_image\" \/>\n<meta name=\"twitter:label1\" content=\"Dur\u00e9e de lecture estim\u00e9e\" \/>\n\t<meta name=\"twitter:data1\" content=\"2 minutes\" \/>\n<script type=\"application\/ld+json\" class=\"yoast-schema-graph\">{\"@context\":\"https:\\\/\\\/schema.org\",\"@graph\":[{\"@type\":\"WebPage\",\"@id\":\"https:\\\/\\\/strepia.com\\\/index.php\\\/notre-expertise-et-nos-services\\\/nos-secteurs-dactivite\\\/\",\"url\":\"https:\\\/\\\/strepia.com\\\/index.php\\\/notre-expertise-et-nos-services\\\/nos-secteurs-dactivite\\\/\",\"name\":\"Nos secteurs d'activit\u00e9 - Strepia\",\"isPartOf\":{\"@id\":\"https:\\\/\\\/strepia.com\\\/#website\"},\"datePublished\":\"2017-04-26T15:08:19+00:00\",\"dateModified\":\"2026-04-07T22:29:41+00:00\",\"breadcrumb\":{\"@id\":\"https:\\\/\\\/strepia.com\\\/index.php\\\/notre-expertise-et-nos-services\\\/nos-secteurs-dactivite\\\/#breadcrumb\"},\"inLanguage\":\"fr-FR\",\"potentialAction\":[{\"@type\":\"ReadAction\",\"target\":[\"https:\\\/\\\/strepia.com\\\/index.php\\\/notre-expertise-et-nos-services\\\/nos-secteurs-dactivite\\\/\"]}]},{\"@type\":\"BreadcrumbList\",\"@id\":\"https:\\\/\\\/strepia.com\\\/index.php\\\/notre-expertise-et-nos-services\\\/nos-secteurs-dactivite\\\/#breadcrumb\",\"itemListElement\":[{\"@type\":\"ListItem\",\"position\":1,\"name\":\"Home\",\"item\":\"https:\\\/\\\/strepia.com\\\/\"},{\"@type\":\"ListItem\",\"position\":2,\"name\":\"Notre Expertise et Nos Services\",\"item\":\"https:\\\/\\\/strepia.com\\\/index.php\\\/notre-expertise-et-nos-services\\\/\"},{\"@type\":\"ListItem\",\"position\":3,\"name\":\"Nos secteurs d&#8217;activit\u00e9\"}]},{\"@type\":\"WebSite\",\"@id\":\"https:\\\/\\\/strepia.com\\\/#website\",\"url\":\"https:\\\/\\\/strepia.com\\\/\",\"name\":\"Strepia\",\"description\":\"\",\"publisher\":{\"@id\":\"https:\\\/\\\/strepia.com\\\/#organization\"},\"potentialAction\":[{\"@type\":\"SearchAction\",\"target\":{\"@type\":\"EntryPoint\",\"urlTemplate\":\"https:\\\/\\\/strepia.com\\\/?s={search_term_string}\"},\"query-input\":{\"@type\":\"PropertyValueSpecification\",\"valueRequired\":true,\"valueName\":\"search_term_string\"}}],\"inLanguage\":\"fr-FR\"},{\"@type\":\"Organization\",\"@id\":\"https:\\\/\\\/strepia.com\\\/#organization\",\"name\":\"Strepia\",\"url\":\"https:\\\/\\\/strepia.com\\\/\",\"logo\":{\"@type\":\"ImageObject\",\"inLanguage\":\"fr-FR\",\"@id\":\"https:\\\/\\\/strepia.com\\\/#\\\/schema\\\/logo\\\/image\\\/\",\"url\":\"https:\\\/\\\/strepia.com\\\/wp-content\\\/uploads\\\/2024\\\/08\\\/cropped-cropped-Strepia-450x150-1.png\",\"contentUrl\":\"https:\\\/\\\/strepia.com\\\/wp-content\\\/uploads\\\/2024\\\/08\\\/cropped-cropped-Strepia-450x150-1.png\",\"width\":355,\"height\":150,\"caption\":\"Strepia\"},\"image\":{\"@id\":\"https:\\\/\\\/strepia.com\\\/#\\\/schema\\\/logo\\\/image\\\/\"}}]}<\/script>\n<!-- \/ Yoast SEO plugin. -->","yoast_head_json":{"title":"Nos secteurs d'activit\u00e9 - Strepia","robots":{"index":"index","follow":"follow","max-snippet":"max-snippet:-1","max-image-preview":"max-image-preview:large","max-video-preview":"max-video-preview:-1"},"canonical":"https:\/\/strepia.com\/index.php\/notre-expertise-et-nos-services\/nos-secteurs-dactivite\/","og_locale":"fr_FR","og_type":"article","og_title":"Nos secteurs d'activit\u00e9 - Strepia","og_description":"Nos secteurs d&rsquo;activit\u00e9 Chez Strepia, nous sommes fier d&rsquo;intervenir dans des secteurs o\u00f9 l&rsquo;excellence op\u00e9rationnelle et l&rsquo;innovation technologique sont des facteurs de succ\u00e8s majeurs. Gr\u00e2ce \u00e0 notre expertise diversifi\u00e9e, nous accompagnons nos clients dans divers domaines, en leur offrant des solutions sur-mesure adapt\u00e9es aux sp\u00e9cificit\u00e9s de leur industrie. Que vous soyez dans le Luxe, l&rsquo;Automobile,...","og_url":"https:\/\/strepia.com\/index.php\/notre-expertise-et-nos-services\/nos-secteurs-dactivite\/","og_site_name":"Strepia","article_modified_time":"2026-04-07T22:29:41+00:00","twitter_card":"summary_large_image","twitter_misc":{"Dur\u00e9e de lecture estim\u00e9e":"2 minutes"},"schema":{"@context":"https:\/\/schema.org","@graph":[{"@type":"WebPage","@id":"https:\/\/strepia.com\/index.php\/notre-expertise-et-nos-services\/nos-secteurs-dactivite\/","url":"https:\/\/strepia.com\/index.php\/notre-expertise-et-nos-services\/nos-secteurs-dactivite\/","name":"Nos secteurs d'activit\u00e9 - Strepia","isPartOf":{"@id":"https:\/\/strepia.com\/#website"},"datePublished":"2017-04-26T15:08:19+00:00","dateModified":"2026-04-07T22:29:41+00:00","breadcrumb":{"@id":"https:\/\/strepia.com\/index.php\/notre-expertise-et-nos-services\/nos-secteurs-dactivite\/#breadcrumb"},"inLanguage":"fr-FR","potentialAction":[{"@type":"ReadAction","target":["https:\/\/strepia.com\/index.php\/notre-expertise-et-nos-services\/nos-secteurs-dactivite\/"]}]},{"@type":"BreadcrumbList","@id":"https:\/\/strepia.com\/index.php\/notre-expertise-et-nos-services\/nos-secteurs-dactivite\/#breadcrumb","itemListElement":[{"@type":"ListItem","position":1,"name":"Home","item":"https:\/\/strepia.com\/"},{"@type":"ListItem","position":2,"name":"Notre Expertise et Nos Services","item":"https:\/\/strepia.com\/index.php\/notre-expertise-et-nos-services\/"},{"@type":"ListItem","position":3,"name":"Nos secteurs d&#8217;activit\u00e9"}]},{"@type":"WebSite","@id":"https:\/\/strepia.com\/#website","url":"https:\/\/strepia.com\/","name":"Strepia","description":"","publisher":{"@id":"https:\/\/strepia.com\/#organization"},"potentialAction":[{"@type":"SearchAction","target":{"@type":"EntryPoint","urlTemplate":"https:\/\/strepia.com\/?s={search_term_string}"},"query-input":{"@type":"PropertyValueSpecification","valueRequired":true,"valueName":"search_term_string"}}],"inLanguage":"fr-FR"},{"@type":"Organization","@id":"https:\/\/strepia.com\/#organization","name":"Strepia","url":"https:\/\/strepia.com\/","logo":{"@type":"ImageObject","inLanguage":"fr-FR","@id":"https:\/\/strepia.com\/#\/schema\/logo\/image\/","url":"https:\/\/strepia.com\/wp-content\/uploads\/2024\/08\/cropped-cropped-Strepia-450x150-1.png","contentUrl":"https:\/\/strepia.com\/wp-content\/uploads\/2024\/08\/cropped-cropped-Strepia-450x150-1.png","width":355,"height":150,"caption":"Strepia"},"image":{"@id":"https:\/\/strepia.com\/#\/schema\/logo\/image\/"}}]}},"uagb_featured_image_src":{"full":false,"thumbnail":false,"medium":false,"medium_large":false,"large":false,"1536x1536":false,"2048x2048":false,"vamtam-single":false,"vamtam-normal-1":false,"vamtam-loop-1":false,"vamtam-normal-2":false,"vamtam-normal-featured-2":false,"vamtam-loop-2":false,"vamtam-loop-featured-2":false,"vamtam-normal-3":false,"vamtam-normal-featured-3":false,"vamtam-loop-3":false,"vamtam-loop-featured-3":false,"vamtam-normal-4":false,"vamtam-normal-featured-4":false,"vamtam-loop-4":false,"vamtam-loop-featured-4":false,"woocommerce_thumbnail":false,"woocommerce_single":false,"woocommerce_gallery_thumbnail":false},"uagb_author_info":{"display_name":"Amine Ettalbi","author_link":"https:\/\/strepia.com\/index.php\/author\/amine-ettalbi\/"},"uagb_comment_info":0,"uagb_excerpt":"Nos secteurs d&rsquo;activit\u00e9 Chez Strepia, nous sommes fier d&rsquo;intervenir dans des secteurs o\u00f9 l&rsquo;excellence op\u00e9rationnelle et l&rsquo;innovation technologique sont des facteurs de succ\u00e8s majeurs. Gr\u00e2ce \u00e0 notre expertise diversifi\u00e9e, nous accompagnons nos clients dans divers domaines, en leur offrant des solutions sur-mesure adapt\u00e9es aux sp\u00e9cificit\u00e9s de leur industrie. Que vous soyez dans le Luxe, l&rsquo;Automobile,...","_links":{"self":[{"href":"https:\/\/strepia.com\/index.php\/wp-json\/wp\/v2\/pages\/12356","targetHints":{"allow":["GET"]}}],"collection":[{"href":"https:\/\/strepia.com\/index.php\/wp-json\/wp\/v2\/pages"}],"about":[{"href":"https:\/\/strepia.com\/index.php\/wp-json\/wp\/v2\/types\/page"}],"author":[{"embeddable":true,"href":"https:\/\/strepia.com\/index.php\/wp-json\/wp\/v2\/users\/2"}],"replies":[{"embeddable":true,"href":"https:\/\/strepia.com\/index.php\/wp-json\/wp\/v2\/comments?post=12356"}],"version-history":[{"count":5,"href":"https:\/\/strepia.com\/index.php\/wp-json\/wp\/v2\/pages\/12356\/revisions"}],"predecessor-version":[{"id":987891,"href":"https:\/\/strepia.com\/index.php\/wp-json\/wp\/v2\/pages\/12356\/revisions\/987891"}],"up":[{"embeddable":true,"href":"https:\/\/strepia.com\/index.php\/wp-json\/wp\/v2\/pages\/12320"}],"wp:attachment":[{"href":"https:\/\/strepia.com\/index.php\/wp-json\/wp\/v2\/media?parent=12356"}],"curies":[{"name":"wp","href":"https:\/\/api.w.org\/{rel}","templated":true}]}}