{"id":12361,"date":"2017-04-26T15:09:48","date_gmt":"2017-04-26T15:09:48","guid":{"rendered":"https:\/\/strepia.com\/index.php\/case-studies\/partners\/"},"modified":"2026-04-08T00:30:02","modified_gmt":"2026-04-07T22:30:02","slug":"nos-valeurs","status":"publish","type":"page","link":"https:\/\/strepia.com\/index.php\/a-propos-de-nous\/nos-valeurs\/","title":{"rendered":"Nos Valeurs"},"content":{"rendered":"<div class=\"vgblk-rw-wrapper limit-wrapper\">\n<h2>\n\t\tNos <strong> Valeurs\n\t<\/strong><\/h2>\n\t\t\t\t\t\t\t<img fetchpriority=\"high\" fetchpriority=\"high\" decoding=\"async\" src=\"https:\/\/strepia.com\/wp-content\/uploads\/2024\/11\/95771.jpg\" alt=\"95771\" itemprop=\"image\" height=\"1000\" width=\"1500\" title=\"95771\" onerror=\"this.style.display='none'\"  sizes=\"(max-width: 768px) 100vw, 100vw\" srcset=\"https:\/\/strepia.com\/wp-content\/uploads\/2024\/11\/95771.jpg 1500w, https:\/\/strepia.com\/wp-content\/uploads\/2024\/11\/95771-300x200.jpg 300w, https:\/\/strepia.com\/wp-content\/uploads\/2024\/11\/95771-1024x683.jpg 1024w, https:\/\/strepia.com\/wp-content\/uploads\/2024\/11\/95771-768x512.jpg 768w, https:\/\/strepia.com\/wp-content\/uploads\/2024\/11\/95771-1260x840.jpg 1260w, https:\/\/strepia.com\/wp-content\/uploads\/2024\/11\/95771-630x420.jpg 630w, https:\/\/strepia.com\/wp-content\/uploads\/2024\/11\/95771-420x280.jpg 420w, https:\/\/strepia.com\/wp-content\/uploads\/2024\/11\/95771-840x560.jpg 840w, https:\/\/strepia.com\/wp-content\/uploads\/2024\/11\/95771-315x210.jpg 315w\" \/>\t\t\t\t\t\t\t\n\t<p>Chez <strong>Strepia<\/strong>, notre mission repose sur des valeurs solides qui guident chacune de nos actions. Nous croyons qu&rsquo;un partenariat durable avec nos clients se construit sur la base de principes forts, qui assurent la r\u00e9ussite et la p\u00e9rennit\u00e9 des projets que nous menons ensemble.<\/p>\n<p>Nos <strong>trois valeurs fondamentales<\/strong> sont au c\u0153ur de notre approche :<\/p>\n<h2>\n\t\tExcellence\n\t<\/h2>\n\t<p>L&rsquo;excellence est le pilier central de notre engagement. Chez <strong>Strepia<\/strong>, nous ne s\u00e9lectionnons que des consultants de premier ordre, dot\u00e9s d&rsquo;une expertise technique et fonctionnelle \u00e9prouv\u00e9e. Nous nous assurons que chaque membre de notre \u00e9quipe apporte une valeur ajout\u00e9e r\u00e9elle \u00e0 votre projet, garantissant ainsi des r\u00e9sultats exceptionnels et une satisfaction client optimale.<\/p>\n<ul>\n<li>\n<ul>\n<li>\n<ul>\n<li><strong>Rigueur dans le choix des talents<\/strong> : Chaque consultant que nous recrutons est s\u00e9lectionn\u00e9 pour sa ma\u00eetrise des sujets complexes en Supply Chain et Manufacturing, ainsi que pour sa capacit\u00e9 \u00e0 proposer des solutions innovantes.<\/li>\n<li><strong>R\u00e9sultats mesurables<\/strong> : Nous nous effor\u00e7ons de d\u00e9passer vos attentes, en livrant des solutions qui g\u00e9n\u00e8rent des r\u00e9sultats concrets et durables pour votre entreprise.<\/li>\n<\/ul>\n<\/li>\n<\/ul>\n<\/li>\n<\/ul>\n<h2>\n\t\tR\u00e9activit\u00e9\n\t<\/h2>\n\t<p>Nous comprenons l&rsquo;urgence des projets dans les secteurs dynamiques tels que la Supply Chain et le Manufacturing. C&rsquo;est pourquoi la r\u00e9activit\u00e9 est une valeur cl\u00e9 chez <strong>Strepia<\/strong>. Nous agissons avec rapidit\u00e9 et pr\u00e9cision pour vous fournir les ressources et les talents dont vous avez besoin, dans les d\u00e9lais les plus courts.<\/p>\n<ul>\n<li>\n<ul>\n<li>\n<ul>\n<li><strong>Un processus rapide et efficace<\/strong> : Gr\u00e2ce \u00e0 notre vaste r\u00e9seau de consultants et d&rsquo;experts, nous sommes en mesure de mobiliser rapidement des talents adapt\u00e9s \u00e0 vos projets.<\/li>\n<li><strong>Capacit\u00e9 d&rsquo;adaptation<\/strong> : Nous r\u00e9agissons avec agilit\u00e9 aux changements de vos besoins en cours de mission, afin de vous accompagner de mani\u00e8re optimale \u00e0 chaque \u00e9tape.<\/li>\n<\/ul>\n<\/li>\n<\/ul>\n<\/li>\n<\/ul>\n<h2>\n\t\tPartenariat\n\t<\/h2>\n\t<p>Nous croyons fermement que les meilleures collaborations se construisent sur le long terme. C&rsquo;est pourquoi nous nous engageons \u00e0 vos c\u00f4t\u00e9s, bien au-del\u00e0 de la r\u00e9alisation imm\u00e9diate de vos projets. Nous veillons \u00e0 ce que nos solutions et nos services contribuent \u00e0 votre succ\u00e8s sur le long terme.<\/p>\n<ul>\n<li><strong>Accompagnement continu<\/strong> : Nous restons disponibles pour vous accompagner apr\u00e8s la fin d&rsquo;une mission, en vous offrant un suivi et une assistance proactive.<\/li>\n<li><strong>Vision \u00e0 long terme<\/strong> : Nos solutions sont con\u00e7ues pour soutenir la croissance et la durabilit\u00e9 de votre entreprise, en vous permettant de rester comp\u00e9titifs dans un environnement en constante \u00e9volution.<\/li>\n<\/ul>\n\t<p><strong>Strepia s&rsquo;engage \u00e0 \u00eatre plus qu&rsquo;un simple prestataire de services.<\/strong> Nous nous positionnons comme un v\u00e9ritable partenaire, engag\u00e9 dans la r\u00e9ussite de votre entreprise gr\u00e2ce \u00e0 une collaboration fond\u00e9e sur l&rsquo;excellence, la r\u00e9activit\u00e9, et une vision \u00e0 long terme.<\/p>\n<blockquote><p><a href=\"https:\/\/strepia.com\/index.php\/contact\/\"><strong>Contactez-nous d\u00e8s aujourd&rsquo;hui<\/strong><\/a> pour d\u00e9couvrir comment nous pouvons contribuer au succ\u00e8s de vos projets.<\/p><\/blockquote>\n\n<\/div><!-- .vgblk-rw-wrapper -->","protected":false},"excerpt":{"rendered":"<p>Nos Valeurs Chez Strepia, notre mission repose sur des valeurs solides qui guident chacune de nos actions. Nous croyons qu&rsquo;un partenariat durable avec nos clients se construit sur la base de principes forts, qui assurent la r\u00e9ussite et la p\u00e9rennit\u00e9 des projets que nous menons ensemble. Nos trois valeurs fondamentales sont au c\u0153ur de notre&#8230;<\/p>\n","protected":false},"author":2,"featured_media":0,"parent":13345,"menu_order":0,"comment_status":"closed","ping_status":"closed","template":"","meta":{"inline_featured_image":false,"_uag_custom_page_level_css":"","footnotes":""},"class_list":["post-12361","page","type-page","status-publish","hentry"],"yoast_head":"<!-- This site is optimized with the Yoast SEO plugin v27.4 - https:\/\/yoast.com\/product\/yoast-seo-wordpress\/ -->\n<title>Nos Valeurs - Strepia<\/title>\n<meta name=\"description\" content=\"Strepia repose sur trois valeurs fondamentales : excellence, r\u00e9activit\u00e9 et partenariat \u00e0 long terme. D\u00e9couvrez nos valeurs !\" \/>\n<meta name=\"robots\" content=\"index, follow, max-snippet:-1, max-image-preview:large, max-video-preview:-1\" \/>\n<link rel=\"canonical\" href=\"https:\/\/strepia.com\/index.php\/a-propos-de-nous\/nos-valeurs\/\" \/>\n<meta property=\"og:locale\" content=\"fr_FR\" \/>\n<meta property=\"og:type\" content=\"article\" \/>\n<meta property=\"og:title\" content=\"Nos Valeurs - Strepia\" \/>\n<meta property=\"og:description\" content=\"Strepia repose sur trois valeurs fondamentales : excellence, r\u00e9activit\u00e9 et partenariat \u00e0 long terme. D\u00e9couvrez nos valeurs !\" \/>\n<meta property=\"og:url\" content=\"https:\/\/strepia.com\/index.php\/a-propos-de-nous\/nos-valeurs\/\" \/>\n<meta property=\"og:site_name\" content=\"Strepia\" \/>\n<meta property=\"article:modified_time\" content=\"2026-04-07T22:30:02+00:00\" \/>\n<meta property=\"og:image\" content=\"https:\/\/strepia.com\/wp-content\/uploads\/2024\/11\/95771.jpg\" \/>\n<meta name=\"twitter:card\" content=\"summary_large_image\" \/>\n<meta name=\"twitter:label1\" content=\"Dur\u00e9e de lecture estim\u00e9e\" \/>\n\t<meta name=\"twitter:data1\" content=\"3 minutes\" \/>\n<script type=\"application\/ld+json\" class=\"yoast-schema-graph\">{\"@context\":\"https:\\\/\\\/schema.org\",\"@graph\":[{\"@type\":\"WebPage\",\"@id\":\"https:\\\/\\\/strepia.com\\\/index.php\\\/a-propos-de-nous\\\/nos-valeurs\\\/\",\"url\":\"https:\\\/\\\/strepia.com\\\/index.php\\\/a-propos-de-nous\\\/nos-valeurs\\\/\",\"name\":\"Nos Valeurs - Strepia\",\"isPartOf\":{\"@id\":\"https:\\\/\\\/strepia.com\\\/#website\"},\"primaryImageOfPage\":{\"@id\":\"https:\\\/\\\/strepia.com\\\/index.php\\\/a-propos-de-nous\\\/nos-valeurs\\\/#primaryimage\"},\"image\":{\"@id\":\"https:\\\/\\\/strepia.com\\\/index.php\\\/a-propos-de-nous\\\/nos-valeurs\\\/#primaryimage\"},\"thumbnailUrl\":\"https:\\\/\\\/strepia.com\\\/wp-content\\\/uploads\\\/2024\\\/11\\\/95771.jpg\",\"datePublished\":\"2017-04-26T15:09:48+00:00\",\"dateModified\":\"2026-04-07T22:30:02+00:00\",\"description\":\"Strepia repose sur trois valeurs fondamentales : excellence, r\u00e9activit\u00e9 et partenariat \u00e0 long terme. D\u00e9couvrez nos valeurs !\",\"breadcrumb\":{\"@id\":\"https:\\\/\\\/strepia.com\\\/index.php\\\/a-propos-de-nous\\\/nos-valeurs\\\/#breadcrumb\"},\"inLanguage\":\"fr-FR\",\"potentialAction\":[{\"@type\":\"ReadAction\",\"target\":[\"https:\\\/\\\/strepia.com\\\/index.php\\\/a-propos-de-nous\\\/nos-valeurs\\\/\"]}]},{\"@type\":\"ImageObject\",\"inLanguage\":\"fr-FR\",\"@id\":\"https:\\\/\\\/strepia.com\\\/index.php\\\/a-propos-de-nous\\\/nos-valeurs\\\/#primaryimage\",\"url\":\"https:\\\/\\\/strepia.com\\\/wp-content\\\/uploads\\\/2024\\\/11\\\/95771.jpg\",\"contentUrl\":\"https:\\\/\\\/strepia.com\\\/wp-content\\\/uploads\\\/2024\\\/11\\\/95771.jpg\",\"width\":1500,\"height\":1000},{\"@type\":\"BreadcrumbList\",\"@id\":\"https:\\\/\\\/strepia.com\\\/index.php\\\/a-propos-de-nous\\\/nos-valeurs\\\/#breadcrumb\",\"itemListElement\":[{\"@type\":\"ListItem\",\"position\":1,\"name\":\"Home\",\"item\":\"https:\\\/\\\/strepia.com\\\/\"},{\"@type\":\"ListItem\",\"position\":2,\"name\":\"\u00c0 propos de nous\",\"item\":\"https:\\\/\\\/strepia.com\\\/index.php\\\/a-propos-de-nous\\\/\"},{\"@type\":\"ListItem\",\"position\":3,\"name\":\"Nos Valeurs\"}]},{\"@type\":\"WebSite\",\"@id\":\"https:\\\/\\\/strepia.com\\\/#website\",\"url\":\"https:\\\/\\\/strepia.com\\\/\",\"name\":\"Strepia\",\"description\":\"\",\"publisher\":{\"@id\":\"https:\\\/\\\/strepia.com\\\/#organization\"},\"potentialAction\":[{\"@type\":\"SearchAction\",\"target\":{\"@type\":\"EntryPoint\",\"urlTemplate\":\"https:\\\/\\\/strepia.com\\\/?s={search_term_string}\"},\"query-input\":{\"@type\":\"PropertyValueSpecification\",\"valueRequired\":true,\"valueName\":\"search_term_string\"}}],\"inLanguage\":\"fr-FR\"},{\"@type\":\"Organization\",\"@id\":\"https:\\\/\\\/strepia.com\\\/#organization\",\"name\":\"Strepia\",\"url\":\"https:\\\/\\\/strepia.com\\\/\",\"logo\":{\"@type\":\"ImageObject\",\"inLanguage\":\"fr-FR\",\"@id\":\"https:\\\/\\\/strepia.com\\\/#\\\/schema\\\/logo\\\/image\\\/\",\"url\":\"https:\\\/\\\/strepia.com\\\/wp-content\\\/uploads\\\/2024\\\/08\\\/cropped-cropped-Strepia-450x150-1.png\",\"contentUrl\":\"https:\\\/\\\/strepia.com\\\/wp-content\\\/uploads\\\/2024\\\/08\\\/cropped-cropped-Strepia-450x150-1.png\",\"width\":355,\"height\":150,\"caption\":\"Strepia\"},\"image\":{\"@id\":\"https:\\\/\\\/strepia.com\\\/#\\\/schema\\\/logo\\\/image\\\/\"}}]}<\/script>\n<!-- \/ Yoast SEO plugin. -->","yoast_head_json":{"title":"Nos Valeurs - Strepia","description":"Strepia repose sur trois valeurs fondamentales : excellence, r\u00e9activit\u00e9 et partenariat \u00e0 long terme. D\u00e9couvrez nos valeurs !","robots":{"index":"index","follow":"follow","max-snippet":"max-snippet:-1","max-image-preview":"max-image-preview:large","max-video-preview":"max-video-preview:-1"},"canonical":"https:\/\/strepia.com\/index.php\/a-propos-de-nous\/nos-valeurs\/","og_locale":"fr_FR","og_type":"article","og_title":"Nos Valeurs - Strepia","og_description":"Strepia repose sur trois valeurs fondamentales : excellence, r\u00e9activit\u00e9 et partenariat \u00e0 long terme. D\u00e9couvrez nos valeurs !","og_url":"https:\/\/strepia.com\/index.php\/a-propos-de-nous\/nos-valeurs\/","og_site_name":"Strepia","article_modified_time":"2026-04-07T22:30:02+00:00","og_image":[{"url":"https:\/\/strepia.com\/wp-content\/uploads\/2024\/11\/95771.jpg","type":"","width":"","height":""}],"twitter_card":"summary_large_image","twitter_misc":{"Dur\u00e9e de lecture estim\u00e9e":"3 minutes"},"schema":{"@context":"https:\/\/schema.org","@graph":[{"@type":"WebPage","@id":"https:\/\/strepia.com\/index.php\/a-propos-de-nous\/nos-valeurs\/","url":"https:\/\/strepia.com\/index.php\/a-propos-de-nous\/nos-valeurs\/","name":"Nos Valeurs - Strepia","isPartOf":{"@id":"https:\/\/strepia.com\/#website"},"primaryImageOfPage":{"@id":"https:\/\/strepia.com\/index.php\/a-propos-de-nous\/nos-valeurs\/#primaryimage"},"image":{"@id":"https:\/\/strepia.com\/index.php\/a-propos-de-nous\/nos-valeurs\/#primaryimage"},"thumbnailUrl":"https:\/\/strepia.com\/wp-content\/uploads\/2024\/11\/95771.jpg","datePublished":"2017-04-26T15:09:48+00:00","dateModified":"2026-04-07T22:30:02+00:00","description":"Strepia repose sur trois valeurs fondamentales : excellence, r\u00e9activit\u00e9 et partenariat \u00e0 long terme. D\u00e9couvrez nos valeurs !","breadcrumb":{"@id":"https:\/\/strepia.com\/index.php\/a-propos-de-nous\/nos-valeurs\/#breadcrumb"},"inLanguage":"fr-FR","potentialAction":[{"@type":"ReadAction","target":["https:\/\/strepia.com\/index.php\/a-propos-de-nous\/nos-valeurs\/"]}]},{"@type":"ImageObject","inLanguage":"fr-FR","@id":"https:\/\/strepia.com\/index.php\/a-propos-de-nous\/nos-valeurs\/#primaryimage","url":"https:\/\/strepia.com\/wp-content\/uploads\/2024\/11\/95771.jpg","contentUrl":"https:\/\/strepia.com\/wp-content\/uploads\/2024\/11\/95771.jpg","width":1500,"height":1000},{"@type":"BreadcrumbList","@id":"https:\/\/strepia.com\/index.php\/a-propos-de-nous\/nos-valeurs\/#breadcrumb","itemListElement":[{"@type":"ListItem","position":1,"name":"Home","item":"https:\/\/strepia.com\/"},{"@type":"ListItem","position":2,"name":"\u00c0 propos de nous","item":"https:\/\/strepia.com\/index.php\/a-propos-de-nous\/"},{"@type":"ListItem","position":3,"name":"Nos Valeurs"}]},{"@type":"WebSite","@id":"https:\/\/strepia.com\/#website","url":"https:\/\/strepia.com\/","name":"Strepia","description":"","publisher":{"@id":"https:\/\/strepia.com\/#organization"},"potentialAction":[{"@type":"SearchAction","target":{"@type":"EntryPoint","urlTemplate":"https:\/\/strepia.com\/?s={search_term_string}"},"query-input":{"@type":"PropertyValueSpecification","valueRequired":true,"valueName":"search_term_string"}}],"inLanguage":"fr-FR"},{"@type":"Organization","@id":"https:\/\/strepia.com\/#organization","name":"Strepia","url":"https:\/\/strepia.com\/","logo":{"@type":"ImageObject","inLanguage":"fr-FR","@id":"https:\/\/strepia.com\/#\/schema\/logo\/image\/","url":"https:\/\/strepia.com\/wp-content\/uploads\/2024\/08\/cropped-cropped-Strepia-450x150-1.png","contentUrl":"https:\/\/strepia.com\/wp-content\/uploads\/2024\/08\/cropped-cropped-Strepia-450x150-1.png","width":355,"height":150,"caption":"Strepia"},"image":{"@id":"https:\/\/strepia.com\/#\/schema\/logo\/image\/"}}]}},"uagb_featured_image_src":{"full":false,"thumbnail":false,"medium":false,"medium_large":false,"large":false,"1536x1536":false,"2048x2048":false,"vamtam-single":false,"vamtam-normal-1":false,"vamtam-loop-1":false,"vamtam-normal-2":false,"vamtam-normal-featured-2":false,"vamtam-loop-2":false,"vamtam-loop-featured-2":false,"vamtam-normal-3":false,"vamtam-normal-featured-3":false,"vamtam-loop-3":false,"vamtam-loop-featured-3":false,"vamtam-normal-4":false,"vamtam-normal-featured-4":false,"vamtam-loop-4":false,"vamtam-loop-featured-4":false,"woocommerce_thumbnail":false,"woocommerce_single":false,"woocommerce_gallery_thumbnail":false},"uagb_author_info":{"display_name":"Amine Ettalbi","author_link":"https:\/\/strepia.com\/index.php\/author\/amine-ettalbi\/"},"uagb_comment_info":0,"uagb_excerpt":"Nos Valeurs Chez Strepia, notre mission repose sur des valeurs solides qui guident chacune de nos actions. Nous croyons qu&rsquo;un partenariat durable avec nos clients se construit sur la base de principes forts, qui assurent la r\u00e9ussite et la p\u00e9rennit\u00e9 des projets que nous menons ensemble. Nos trois valeurs fondamentales sont au c\u0153ur de notre...","_links":{"self":[{"href":"https:\/\/strepia.com\/index.php\/wp-json\/wp\/v2\/pages\/12361","targetHints":{"allow":["GET"]}}],"collection":[{"href":"https:\/\/strepia.com\/index.php\/wp-json\/wp\/v2\/pages"}],"about":[{"href":"https:\/\/strepia.com\/index.php\/wp-json\/wp\/v2\/types\/page"}],"author":[{"embeddable":true,"href":"https:\/\/strepia.com\/index.php\/wp-json\/wp\/v2\/users\/2"}],"replies":[{"embeddable":true,"href":"https:\/\/strepia.com\/index.php\/wp-json\/wp\/v2\/comments?post=12361"}],"version-history":[{"count":8,"href":"https:\/\/strepia.com\/index.php\/wp-json\/wp\/v2\/pages\/12361\/revisions"}],"predecessor-version":[{"id":988106,"href":"https:\/\/strepia.com\/index.php\/wp-json\/wp\/v2\/pages\/12361\/revisions\/988106"}],"up":[{"embeddable":true,"href":"https:\/\/strepia.com\/index.php\/wp-json\/wp\/v2\/pages\/13345"}],"wp:attachment":[{"href":"https:\/\/strepia.com\/index.php\/wp-json\/wp\/v2\/media?parent=12361"}],"curies":[{"name":"wp","href":"https:\/\/api.w.org\/{rel}","templated":true}]}}