{"id":12505,"date":"2017-04-30T11:02:13","date_gmt":"2017-04-30T11:02:13","guid":{"rendered":"https:\/\/strepia.com\/index.php\/industries-served\/industrial-construction\/"},"modified":"2026-04-08T00:29:41","modified_gmt":"2026-04-07T22:29:41","slug":"notre-reseau-dexperts","status":"publish","type":"page","link":"https:\/\/strepia.com\/index.php\/notre-expertise-et-nos-services\/notre-reseau-dexperts\/","title":{"rendered":"Notre r\u00e9seau d&rsquo;experts"},"content":{"rendered":"<div class=\"vgblk-rw-wrapper limit-wrapper\">\n<h2>\n\tNotre <br \/><strong>r\u00e9seau d&rsquo;experts <\/strong>\n\t<\/h2>\n\t<p>Chez <strong>Strepia<\/strong>, nous croyons que la r\u00e9ussite de vos projets repose sur l&rsquo;expertise des personnes qui y contribuent. Le contexte actuel, marqu\u00e9 par des innovations rapides et des exigences croissantes en mati\u00e8re d&rsquo;efficacit\u00e9, n\u00e9cessite de s&rsquo;appuyer sur des talents capables de comprendre en profondeur les enjeux sp\u00e9cifiques \u00e0 chaque entreprise.<\/p>\n<p>C&rsquo;est dans cet esprit que nous avons soigneusement constitu\u00e9 un <strong>r\u00e9seau de consultants et d&rsquo;experts<\/strong> reconnus pour leur savoir-faire dans divers domaines. Forts de leurs nombreuses ann\u00e9es d&rsquo;exp\u00e9rience, ces professionnels disposent non seulement d&rsquo;une expertise technique pointue, mais aussi d&rsquo;une connaissance fonctionnelle approfondie des processus industriels et logistiques. Chaque membre de notre r\u00e9seau est s\u00e9lectionn\u00e9 pour sa capacit\u00e9 \u00e0 r\u00e9pondre aux d\u00e9fis les plus complexes, garantissant des solutions efficaces et adapt\u00e9es \u00e0 vos besoins strat\u00e9giques.<\/p>\n<h4>\n\t\tDes experts s\u00e9lectionn\u00e9s avec rigueur\n\t<\/h4>\n\t<p>Nous collaborons avec des professionnels reconnus pour leur ma\u00eetrise des sujets techniques et strat\u00e9giques. Nos experts sont s\u00e9lectionn\u00e9s selon des crit\u00e8res exigeants, garantissant un haut niveau de comp\u00e9tence et une parfaite ad\u00e9quation avec les besoins sp\u00e9cifiques de chaque mission.<\/p>\n<ul>\n<li><strong>Comp\u00e9tence technique avanc\u00e9e<\/strong> : Nos consultants ma\u00eetrisent les technologies les plus r\u00e9centes, des syst\u00e8mes WMS et TMS aux solutions d&rsquo;automatisation industrielle et d&rsquo;intelligence artificielle.<\/li>\n<li><strong>Expertise fonctionnelle<\/strong> : Ils poss\u00e8dent \u00e9galement une exp\u00e9rience approfondie des processus m\u00e9tiers, leur permettant d&rsquo;intervenir sur l&rsquo;optimisation des op\u00e9rations logistiques et industrielles.<\/li>\n<\/ul>\n<h4>\n\t\tUn r\u00e9seau mondial et flexible\n\t<\/h4>\n\t<p>Notre r\u00e9seau d&rsquo;experts s&rsquo;\u00e9tend \u00e0 l&rsquo;international, ce qui nous permet d&rsquo;intervenir rapidement et efficacement sur des projets \u00e0 travers diff\u00e9rents pays et secteurs d&rsquo;activit\u00e9. Que vous ayez besoin d&rsquo;un consultant local ou d&rsquo;une \u00e9quipe d&rsquo;experts multiculturelle, Strepia est capable de mobiliser les ressources appropri\u00e9es, o\u00f9 que vous soyez.<\/p>\n<ul>\n<li><strong>Pr\u00e9sence internationale<\/strong> : Gr\u00e2ce \u00e0 notre r\u00e9seau mondial, nous r\u00e9pondons \u00e0 des besoins locaux et globaux, en apportant une expertise adapt\u00e9e \u00e0 chaque march\u00e9.<\/li>\n<li><strong>Flexibilit\u00e9<\/strong> : Nous pouvons ajuster la taille et la composition des \u00e9quipes en fonction de la nature de votre projet, garantissant une solution sur-mesure.<\/li>\n<\/ul>\n<h4>\n\t\tUne expertise adapt\u00e9e \u00e0 vos d\u00e9fis\n\t<\/h4>\n\t<p>Que vous soyez \u00e0 la recherche d&rsquo;une <strong>expertise technologique<\/strong>, d&rsquo;une <strong>connaissance pointue de votre secteur<\/strong>, ou d&rsquo;un <strong>accompagnement strat\u00e9gique<\/strong> pour transformer vos op\u00e9rations, notre r\u00e9seau d&rsquo;experts est \u00e0 votre disposition pour vous fournir des solutions adapt\u00e9es \u00e0 vos objectifs.<\/p>\n\t<p><strong>Strepia s&rsquo;engage \u00e0 vous fournir les meilleurs talents pour garantir la r\u00e9ussite de vos projets.<\/strong> Gr\u00e2ce \u00e0 notre r\u00e9seau d&rsquo;experts, nous vous offrons un accompagnement sur-mesure, fond\u00e9 sur l&rsquo;excellence et la r\u00e9activit\u00e9. <strong>Contactez-nous<\/strong> d\u00e8s aujourd&rsquo;hui pour d\u00e9couvrir comment nous pouvons mettre \u00e0 votre disposition les experts dont vous avez besoin.<\/p>\n\n<\/div><!-- .vgblk-rw-wrapper -->","protected":false},"excerpt":{"rendered":"<p>Notre r\u00e9seau d&rsquo;experts Chez Strepia, nous croyons que la r\u00e9ussite de vos projets repose sur l&rsquo;expertise des personnes qui y contribuent. Le contexte actuel, marqu\u00e9 par des innovations rapides et des exigences croissantes en mati\u00e8re d&rsquo;efficacit\u00e9, n\u00e9cessite de s&rsquo;appuyer sur des talents capables de comprendre en profondeur les enjeux sp\u00e9cifiques \u00e0 chaque entreprise. C&rsquo;est dans&#8230;<\/p>\n","protected":false},"author":2,"featured_media":0,"parent":12320,"menu_order":0,"comment_status":"closed","ping_status":"closed","template":"","meta":{"inline_featured_image":false,"_uag_custom_page_level_css":"","footnotes":""},"class_list":["post-12505","page","type-page","status-publish","hentry"],"yoast_head":"<!-- This site is optimized with the Yoast SEO plugin v27.4 - https:\/\/yoast.com\/product\/yoast-seo-wordpress\/ -->\n<title>Notre r\u00e9seau d&#039;experts - Strepia<\/title>\n<meta name=\"robots\" content=\"index, follow, max-snippet:-1, max-image-preview:large, max-video-preview:-1\" \/>\n<link rel=\"canonical\" href=\"https:\/\/strepia.com\/index.php\/notre-expertise-et-nos-services\/notre-reseau-dexperts\/\" \/>\n<meta property=\"og:locale\" content=\"fr_FR\" \/>\n<meta property=\"og:type\" content=\"article\" \/>\n<meta property=\"og:title\" content=\"Notre r\u00e9seau d&#039;experts - Strepia\" \/>\n<meta property=\"og:description\" content=\"Notre r\u00e9seau d&rsquo;experts Chez Strepia, nous croyons que la r\u00e9ussite de vos projets repose sur l&rsquo;expertise des personnes qui y contribuent. Le contexte actuel, marqu\u00e9 par des innovations rapides et des exigences croissantes en mati\u00e8re d&rsquo;efficacit\u00e9, n\u00e9cessite de s&rsquo;appuyer sur des talents capables de comprendre en profondeur les enjeux sp\u00e9cifiques \u00e0 chaque entreprise. C&rsquo;est dans...\" \/>\n<meta property=\"og:url\" content=\"https:\/\/strepia.com\/index.php\/notre-expertise-et-nos-services\/notre-reseau-dexperts\/\" \/>\n<meta property=\"og:site_name\" content=\"Strepia\" \/>\n<meta property=\"article:modified_time\" content=\"2026-04-07T22:29:41+00:00\" \/>\n<meta name=\"twitter:card\" content=\"summary_large_image\" \/>\n<meta name=\"twitter:label1\" content=\"Dur\u00e9e de lecture estim\u00e9e\" \/>\n\t<meta name=\"twitter:data1\" content=\"3 minutes\" \/>\n<script type=\"application\/ld+json\" class=\"yoast-schema-graph\">{\"@context\":\"https:\\\/\\\/schema.org\",\"@graph\":[{\"@type\":\"WebPage\",\"@id\":\"https:\\\/\\\/strepia.com\\\/index.php\\\/notre-expertise-et-nos-services\\\/notre-reseau-dexperts\\\/\",\"url\":\"https:\\\/\\\/strepia.com\\\/index.php\\\/notre-expertise-et-nos-services\\\/notre-reseau-dexperts\\\/\",\"name\":\"Notre r\u00e9seau d'experts - Strepia\",\"isPartOf\":{\"@id\":\"https:\\\/\\\/strepia.com\\\/#website\"},\"datePublished\":\"2017-04-30T11:02:13+00:00\",\"dateModified\":\"2026-04-07T22:29:41+00:00\",\"breadcrumb\":{\"@id\":\"https:\\\/\\\/strepia.com\\\/index.php\\\/notre-expertise-et-nos-services\\\/notre-reseau-dexperts\\\/#breadcrumb\"},\"inLanguage\":\"fr-FR\",\"potentialAction\":[{\"@type\":\"ReadAction\",\"target\":[\"https:\\\/\\\/strepia.com\\\/index.php\\\/notre-expertise-et-nos-services\\\/notre-reseau-dexperts\\\/\"]}]},{\"@type\":\"BreadcrumbList\",\"@id\":\"https:\\\/\\\/strepia.com\\\/index.php\\\/notre-expertise-et-nos-services\\\/notre-reseau-dexperts\\\/#breadcrumb\",\"itemListElement\":[{\"@type\":\"ListItem\",\"position\":1,\"name\":\"Home\",\"item\":\"https:\\\/\\\/strepia.com\\\/\"},{\"@type\":\"ListItem\",\"position\":2,\"name\":\"Notre Expertise et Nos Services\",\"item\":\"https:\\\/\\\/strepia.com\\\/index.php\\\/notre-expertise-et-nos-services\\\/\"},{\"@type\":\"ListItem\",\"position\":3,\"name\":\"Notre r\u00e9seau d&#8217;experts\"}]},{\"@type\":\"WebSite\",\"@id\":\"https:\\\/\\\/strepia.com\\\/#website\",\"url\":\"https:\\\/\\\/strepia.com\\\/\",\"name\":\"Strepia\",\"description\":\"\",\"publisher\":{\"@id\":\"https:\\\/\\\/strepia.com\\\/#organization\"},\"potentialAction\":[{\"@type\":\"SearchAction\",\"target\":{\"@type\":\"EntryPoint\",\"urlTemplate\":\"https:\\\/\\\/strepia.com\\\/?s={search_term_string}\"},\"query-input\":{\"@type\":\"PropertyValueSpecification\",\"valueRequired\":true,\"valueName\":\"search_term_string\"}}],\"inLanguage\":\"fr-FR\"},{\"@type\":\"Organization\",\"@id\":\"https:\\\/\\\/strepia.com\\\/#organization\",\"name\":\"Strepia\",\"url\":\"https:\\\/\\\/strepia.com\\\/\",\"logo\":{\"@type\":\"ImageObject\",\"inLanguage\":\"fr-FR\",\"@id\":\"https:\\\/\\\/strepia.com\\\/#\\\/schema\\\/logo\\\/image\\\/\",\"url\":\"https:\\\/\\\/strepia.com\\\/wp-content\\\/uploads\\\/2024\\\/08\\\/cropped-cropped-Strepia-450x150-1.png\",\"contentUrl\":\"https:\\\/\\\/strepia.com\\\/wp-content\\\/uploads\\\/2024\\\/08\\\/cropped-cropped-Strepia-450x150-1.png\",\"width\":355,\"height\":150,\"caption\":\"Strepia\"},\"image\":{\"@id\":\"https:\\\/\\\/strepia.com\\\/#\\\/schema\\\/logo\\\/image\\\/\"}}]}<\/script>\n<!-- \/ Yoast SEO plugin. -->","yoast_head_json":{"title":"Notre r\u00e9seau d'experts - Strepia","robots":{"index":"index","follow":"follow","max-snippet":"max-snippet:-1","max-image-preview":"max-image-preview:large","max-video-preview":"max-video-preview:-1"},"canonical":"https:\/\/strepia.com\/index.php\/notre-expertise-et-nos-services\/notre-reseau-dexperts\/","og_locale":"fr_FR","og_type":"article","og_title":"Notre r\u00e9seau d'experts - Strepia","og_description":"Notre r\u00e9seau d&rsquo;experts Chez Strepia, nous croyons que la r\u00e9ussite de vos projets repose sur l&rsquo;expertise des personnes qui y contribuent. Le contexte actuel, marqu\u00e9 par des innovations rapides et des exigences croissantes en mati\u00e8re d&rsquo;efficacit\u00e9, n\u00e9cessite de s&rsquo;appuyer sur des talents capables de comprendre en profondeur les enjeux sp\u00e9cifiques \u00e0 chaque entreprise. C&rsquo;est dans...","og_url":"https:\/\/strepia.com\/index.php\/notre-expertise-et-nos-services\/notre-reseau-dexperts\/","og_site_name":"Strepia","article_modified_time":"2026-04-07T22:29:41+00:00","twitter_card":"summary_large_image","twitter_misc":{"Dur\u00e9e de lecture estim\u00e9e":"3 minutes"},"schema":{"@context":"https:\/\/schema.org","@graph":[{"@type":"WebPage","@id":"https:\/\/strepia.com\/index.php\/notre-expertise-et-nos-services\/notre-reseau-dexperts\/","url":"https:\/\/strepia.com\/index.php\/notre-expertise-et-nos-services\/notre-reseau-dexperts\/","name":"Notre r\u00e9seau d'experts - Strepia","isPartOf":{"@id":"https:\/\/strepia.com\/#website"},"datePublished":"2017-04-30T11:02:13+00:00","dateModified":"2026-04-07T22:29:41+00:00","breadcrumb":{"@id":"https:\/\/strepia.com\/index.php\/notre-expertise-et-nos-services\/notre-reseau-dexperts\/#breadcrumb"},"inLanguage":"fr-FR","potentialAction":[{"@type":"ReadAction","target":["https:\/\/strepia.com\/index.php\/notre-expertise-et-nos-services\/notre-reseau-dexperts\/"]}]},{"@type":"BreadcrumbList","@id":"https:\/\/strepia.com\/index.php\/notre-expertise-et-nos-services\/notre-reseau-dexperts\/#breadcrumb","itemListElement":[{"@type":"ListItem","position":1,"name":"Home","item":"https:\/\/strepia.com\/"},{"@type":"ListItem","position":2,"name":"Notre Expertise et Nos Services","item":"https:\/\/strepia.com\/index.php\/notre-expertise-et-nos-services\/"},{"@type":"ListItem","position":3,"name":"Notre r\u00e9seau d&#8217;experts"}]},{"@type":"WebSite","@id":"https:\/\/strepia.com\/#website","url":"https:\/\/strepia.com\/","name":"Strepia","description":"","publisher":{"@id":"https:\/\/strepia.com\/#organization"},"potentialAction":[{"@type":"SearchAction","target":{"@type":"EntryPoint","urlTemplate":"https:\/\/strepia.com\/?s={search_term_string}"},"query-input":{"@type":"PropertyValueSpecification","valueRequired":true,"valueName":"search_term_string"}}],"inLanguage":"fr-FR"},{"@type":"Organization","@id":"https:\/\/strepia.com\/#organization","name":"Strepia","url":"https:\/\/strepia.com\/","logo":{"@type":"ImageObject","inLanguage":"fr-FR","@id":"https:\/\/strepia.com\/#\/schema\/logo\/image\/","url":"https:\/\/strepia.com\/wp-content\/uploads\/2024\/08\/cropped-cropped-Strepia-450x150-1.png","contentUrl":"https:\/\/strepia.com\/wp-content\/uploads\/2024\/08\/cropped-cropped-Strepia-450x150-1.png","width":355,"height":150,"caption":"Strepia"},"image":{"@id":"https:\/\/strepia.com\/#\/schema\/logo\/image\/"}}]}},"uagb_featured_image_src":{"full":false,"thumbnail":false,"medium":false,"medium_large":false,"large":false,"1536x1536":false,"2048x2048":false,"vamtam-single":false,"vamtam-normal-1":false,"vamtam-loop-1":false,"vamtam-normal-2":false,"vamtam-normal-featured-2":false,"vamtam-loop-2":false,"vamtam-loop-featured-2":false,"vamtam-normal-3":false,"vamtam-normal-featured-3":false,"vamtam-loop-3":false,"vamtam-loop-featured-3":false,"vamtam-normal-4":false,"vamtam-normal-featured-4":false,"vamtam-loop-4":false,"vamtam-loop-featured-4":false,"woocommerce_thumbnail":false,"woocommerce_single":false,"woocommerce_gallery_thumbnail":false},"uagb_author_info":{"display_name":"Amine Ettalbi","author_link":"https:\/\/strepia.com\/index.php\/author\/amine-ettalbi\/"},"uagb_comment_info":0,"uagb_excerpt":"Notre r\u00e9seau d&rsquo;experts Chez Strepia, nous croyons que la r\u00e9ussite de vos projets repose sur l&rsquo;expertise des personnes qui y contribuent. Le contexte actuel, marqu\u00e9 par des innovations rapides et des exigences croissantes en mati\u00e8re d&rsquo;efficacit\u00e9, n\u00e9cessite de s&rsquo;appuyer sur des talents capables de comprendre en profondeur les enjeux sp\u00e9cifiques \u00e0 chaque entreprise. C&rsquo;est dans...","_links":{"self":[{"href":"https:\/\/strepia.com\/index.php\/wp-json\/wp\/v2\/pages\/12505","targetHints":{"allow":["GET"]}}],"collection":[{"href":"https:\/\/strepia.com\/index.php\/wp-json\/wp\/v2\/pages"}],"about":[{"href":"https:\/\/strepia.com\/index.php\/wp-json\/wp\/v2\/types\/page"}],"author":[{"embeddable":true,"href":"https:\/\/strepia.com\/index.php\/wp-json\/wp\/v2\/users\/2"}],"replies":[{"embeddable":true,"href":"https:\/\/strepia.com\/index.php\/wp-json\/wp\/v2\/comments?post=12505"}],"version-history":[{"count":6,"href":"https:\/\/strepia.com\/index.php\/wp-json\/wp\/v2\/pages\/12505\/revisions"}],"predecessor-version":[{"id":987893,"href":"https:\/\/strepia.com\/index.php\/wp-json\/wp\/v2\/pages\/12505\/revisions\/987893"}],"up":[{"embeddable":true,"href":"https:\/\/strepia.com\/index.php\/wp-json\/wp\/v2\/pages\/12320"}],"wp:attachment":[{"href":"https:\/\/strepia.com\/index.php\/wp-json\/wp\/v2\/media?parent=12505"}],"curies":[{"name":"wp","href":"https:\/\/api.w.org\/{rel}","templated":true}]}}