{"id":12696,"date":"2017-05-08T17:30:45","date_gmt":"2017-05-08T17:30:45","guid":{"rendered":"https:\/\/strepia.com\/index.php\/electronic-materials\/"},"modified":"2026-04-08T00:29:41","modified_gmt":"2026-04-07T22:29:41","slug":"etudes-davant-projet-et-expertise-en-supply-chain","status":"publish","type":"page","link":"https:\/\/strepia.com\/index.php\/notre-expertise-et-nos-services\/etudes-davant-projet-et-expertise-en-supply-chain\/","title":{"rendered":"\u00c9tudes d&rsquo;avant-projet et expertise en Supply Chain"},"content":{"rendered":"<div class=\"vgblk-rw-wrapper limit-wrapper\">\n<h2>\n\t\u00c9tudes<strong> d&rsquo;Avant-Projet <\/strong> <br \/>et Expertise<strong> en Supply Chain <\/strong>\n\t<\/h2>\n\t<p>Chez <strong>Strepia<\/strong>, nous accompagnons nos clients d\u00e8s les premi\u00e8res \u00e9tapes de leurs projets, en leur fournissant une <strong>analyse approfondie<\/strong> de leurs op\u00e9rations et en identifiant des <strong>leviers de performance<\/strong> pour optimiser leurs processus logistiques et industriels. Notre expertise en <strong>Supply Chain<\/strong> nous permet de concevoir des solutions personnalis\u00e9es qui r\u00e9pondent aux exigences sp\u00e9cifiques de chaque entreprise, tout en tenant compte des enjeux de modernisation et d&rsquo;innovation.<\/p>\n<h4>\n\tAnalyse et diagnostic approfondis\n\t<\/h4>\n\t<p>Notre processus d&rsquo;\u00e9tude d&rsquo;avant-projet commence par une \u00e9valuation rigoureuse de vos op\u00e9rations existantes. Gr\u00e2ce \u00e0 des diagnostics complets, nous identifions les <strong>gains potentiels<\/strong>, les <strong>goulots d&rsquo;\u00e9tranglement<\/strong>, et les opportunit\u00e9s de <strong>m\u00e9canisation<\/strong> ou de <strong>digitalisation<\/strong>.<\/p>\n<ul>\n<li><strong>Audit logistique et industriel<\/strong> : Nous r\u00e9alisons une cartographie d\u00e9taill\u00e9e de vos flux logistiques et de vos processus de production afin de d\u00e9tecter les axes d&rsquo;am\u00e9lioration.<\/li>\n<li><strong>Identification des opportunit\u00e9s d&rsquo;optimisation<\/strong> : En analysant vos op\u00e9rations, nous mettons en \u00e9vidence les leviers de performance, qu&rsquo;il s&rsquo;agisse d&rsquo;am\u00e9liorer la gestion des stocks, de r\u00e9duire les d\u00e9lais, ou de moderniser vos infrastructures.<\/li>\n<\/ul>\n<h4>\n\tSolutions sur-mesure pour la modernisation\n\t<\/h4>\n\t<p>\u00c0 l&rsquo;issue de cette phase d&rsquo;analyse, nous \u00e9laborons des <strong>solutions sur-mesure<\/strong> qui s&rsquo;appuient sur les derni\u00e8res innovations technologiques et m\u00e9thodologiques pour faire \u00e9voluer vos op\u00e9rations. Nos recommandations sont con\u00e7ues pour vous aider \u00e0 <strong>r\u00e9duire les co\u00fbts<\/strong>, <strong>am\u00e9liorer l&rsquo;efficacit\u00e9<\/strong> et <strong>augmenter la flexibilit\u00e9<\/strong> de votre Supply Chain.<\/p>\n<ul>\n<li><strong>Projets de m\u00e9canisation et d&rsquo;automatisation<\/strong> : Nous proposons des strat\u00e9gies de m\u00e9canisation adapt\u00e9es \u00e0 vos besoins sp\u00e9cifiques, que ce soit pour la gestion des entrep\u00f4ts, la distribution, ou la production.<\/li>\n<li><strong>Industrie 4.0<\/strong> : Nous int\u00e9grons des technologies avanc\u00e9es pour moderniser vos syst\u00e8mes, allant de l&rsquo;automatisation des flux \u00e0 l&rsquo;analyse pr\u00e9dictive des donn\u00e9es.<\/li>\n<\/ul>\n<h4>\n\tAccompagnement de bout en bout\n\t<\/h4>\n\t<p>Notre engagement ne s&rsquo;arr\u00eate pas \u00e0 la phase d&rsquo;\u00e9tude. Chez Strepia, nous vous accompagnons tout au long de la mise en \u0153uvre de nos recommandations, garantissant un suivi r\u00e9gulier et des ajustements en temps r\u00e9el pour assurer le succ\u00e8s de vos projets.<\/p>\n<ul>\n<li><strong>Support strat\u00e9gique et op\u00e9rationnel<\/strong> : Nous travaillons en \u00e9troite collaboration avec vos \u00e9quipes pour assurer la bonne ex\u00e9cution des solutions propos\u00e9es.<\/li>\n<li><strong>Suivi post-impl\u00e9mentation<\/strong> : Nous vous aidons \u00e0 \u00e9valuer les r\u00e9sultats obtenus et \u00e0 ajuster les processus pour garantir une performance durable.<\/li>\n<\/ul>\n\t<p><strong>Strepia s&rsquo;engage \u00e0 vous fournir une expertise compl\u00e8te pour vos \u00e9tudes d&rsquo;avant-projet en Supply Chain.<\/strong> En associant une analyse d\u00e9taill\u00e9e \u00e0 des solutions personnalis\u00e9es et innovantes, nous vous aidons \u00e0 anticiper les d\u00e9fis de demain et \u00e0 optimiser vos op\u00e9rations d\u00e8s aujourd&rsquo;hui.<\/p>\n<p><strong>Contactez-nous<\/strong> pour en savoir plus sur la mani\u00e8re dont nous pouvons vous accompagner dans vos projets.<\/p>\n\n<\/div><!-- .vgblk-rw-wrapper -->","protected":false},"excerpt":{"rendered":"<p>\u00c9tudes d&rsquo;Avant-Projet et Expertise en Supply Chain Chez Strepia, nous accompagnons nos clients d\u00e8s les premi\u00e8res \u00e9tapes de leurs projets, en leur fournissant une analyse approfondie de leurs op\u00e9rations et en identifiant des leviers de performance pour optimiser leurs processus logistiques et industriels. Notre expertise en Supply Chain nous permet de concevoir des solutions personnalis\u00e9es&#8230;<\/p>\n","protected":false},"author":2,"featured_media":0,"parent":12320,"menu_order":0,"comment_status":"closed","ping_status":"closed","template":"","meta":{"inline_featured_image":false,"_uag_custom_page_level_css":"","footnotes":""},"class_list":["post-12696","page","type-page","status-publish","hentry"],"yoast_head":"<!-- This site is optimized with the Yoast SEO plugin v27.4 - https:\/\/yoast.com\/product\/yoast-seo-wordpress\/ -->\n<title>\u00c9tudes d&#039;avant-projet et expertise en Supply Chain - Strepia<\/title>\n<meta name=\"robots\" content=\"index, follow, max-snippet:-1, max-image-preview:large, max-video-preview:-1\" \/>\n<link rel=\"canonical\" href=\"https:\/\/strepia.com\/index.php\/notre-expertise-et-nos-services\/etudes-davant-projet-et-expertise-en-supply-chain\/\" \/>\n<meta property=\"og:locale\" content=\"fr_FR\" \/>\n<meta property=\"og:type\" content=\"article\" \/>\n<meta property=\"og:title\" content=\"\u00c9tudes d&#039;avant-projet et expertise en Supply Chain - Strepia\" \/>\n<meta property=\"og:description\" content=\"\u00c9tudes d&rsquo;Avant-Projet et Expertise en Supply Chain Chez Strepia, nous accompagnons nos clients d\u00e8s les premi\u00e8res \u00e9tapes de leurs projets, en leur fournissant une analyse approfondie de leurs op\u00e9rations et en identifiant des leviers de performance pour optimiser leurs processus logistiques et industriels. Notre expertise en Supply Chain nous permet de concevoir des solutions personnalis\u00e9es...\" \/>\n<meta property=\"og:url\" content=\"https:\/\/strepia.com\/index.php\/notre-expertise-et-nos-services\/etudes-davant-projet-et-expertise-en-supply-chain\/\" \/>\n<meta property=\"og:site_name\" content=\"Strepia\" \/>\n<meta property=\"article:modified_time\" content=\"2026-04-07T22:29:41+00:00\" \/>\n<meta name=\"twitter:card\" content=\"summary_large_image\" \/>\n<meta name=\"twitter:label1\" content=\"Dur\u00e9e de lecture estim\u00e9e\" \/>\n\t<meta name=\"twitter:data1\" content=\"3 minutes\" \/>\n<script type=\"application\/ld+json\" class=\"yoast-schema-graph\">{\"@context\":\"https:\\\/\\\/schema.org\",\"@graph\":[{\"@type\":\"WebPage\",\"@id\":\"https:\\\/\\\/strepia.com\\\/index.php\\\/notre-expertise-et-nos-services\\\/etudes-davant-projet-et-expertise-en-supply-chain\\\/\",\"url\":\"https:\\\/\\\/strepia.com\\\/index.php\\\/notre-expertise-et-nos-services\\\/etudes-davant-projet-et-expertise-en-supply-chain\\\/\",\"name\":\"\u00c9tudes d'avant-projet et expertise en Supply Chain - Strepia\",\"isPartOf\":{\"@id\":\"https:\\\/\\\/strepia.com\\\/#website\"},\"datePublished\":\"2017-05-08T17:30:45+00:00\",\"dateModified\":\"2026-04-07T22:29:41+00:00\",\"breadcrumb\":{\"@id\":\"https:\\\/\\\/strepia.com\\\/index.php\\\/notre-expertise-et-nos-services\\\/etudes-davant-projet-et-expertise-en-supply-chain\\\/#breadcrumb\"},\"inLanguage\":\"fr-FR\",\"potentialAction\":[{\"@type\":\"ReadAction\",\"target\":[\"https:\\\/\\\/strepia.com\\\/index.php\\\/notre-expertise-et-nos-services\\\/etudes-davant-projet-et-expertise-en-supply-chain\\\/\"]}]},{\"@type\":\"BreadcrumbList\",\"@id\":\"https:\\\/\\\/strepia.com\\\/index.php\\\/notre-expertise-et-nos-services\\\/etudes-davant-projet-et-expertise-en-supply-chain\\\/#breadcrumb\",\"itemListElement\":[{\"@type\":\"ListItem\",\"position\":1,\"name\":\"Home\",\"item\":\"https:\\\/\\\/strepia.com\\\/\"},{\"@type\":\"ListItem\",\"position\":2,\"name\":\"Notre Expertise et Nos Services\",\"item\":\"https:\\\/\\\/strepia.com\\\/index.php\\\/notre-expertise-et-nos-services\\\/\"},{\"@type\":\"ListItem\",\"position\":3,\"name\":\"\u00c9tudes d&#8217;avant-projet et expertise en Supply Chain\"}]},{\"@type\":\"WebSite\",\"@id\":\"https:\\\/\\\/strepia.com\\\/#website\",\"url\":\"https:\\\/\\\/strepia.com\\\/\",\"name\":\"Strepia\",\"description\":\"\",\"publisher\":{\"@id\":\"https:\\\/\\\/strepia.com\\\/#organization\"},\"potentialAction\":[{\"@type\":\"SearchAction\",\"target\":{\"@type\":\"EntryPoint\",\"urlTemplate\":\"https:\\\/\\\/strepia.com\\\/?s={search_term_string}\"},\"query-input\":{\"@type\":\"PropertyValueSpecification\",\"valueRequired\":true,\"valueName\":\"search_term_string\"}}],\"inLanguage\":\"fr-FR\"},{\"@type\":\"Organization\",\"@id\":\"https:\\\/\\\/strepia.com\\\/#organization\",\"name\":\"Strepia\",\"url\":\"https:\\\/\\\/strepia.com\\\/\",\"logo\":{\"@type\":\"ImageObject\",\"inLanguage\":\"fr-FR\",\"@id\":\"https:\\\/\\\/strepia.com\\\/#\\\/schema\\\/logo\\\/image\\\/\",\"url\":\"https:\\\/\\\/strepia.com\\\/wp-content\\\/uploads\\\/2024\\\/08\\\/cropped-cropped-Strepia-450x150-1.png\",\"contentUrl\":\"https:\\\/\\\/strepia.com\\\/wp-content\\\/uploads\\\/2024\\\/08\\\/cropped-cropped-Strepia-450x150-1.png\",\"width\":355,\"height\":150,\"caption\":\"Strepia\"},\"image\":{\"@id\":\"https:\\\/\\\/strepia.com\\\/#\\\/schema\\\/logo\\\/image\\\/\"}}]}<\/script>\n<!-- \/ Yoast SEO plugin. -->","yoast_head_json":{"title":"\u00c9tudes d'avant-projet et expertise en Supply Chain - Strepia","robots":{"index":"index","follow":"follow","max-snippet":"max-snippet:-1","max-image-preview":"max-image-preview:large","max-video-preview":"max-video-preview:-1"},"canonical":"https:\/\/strepia.com\/index.php\/notre-expertise-et-nos-services\/etudes-davant-projet-et-expertise-en-supply-chain\/","og_locale":"fr_FR","og_type":"article","og_title":"\u00c9tudes d'avant-projet et expertise en Supply Chain - Strepia","og_description":"\u00c9tudes d&rsquo;Avant-Projet et Expertise en Supply Chain Chez Strepia, nous accompagnons nos clients d\u00e8s les premi\u00e8res \u00e9tapes de leurs projets, en leur fournissant une analyse approfondie de leurs op\u00e9rations et en identifiant des leviers de performance pour optimiser leurs processus logistiques et industriels. Notre expertise en Supply Chain nous permet de concevoir des solutions personnalis\u00e9es...","og_url":"https:\/\/strepia.com\/index.php\/notre-expertise-et-nos-services\/etudes-davant-projet-et-expertise-en-supply-chain\/","og_site_name":"Strepia","article_modified_time":"2026-04-07T22:29:41+00:00","twitter_card":"summary_large_image","twitter_misc":{"Dur\u00e9e de lecture estim\u00e9e":"3 minutes"},"schema":{"@context":"https:\/\/schema.org","@graph":[{"@type":"WebPage","@id":"https:\/\/strepia.com\/index.php\/notre-expertise-et-nos-services\/etudes-davant-projet-et-expertise-en-supply-chain\/","url":"https:\/\/strepia.com\/index.php\/notre-expertise-et-nos-services\/etudes-davant-projet-et-expertise-en-supply-chain\/","name":"\u00c9tudes d'avant-projet et expertise en Supply Chain - Strepia","isPartOf":{"@id":"https:\/\/strepia.com\/#website"},"datePublished":"2017-05-08T17:30:45+00:00","dateModified":"2026-04-07T22:29:41+00:00","breadcrumb":{"@id":"https:\/\/strepia.com\/index.php\/notre-expertise-et-nos-services\/etudes-davant-projet-et-expertise-en-supply-chain\/#breadcrumb"},"inLanguage":"fr-FR","potentialAction":[{"@type":"ReadAction","target":["https:\/\/strepia.com\/index.php\/notre-expertise-et-nos-services\/etudes-davant-projet-et-expertise-en-supply-chain\/"]}]},{"@type":"BreadcrumbList","@id":"https:\/\/strepia.com\/index.php\/notre-expertise-et-nos-services\/etudes-davant-projet-et-expertise-en-supply-chain\/#breadcrumb","itemListElement":[{"@type":"ListItem","position":1,"name":"Home","item":"https:\/\/strepia.com\/"},{"@type":"ListItem","position":2,"name":"Notre Expertise et Nos Services","item":"https:\/\/strepia.com\/index.php\/notre-expertise-et-nos-services\/"},{"@type":"ListItem","position":3,"name":"\u00c9tudes d&#8217;avant-projet et expertise en Supply Chain"}]},{"@type":"WebSite","@id":"https:\/\/strepia.com\/#website","url":"https:\/\/strepia.com\/","name":"Strepia","description":"","publisher":{"@id":"https:\/\/strepia.com\/#organization"},"potentialAction":[{"@type":"SearchAction","target":{"@type":"EntryPoint","urlTemplate":"https:\/\/strepia.com\/?s={search_term_string}"},"query-input":{"@type":"PropertyValueSpecification","valueRequired":true,"valueName":"search_term_string"}}],"inLanguage":"fr-FR"},{"@type":"Organization","@id":"https:\/\/strepia.com\/#organization","name":"Strepia","url":"https:\/\/strepia.com\/","logo":{"@type":"ImageObject","inLanguage":"fr-FR","@id":"https:\/\/strepia.com\/#\/schema\/logo\/image\/","url":"https:\/\/strepia.com\/wp-content\/uploads\/2024\/08\/cropped-cropped-Strepia-450x150-1.png","contentUrl":"https:\/\/strepia.com\/wp-content\/uploads\/2024\/08\/cropped-cropped-Strepia-450x150-1.png","width":355,"height":150,"caption":"Strepia"},"image":{"@id":"https:\/\/strepia.com\/#\/schema\/logo\/image\/"}}]}},"uagb_featured_image_src":{"full":false,"thumbnail":false,"medium":false,"medium_large":false,"large":false,"1536x1536":false,"2048x2048":false,"vamtam-single":false,"vamtam-normal-1":false,"vamtam-loop-1":false,"vamtam-normal-2":false,"vamtam-normal-featured-2":false,"vamtam-loop-2":false,"vamtam-loop-featured-2":false,"vamtam-normal-3":false,"vamtam-normal-featured-3":false,"vamtam-loop-3":false,"vamtam-loop-featured-3":false,"vamtam-normal-4":false,"vamtam-normal-featured-4":false,"vamtam-loop-4":false,"vamtam-loop-featured-4":false,"woocommerce_thumbnail":false,"woocommerce_single":false,"woocommerce_gallery_thumbnail":false},"uagb_author_info":{"display_name":"Amine Ettalbi","author_link":"https:\/\/strepia.com\/index.php\/author\/amine-ettalbi\/"},"uagb_comment_info":0,"uagb_excerpt":"\u00c9tudes d&rsquo;Avant-Projet et Expertise en Supply Chain Chez Strepia, nous accompagnons nos clients d\u00e8s les premi\u00e8res \u00e9tapes de leurs projets, en leur fournissant une analyse approfondie de leurs op\u00e9rations et en identifiant des leviers de performance pour optimiser leurs processus logistiques et industriels. Notre expertise en Supply Chain nous permet de concevoir des solutions personnalis\u00e9es...","_links":{"self":[{"href":"https:\/\/strepia.com\/index.php\/wp-json\/wp\/v2\/pages\/12696","targetHints":{"allow":["GET"]}}],"collection":[{"href":"https:\/\/strepia.com\/index.php\/wp-json\/wp\/v2\/pages"}],"about":[{"href":"https:\/\/strepia.com\/index.php\/wp-json\/wp\/v2\/types\/page"}],"author":[{"embeddable":true,"href":"https:\/\/strepia.com\/index.php\/wp-json\/wp\/v2\/users\/2"}],"replies":[{"embeddable":true,"href":"https:\/\/strepia.com\/index.php\/wp-json\/wp\/v2\/comments?post=12696"}],"version-history":[{"count":6,"href":"https:\/\/strepia.com\/index.php\/wp-json\/wp\/v2\/pages\/12696\/revisions"}],"predecessor-version":[{"id":987912,"href":"https:\/\/strepia.com\/index.php\/wp-json\/wp\/v2\/pages\/12696\/revisions\/987912"}],"up":[{"embeddable":true,"href":"https:\/\/strepia.com\/index.php\/wp-json\/wp\/v2\/pages\/12320"}],"wp:attachment":[{"href":"https:\/\/strepia.com\/index.php\/wp-json\/wp\/v2\/media?parent=12696"}],"curies":[{"name":"wp","href":"https:\/\/api.w.org\/{rel}","templated":true}]}}