{"id":12737,"date":"2017-05-10T20:14:16","date_gmt":"2017-05-10T20:14:16","guid":{"rendered":"https:\/\/strepia.com\/index.php\/power-systems\/"},"modified":"2026-04-08T00:29:41","modified_gmt":"2026-04-07T22:29:41","slug":"gestion-de-projets-et-transition","status":"publish","type":"page","link":"https:\/\/strepia.com\/index.php\/notre-expertise-et-nos-services\/gestion-de-projets-et-transition\/","title":{"rendered":"Gestion de Projets et Transition"},"content":{"rendered":"<div class=\"vgblk-rw-wrapper limit-wrapper\">\n<h2>\n\tGestion <br \/><strong>de projet et transition <\/strong>\n\t<\/h2>\n\t<p>Chez <strong>Strepia<\/strong>, nous comprenons l&rsquo;importance d&rsquo;une <strong>gestion de projet rigoureuse<\/strong> et d&rsquo;une <strong>transition fluide<\/strong> pour assurer la r\u00e9ussite des transformations dans la Supply Chain et le Manufacturing. Nos consultants, experts en pilotage de projets complexes, vous accompagnent \u00e0 chaque \u00e9tape pour garantir la mise en \u0153uvre efficace des solutions tout en minimisant les risques li\u00e9s aux transitions organisationnelles et technologiques.<\/p>\n<h4>\n\tPilotage de projets\n\t<\/h4>\n\t<p>Nous prenons en charge l&rsquo;ensemble de la <strong>gestion de projet<\/strong>, de la planification initiale \u00e0 l&rsquo;ex\u00e9cution et au suivi post-impl\u00e9mentation. Nos m\u00e9thodologies sont con\u00e7ues pour assurer le respect des d\u00e9lais, des budgets, et des objectifs, tout en garantissant une coordination efficace des \u00e9quipes et des ressources.<\/p>\n<ul>\n<li><strong>Planification et structuration<\/strong> : Nous \u00e9laborons des plans de projet d\u00e9taill\u00e9s, align\u00e9s sur vos objectifs strat\u00e9giques.<\/li>\n<li><strong>Coordination d&rsquo;\u00e9quipes<\/strong> : Nous g\u00e9rons les relations entre les parties prenantes, assurant une communication fluide et une collaboration efficace entre les \u00e9quipes internes et externes.<\/li>\n<li><strong>Suivi des indicateurs de performance<\/strong> : Gr\u00e2ce \u00e0 des outils de gestion avanc\u00e9s, nous monitorons la progression du projet pour garantir son succ\u00e8s \u00e0 chaque \u00e9tape.<\/li>\n<\/ul>\n<h4>\n\tAccompagnement dans les phases de transition\n\t<\/h4>\n\t<p>Les transitions, qu&rsquo;elles soient technologiques, organisationnelles ou li\u00e9es \u00e0 la restructuration des processus, peuvent \u00eatre des moments critiques pour les entreprises. Nous vous accompagnons dans ces phases de <strong>changement<\/strong> en minimisant les interruptions et en garantissant une int\u00e9gration en douceur des nouvelles solutions.<\/p>\n<ul>\n<li><strong>R\u00e9organisation des processus m\u00e9tiers et IT<\/strong> : Nous vous aidons \u00e0 adapter vos processus internes pour qu&rsquo;ils soient align\u00e9s avec vos nouveaux objectifs et technologies.<\/li>\n<li><strong>Formation et gestion du changement<\/strong> : Nous assurons la formation des \u00e9quipes et un accompagnement continu pour faciliter l&rsquo;adoption des nouveaux outils et m\u00e9thodologies.<\/li>\n<li><strong>Suivi post-transition<\/strong> : Apr\u00e8s la mise en \u0153uvre, nous restons \u00e0 vos c\u00f4t\u00e9s pour garantir que la transition est bien int\u00e9gr\u00e9e et que les objectifs fix\u00e9s sont atteints.<\/li>\n<\/ul>\n<h4>\n\tSuivi post-projet\n\t<\/h4>\n\t<p>Une fois les projets finalis\u00e9s, nous restons \u00e0 vos c\u00f4t\u00e9s pour assurer un suivi post-impl\u00e9mentation. Cela nous permet d&rsquo;ajuster les solutions en fonction des retours d&rsquo;exp\u00e9rience et d&rsquo;assurer leur efficacit\u00e9 \u00e0 long terme.<\/p>\n<ul>\n<li><strong>Suivi et \u00e9valuation des performances<\/strong> : Nous vous aidons \u00e0 mesurer les r\u00e9sultats obtenus et \u00e0 optimiser les processus pour garantir la p\u00e9rennit\u00e9 de vos projets.<\/li>\n<li><strong>Support continu<\/strong> : Nous restons disponibles pour fournir un accompagnement technique et strat\u00e9gique selon vos besoins.<\/li>\n<\/ul>\n\t<p><strong>Strepia<\/strong> vous accompagne tout au long de la gestion de vos projets et des phases de transition. Gr\u00e2ce \u00e0 notre approche rigoureuse et personnalis\u00e9e, nous garantissons la r\u00e9ussite de chaque \u00e9tape. <strong>Contactez-nous<\/strong> pour discuter de vos besoins sp\u00e9cifiques.<\/p>\n\n<\/div><!-- .vgblk-rw-wrapper -->","protected":false},"excerpt":{"rendered":"<p>Gestion de projet et transition Chez Strepia, nous comprenons l&rsquo;importance d&rsquo;une gestion de projet rigoureuse et d&rsquo;une transition fluide pour assurer la r\u00e9ussite des transformations dans la Supply Chain et le Manufacturing. Nos consultants, experts en pilotage de projets complexes, vous accompagnent \u00e0 chaque \u00e9tape pour garantir la mise en \u0153uvre efficace des solutions tout&#8230;<\/p>\n","protected":false},"author":2,"featured_media":0,"parent":12320,"menu_order":0,"comment_status":"closed","ping_status":"closed","template":"","meta":{"inline_featured_image":false,"_uag_custom_page_level_css":"","footnotes":""},"class_list":["post-12737","page","type-page","status-publish","hentry"],"yoast_head":"<!-- This site is optimized with the Yoast SEO plugin v27.4 - https:\/\/yoast.com\/product\/yoast-seo-wordpress\/ -->\n<title>Gestion de Projets et Transition - Strepia<\/title>\n<meta name=\"robots\" content=\"index, follow, max-snippet:-1, max-image-preview:large, max-video-preview:-1\" \/>\n<link rel=\"canonical\" href=\"https:\/\/strepia.com\/index.php\/notre-expertise-et-nos-services\/gestion-de-projets-et-transition\/\" \/>\n<meta property=\"og:locale\" content=\"fr_FR\" \/>\n<meta property=\"og:type\" content=\"article\" \/>\n<meta property=\"og:title\" content=\"Gestion de Projets et Transition - Strepia\" \/>\n<meta property=\"og:description\" content=\"Gestion de projet et transition Chez Strepia, nous comprenons l&rsquo;importance d&rsquo;une gestion de projet rigoureuse et d&rsquo;une transition fluide pour assurer la r\u00e9ussite des transformations dans la Supply Chain et le Manufacturing. Nos consultants, experts en pilotage de projets complexes, vous accompagnent \u00e0 chaque \u00e9tape pour garantir la mise en \u0153uvre efficace des solutions tout...\" \/>\n<meta property=\"og:url\" content=\"https:\/\/strepia.com\/index.php\/notre-expertise-et-nos-services\/gestion-de-projets-et-transition\/\" \/>\n<meta property=\"og:site_name\" content=\"Strepia\" \/>\n<meta property=\"article:modified_time\" content=\"2026-04-07T22:29:41+00:00\" \/>\n<meta name=\"twitter:card\" content=\"summary_large_image\" \/>\n<meta name=\"twitter:label1\" content=\"Dur\u00e9e de lecture estim\u00e9e\" \/>\n\t<meta name=\"twitter:data1\" content=\"3 minutes\" \/>\n<script type=\"application\/ld+json\" class=\"yoast-schema-graph\">{\"@context\":\"https:\\\/\\\/schema.org\",\"@graph\":[{\"@type\":\"WebPage\",\"@id\":\"https:\\\/\\\/strepia.com\\\/index.php\\\/notre-expertise-et-nos-services\\\/gestion-de-projets-et-transition\\\/\",\"url\":\"https:\\\/\\\/strepia.com\\\/index.php\\\/notre-expertise-et-nos-services\\\/gestion-de-projets-et-transition\\\/\",\"name\":\"Gestion de Projets et Transition - Strepia\",\"isPartOf\":{\"@id\":\"https:\\\/\\\/strepia.com\\\/#website\"},\"datePublished\":\"2017-05-10T20:14:16+00:00\",\"dateModified\":\"2026-04-07T22:29:41+00:00\",\"breadcrumb\":{\"@id\":\"https:\\\/\\\/strepia.com\\\/index.php\\\/notre-expertise-et-nos-services\\\/gestion-de-projets-et-transition\\\/#breadcrumb\"},\"inLanguage\":\"fr-FR\",\"potentialAction\":[{\"@type\":\"ReadAction\",\"target\":[\"https:\\\/\\\/strepia.com\\\/index.php\\\/notre-expertise-et-nos-services\\\/gestion-de-projets-et-transition\\\/\"]}]},{\"@type\":\"BreadcrumbList\",\"@id\":\"https:\\\/\\\/strepia.com\\\/index.php\\\/notre-expertise-et-nos-services\\\/gestion-de-projets-et-transition\\\/#breadcrumb\",\"itemListElement\":[{\"@type\":\"ListItem\",\"position\":1,\"name\":\"Home\",\"item\":\"https:\\\/\\\/strepia.com\\\/\"},{\"@type\":\"ListItem\",\"position\":2,\"name\":\"Notre Expertise et Nos Services\",\"item\":\"https:\\\/\\\/strepia.com\\\/index.php\\\/notre-expertise-et-nos-services\\\/\"},{\"@type\":\"ListItem\",\"position\":3,\"name\":\"Gestion de Projets et Transition\"}]},{\"@type\":\"WebSite\",\"@id\":\"https:\\\/\\\/strepia.com\\\/#website\",\"url\":\"https:\\\/\\\/strepia.com\\\/\",\"name\":\"Strepia\",\"description\":\"\",\"publisher\":{\"@id\":\"https:\\\/\\\/strepia.com\\\/#organization\"},\"potentialAction\":[{\"@type\":\"SearchAction\",\"target\":{\"@type\":\"EntryPoint\",\"urlTemplate\":\"https:\\\/\\\/strepia.com\\\/?s={search_term_string}\"},\"query-input\":{\"@type\":\"PropertyValueSpecification\",\"valueRequired\":true,\"valueName\":\"search_term_string\"}}],\"inLanguage\":\"fr-FR\"},{\"@type\":\"Organization\",\"@id\":\"https:\\\/\\\/strepia.com\\\/#organization\",\"name\":\"Strepia\",\"url\":\"https:\\\/\\\/strepia.com\\\/\",\"logo\":{\"@type\":\"ImageObject\",\"inLanguage\":\"fr-FR\",\"@id\":\"https:\\\/\\\/strepia.com\\\/#\\\/schema\\\/logo\\\/image\\\/\",\"url\":\"https:\\\/\\\/strepia.com\\\/wp-content\\\/uploads\\\/2024\\\/08\\\/cropped-cropped-Strepia-450x150-1.png\",\"contentUrl\":\"https:\\\/\\\/strepia.com\\\/wp-content\\\/uploads\\\/2024\\\/08\\\/cropped-cropped-Strepia-450x150-1.png\",\"width\":355,\"height\":150,\"caption\":\"Strepia\"},\"image\":{\"@id\":\"https:\\\/\\\/strepia.com\\\/#\\\/schema\\\/logo\\\/image\\\/\"}}]}<\/script>\n<!-- \/ Yoast SEO plugin. -->","yoast_head_json":{"title":"Gestion de Projets et Transition - Strepia","robots":{"index":"index","follow":"follow","max-snippet":"max-snippet:-1","max-image-preview":"max-image-preview:large","max-video-preview":"max-video-preview:-1"},"canonical":"https:\/\/strepia.com\/index.php\/notre-expertise-et-nos-services\/gestion-de-projets-et-transition\/","og_locale":"fr_FR","og_type":"article","og_title":"Gestion de Projets et Transition - Strepia","og_description":"Gestion de projet et transition Chez Strepia, nous comprenons l&rsquo;importance d&rsquo;une gestion de projet rigoureuse et d&rsquo;une transition fluide pour assurer la r\u00e9ussite des transformations dans la Supply Chain et le Manufacturing. Nos consultants, experts en pilotage de projets complexes, vous accompagnent \u00e0 chaque \u00e9tape pour garantir la mise en \u0153uvre efficace des solutions tout...","og_url":"https:\/\/strepia.com\/index.php\/notre-expertise-et-nos-services\/gestion-de-projets-et-transition\/","og_site_name":"Strepia","article_modified_time":"2026-04-07T22:29:41+00:00","twitter_card":"summary_large_image","twitter_misc":{"Dur\u00e9e de lecture estim\u00e9e":"3 minutes"},"schema":{"@context":"https:\/\/schema.org","@graph":[{"@type":"WebPage","@id":"https:\/\/strepia.com\/index.php\/notre-expertise-et-nos-services\/gestion-de-projets-et-transition\/","url":"https:\/\/strepia.com\/index.php\/notre-expertise-et-nos-services\/gestion-de-projets-et-transition\/","name":"Gestion de Projets et Transition - Strepia","isPartOf":{"@id":"https:\/\/strepia.com\/#website"},"datePublished":"2017-05-10T20:14:16+00:00","dateModified":"2026-04-07T22:29:41+00:00","breadcrumb":{"@id":"https:\/\/strepia.com\/index.php\/notre-expertise-et-nos-services\/gestion-de-projets-et-transition\/#breadcrumb"},"inLanguage":"fr-FR","potentialAction":[{"@type":"ReadAction","target":["https:\/\/strepia.com\/index.php\/notre-expertise-et-nos-services\/gestion-de-projets-et-transition\/"]}]},{"@type":"BreadcrumbList","@id":"https:\/\/strepia.com\/index.php\/notre-expertise-et-nos-services\/gestion-de-projets-et-transition\/#breadcrumb","itemListElement":[{"@type":"ListItem","position":1,"name":"Home","item":"https:\/\/strepia.com\/"},{"@type":"ListItem","position":2,"name":"Notre Expertise et Nos Services","item":"https:\/\/strepia.com\/index.php\/notre-expertise-et-nos-services\/"},{"@type":"ListItem","position":3,"name":"Gestion de Projets et Transition"}]},{"@type":"WebSite","@id":"https:\/\/strepia.com\/#website","url":"https:\/\/strepia.com\/","name":"Strepia","description":"","publisher":{"@id":"https:\/\/strepia.com\/#organization"},"potentialAction":[{"@type":"SearchAction","target":{"@type":"EntryPoint","urlTemplate":"https:\/\/strepia.com\/?s={search_term_string}"},"query-input":{"@type":"PropertyValueSpecification","valueRequired":true,"valueName":"search_term_string"}}],"inLanguage":"fr-FR"},{"@type":"Organization","@id":"https:\/\/strepia.com\/#organization","name":"Strepia","url":"https:\/\/strepia.com\/","logo":{"@type":"ImageObject","inLanguage":"fr-FR","@id":"https:\/\/strepia.com\/#\/schema\/logo\/image\/","url":"https:\/\/strepia.com\/wp-content\/uploads\/2024\/08\/cropped-cropped-Strepia-450x150-1.png","contentUrl":"https:\/\/strepia.com\/wp-content\/uploads\/2024\/08\/cropped-cropped-Strepia-450x150-1.png","width":355,"height":150,"caption":"Strepia"},"image":{"@id":"https:\/\/strepia.com\/#\/schema\/logo\/image\/"}}]}},"uagb_featured_image_src":{"full":false,"thumbnail":false,"medium":false,"medium_large":false,"large":false,"1536x1536":false,"2048x2048":false,"vamtam-single":false,"vamtam-normal-1":false,"vamtam-loop-1":false,"vamtam-normal-2":false,"vamtam-normal-featured-2":false,"vamtam-loop-2":false,"vamtam-loop-featured-2":false,"vamtam-normal-3":false,"vamtam-normal-featured-3":false,"vamtam-loop-3":false,"vamtam-loop-featured-3":false,"vamtam-normal-4":false,"vamtam-normal-featured-4":false,"vamtam-loop-4":false,"vamtam-loop-featured-4":false,"woocommerce_thumbnail":false,"woocommerce_single":false,"woocommerce_gallery_thumbnail":false},"uagb_author_info":{"display_name":"Amine Ettalbi","author_link":"https:\/\/strepia.com\/index.php\/author\/amine-ettalbi\/"},"uagb_comment_info":0,"uagb_excerpt":"Gestion de projet et transition Chez Strepia, nous comprenons l&rsquo;importance d&rsquo;une gestion de projet rigoureuse et d&rsquo;une transition fluide pour assurer la r\u00e9ussite des transformations dans la Supply Chain et le Manufacturing. Nos consultants, experts en pilotage de projets complexes, vous accompagnent \u00e0 chaque \u00e9tape pour garantir la mise en \u0153uvre efficace des solutions tout...","_links":{"self":[{"href":"https:\/\/strepia.com\/index.php\/wp-json\/wp\/v2\/pages\/12737","targetHints":{"allow":["GET"]}}],"collection":[{"href":"https:\/\/strepia.com\/index.php\/wp-json\/wp\/v2\/pages"}],"about":[{"href":"https:\/\/strepia.com\/index.php\/wp-json\/wp\/v2\/types\/page"}],"author":[{"embeddable":true,"href":"https:\/\/strepia.com\/index.php\/wp-json\/wp\/v2\/users\/2"}],"replies":[{"embeddable":true,"href":"https:\/\/strepia.com\/index.php\/wp-json\/wp\/v2\/comments?post=12737"}],"version-history":[{"count":5,"href":"https:\/\/strepia.com\/index.php\/wp-json\/wp\/v2\/pages\/12737\/revisions"}],"predecessor-version":[{"id":987913,"href":"https:\/\/strepia.com\/index.php\/wp-json\/wp\/v2\/pages\/12737\/revisions\/987913"}],"up":[{"embeddable":true,"href":"https:\/\/strepia.com\/index.php\/wp-json\/wp\/v2\/pages\/12320"}],"wp:attachment":[{"href":"https:\/\/strepia.com\/index.php\/wp-json\/wp\/v2\/media?parent=12737"}],"curies":[{"name":"wp","href":"https:\/\/api.w.org\/{rel}","templated":true}]}}