{"id":13349,"date":"2017-07-31T13:05:22","date_gmt":"2017-07-31T13:05:22","guid":{"rendered":"https:\/\/strepia.com\/index.php\/sustainability\/"},"modified":"2026-04-08T00:30:02","modified_gmt":"2026-04-07T22:30:02","slug":"pourquoi-nous-choisir","status":"publish","type":"page","link":"https:\/\/strepia.com\/index.php\/a-propos-de-nous\/pourquoi-nous-choisir\/","title":{"rendered":"Pourquoi nous choisir ?"},"content":{"rendered":"<div class=\"vgblk-rw-wrapper limit-wrapper\">\n<h2>\n\t\tPourquoi <br \/><strong>nous choisir ?<\/strong><strong>\n\t<\/strong><\/h2>\n\t<p>Dans un environnement en constante \u00e9volution, choisir le bon partenaire pour vos projets de transformation digitale et industrielle est essentiel pour garantir votre succ\u00e8s. Nous sommes bien plus qu&rsquo;un simple prestataire : nous sommes votre <strong>partenaire strat\u00e9gique<\/strong>, engag\u00e9 \u00e0 accompagner votre entreprise dans l&rsquo;optimisation de vos processus et l&rsquo;am\u00e9lioration continue de vos performances.<\/p>\n<p>En choisissant <strong>Strepia<\/strong>, vous optez pour un partenaire de confiance, capable de vous accompagner dans vos projets les plus complexes, tout en assurant une collaboration fluide et durable.<\/p>\n<h3>\n\tExpertise approfondie et sp\u00e9cialis\u00e9e\n\t<\/h3>\n\t\n<p><strong>Strepia<\/strong> r\u00e9unit un r\u00e9seau de consultants et d&rsquo;experts sp\u00e9cialis\u00e9s dans les domaines de la Supply Chain et du Manufacturing. Gr\u00e2ce \u00e0 notre double comp\u00e9tence en conseil op\u00e9rationnel et en int\u00e9gration technologique, nous sommes en mesure d&rsquo;apporter des solutions innovantes et sur-mesure adapt\u00e9es \u00e0 vos besoins sp\u00e9cifiques.<\/p>\n<ul>\n<li><strong>Expertise fonctionnelle et technique<\/strong> : Nos \u00e9quipes ma\u00eetrisent aussi bien les enjeux m\u00e9tiers que les outils technologiques les plus avanc\u00e9s.<\/li>\n<li><strong>Solutions adapt\u00e9es<\/strong> : Nous comprenons que chaque entreprise est unique, c&rsquo;est pourquoi nos solutions sont toujours personnalis\u00e9es pour r\u00e9pondre \u00e0 vos d\u00e9fis particuliers.<\/li>\n<\/ul>\n<h3>\n\tAccompagnement \u00e0 chaque \u00e9tape\n\t<\/h3>\n\t<p>Chez <strong>Strepia<\/strong>, nous croyons que la cl\u00e9 du succ\u00e8s r\u00e9side dans un accompagnement continu et proactif. Que ce soit lors de la conception de vos projets, de la mise en \u0153uvre des solutions ou encore dans le suivi post-projet, nous sommes pr\u00e9sents \u00e0 vos c\u00f4t\u00e9s \u00e0 chaque \u00e9tape pour garantir des r\u00e9sultats tangibles et durables.<\/p>\n<ul>\n<li><strong>Suivi personnalis\u00e9<\/strong> : Chaque mission est suivie de pr\u00e8s par nos \u00e9quipes pour s&rsquo;assurer que les solutions d\u00e9ploy\u00e9es atteignent les objectifs fix\u00e9s.<\/li>\n<li><strong>Flexibilit\u00e9 et r\u00e9activit\u00e9<\/strong> : Nous nous adaptons en temps r\u00e9el aux besoins et aux changements au cours du projet, tout en vous offrant des conseils proactifs pour anticiper les d\u00e9fis futurs.<\/li>\n<\/ul>\n<h3>\n\tInnovation et performance\n\t<\/h3>\n\t<p>Nous sommes \u00e0 la pointe des derni\u00e8res innovations dans le domaine du digital et de la Supply Chain. Gr\u00e2ce \u00e0 notre expertise en <strong>technologies avanc\u00e9es<\/strong> comme les syst\u00e8mes WMS, TMS, MES, et autres outils de gestion, nous vous aidons \u00e0 moderniser vos infrastructures, \u00e0 automatiser vos processus et \u00e0 am\u00e9liorer vos performances op\u00e9rationnelles.<\/p>\n<ul>\n<li><strong>Technologies de pointe<\/strong> : Nous int\u00e9grons des solutions technologiques innovantes pour optimiser vos op\u00e9rations logistiques et manufacturi\u00e8res.<\/li>\n<li><strong>Cr\u00e9ation de valeur<\/strong> : Notre approche pragmatique permet de g\u00e9n\u00e9rer des gains d&rsquo;efficacit\u00e9 et de r\u00e9duire les co\u00fbts, tout en augmentant la qualit\u00e9 de vos services.<\/li>\n<\/ul>\n<h3>\n\tUn partenariat durable\n\t<\/h3>\n\t<p>Nous ne nous limitons pas \u00e0 une mission ponctuelle. Nous privil\u00e9gions les relations \u00e0 long terme, bas\u00e9es sur la confiance et la transparence. En tant que partenaire strat\u00e9gique, notre objectif est de contribuer au succ\u00e8s durable de votre entreprise.<\/p>\n<ul>\n<li><strong>Engagement \u00e0 long terme<\/strong> : Nous restons engag\u00e9s bien au-del\u00e0 de la fin de chaque mission, en offrant un suivi continu et des conseils pour garantir que nos solutions s&rsquo;adaptent \u00e0 vos futurs besoins.<\/li>\n<li><strong>Transparence et confiance<\/strong> : Notre m\u00e9thode de travail est claire, ouverte et fond\u00e9e sur une communication fluide avec nos clients.<\/li>\n<\/ul>\n<h3>\n\tUn r\u00e9seau de talents exceptionnels\n\t<\/h3>\n\t<p>Chez <strong>Strepia<\/strong>, nous croyons que les meilleures solutions proviennent des meilleurs talents. Nous avons constitu\u00e9 un r\u00e9seau de consultants experts dans leur domaine, capables de fournir une expertise pointue pour r\u00e9pondre aux exigences de vos projets, peu importe leur complexit\u00e9.<\/p>\n<ul>\n<li><strong>Consultants de premier ordre<\/strong> : Tous nos consultants sont soigneusement s\u00e9lectionn\u00e9s pour leur expertise technique et leur capacit\u00e9 \u00e0 d\u00e9livrer des r\u00e9sultats concrets.<\/li>\n<li><strong>Acc\u00e8s rapide \u00e0 des talents qualifi\u00e9s<\/strong> : Gr\u00e2ce \u00e0 notre vaste r\u00e9seau, nous pouvons rapidement mobiliser les comp\u00e9tences dont vous avez besoin.<\/li>\n<\/ul>\n\n<\/div><!-- .vgblk-rw-wrapper -->","protected":false},"excerpt":{"rendered":"<p>Pourquoi nous choisir ? Dans un environnement en constante \u00e9volution, choisir le bon partenaire pour vos projets de transformation digitale et industrielle est essentiel pour garantir votre succ\u00e8s. Nous sommes bien plus qu&rsquo;un simple prestataire : nous sommes votre partenaire strat\u00e9gique, engag\u00e9 \u00e0 accompagner votre entreprise dans l&rsquo;optimisation de vos processus et l&rsquo;am\u00e9lioration continue de&#8230;<\/p>\n","protected":false},"author":2,"featured_media":0,"parent":13345,"menu_order":0,"comment_status":"closed","ping_status":"closed","template":"","meta":{"inline_featured_image":false,"_uag_custom_page_level_css":"","footnotes":""},"class_list":["post-13349","page","type-page","status-publish","hentry"],"yoast_head":"<!-- This site is optimized with the Yoast SEO plugin v27.4 - https:\/\/yoast.com\/product\/yoast-seo-wordpress\/ -->\n<title>Pourquoi nous choisir ? - Strepia<\/title>\n<meta name=\"robots\" content=\"index, follow, max-snippet:-1, max-image-preview:large, max-video-preview:-1\" \/>\n<link rel=\"canonical\" href=\"https:\/\/strepia.com\/index.php\/a-propos-de-nous\/pourquoi-nous-choisir\/\" \/>\n<meta property=\"og:locale\" content=\"fr_FR\" \/>\n<meta property=\"og:type\" content=\"article\" \/>\n<meta property=\"og:title\" content=\"Pourquoi nous choisir ? - Strepia\" \/>\n<meta property=\"og:description\" content=\"Pourquoi nous choisir ? Dans un environnement en constante \u00e9volution, choisir le bon partenaire pour vos projets de transformation digitale et industrielle est essentiel pour garantir votre succ\u00e8s. Nous sommes bien plus qu&rsquo;un simple prestataire : nous sommes votre partenaire strat\u00e9gique, engag\u00e9 \u00e0 accompagner votre entreprise dans l&rsquo;optimisation de vos processus et l&rsquo;am\u00e9lioration continue de...\" \/>\n<meta property=\"og:url\" content=\"https:\/\/strepia.com\/index.php\/a-propos-de-nous\/pourquoi-nous-choisir\/\" \/>\n<meta property=\"og:site_name\" content=\"Strepia\" \/>\n<meta property=\"article:modified_time\" content=\"2026-04-07T22:30:02+00:00\" \/>\n<meta name=\"twitter:card\" content=\"summary_large_image\" \/>\n<meta name=\"twitter:label1\" content=\"Dur\u00e9e de lecture estim\u00e9e\" \/>\n\t<meta name=\"twitter:data1\" content=\"3 minutes\" \/>\n<script type=\"application\/ld+json\" class=\"yoast-schema-graph\">{\"@context\":\"https:\\\/\\\/schema.org\",\"@graph\":[{\"@type\":\"WebPage\",\"@id\":\"https:\\\/\\\/strepia.com\\\/index.php\\\/a-propos-de-nous\\\/pourquoi-nous-choisir\\\/\",\"url\":\"https:\\\/\\\/strepia.com\\\/index.php\\\/a-propos-de-nous\\\/pourquoi-nous-choisir\\\/\",\"name\":\"Pourquoi nous choisir ? - Strepia\",\"isPartOf\":{\"@id\":\"https:\\\/\\\/strepia.com\\\/#website\"},\"datePublished\":\"2017-07-31T13:05:22+00:00\",\"dateModified\":\"2026-04-07T22:30:02+00:00\",\"breadcrumb\":{\"@id\":\"https:\\\/\\\/strepia.com\\\/index.php\\\/a-propos-de-nous\\\/pourquoi-nous-choisir\\\/#breadcrumb\"},\"inLanguage\":\"fr-FR\",\"potentialAction\":[{\"@type\":\"ReadAction\",\"target\":[\"https:\\\/\\\/strepia.com\\\/index.php\\\/a-propos-de-nous\\\/pourquoi-nous-choisir\\\/\"]}]},{\"@type\":\"BreadcrumbList\",\"@id\":\"https:\\\/\\\/strepia.com\\\/index.php\\\/a-propos-de-nous\\\/pourquoi-nous-choisir\\\/#breadcrumb\",\"itemListElement\":[{\"@type\":\"ListItem\",\"position\":1,\"name\":\"Home\",\"item\":\"https:\\\/\\\/strepia.com\\\/\"},{\"@type\":\"ListItem\",\"position\":2,\"name\":\"\u00c0 propos de nous\",\"item\":\"https:\\\/\\\/strepia.com\\\/index.php\\\/a-propos-de-nous\\\/\"},{\"@type\":\"ListItem\",\"position\":3,\"name\":\"Pourquoi nous choisir ?\"}]},{\"@type\":\"WebSite\",\"@id\":\"https:\\\/\\\/strepia.com\\\/#website\",\"url\":\"https:\\\/\\\/strepia.com\\\/\",\"name\":\"Strepia\",\"description\":\"\",\"publisher\":{\"@id\":\"https:\\\/\\\/strepia.com\\\/#organization\"},\"potentialAction\":[{\"@type\":\"SearchAction\",\"target\":{\"@type\":\"EntryPoint\",\"urlTemplate\":\"https:\\\/\\\/strepia.com\\\/?s={search_term_string}\"},\"query-input\":{\"@type\":\"PropertyValueSpecification\",\"valueRequired\":true,\"valueName\":\"search_term_string\"}}],\"inLanguage\":\"fr-FR\"},{\"@type\":\"Organization\",\"@id\":\"https:\\\/\\\/strepia.com\\\/#organization\",\"name\":\"Strepia\",\"url\":\"https:\\\/\\\/strepia.com\\\/\",\"logo\":{\"@type\":\"ImageObject\",\"inLanguage\":\"fr-FR\",\"@id\":\"https:\\\/\\\/strepia.com\\\/#\\\/schema\\\/logo\\\/image\\\/\",\"url\":\"https:\\\/\\\/strepia.com\\\/wp-content\\\/uploads\\\/2024\\\/08\\\/cropped-cropped-Strepia-450x150-1.png\",\"contentUrl\":\"https:\\\/\\\/strepia.com\\\/wp-content\\\/uploads\\\/2024\\\/08\\\/cropped-cropped-Strepia-450x150-1.png\",\"width\":355,\"height\":150,\"caption\":\"Strepia\"},\"image\":{\"@id\":\"https:\\\/\\\/strepia.com\\\/#\\\/schema\\\/logo\\\/image\\\/\"}}]}<\/script>\n<!-- \/ Yoast SEO plugin. -->","yoast_head_json":{"title":"Pourquoi nous choisir ? - Strepia","robots":{"index":"index","follow":"follow","max-snippet":"max-snippet:-1","max-image-preview":"max-image-preview:large","max-video-preview":"max-video-preview:-1"},"canonical":"https:\/\/strepia.com\/index.php\/a-propos-de-nous\/pourquoi-nous-choisir\/","og_locale":"fr_FR","og_type":"article","og_title":"Pourquoi nous choisir ? - Strepia","og_description":"Pourquoi nous choisir ? Dans un environnement en constante \u00e9volution, choisir le bon partenaire pour vos projets de transformation digitale et industrielle est essentiel pour garantir votre succ\u00e8s. Nous sommes bien plus qu&rsquo;un simple prestataire : nous sommes votre partenaire strat\u00e9gique, engag\u00e9 \u00e0 accompagner votre entreprise dans l&rsquo;optimisation de vos processus et l&rsquo;am\u00e9lioration continue de...","og_url":"https:\/\/strepia.com\/index.php\/a-propos-de-nous\/pourquoi-nous-choisir\/","og_site_name":"Strepia","article_modified_time":"2026-04-07T22:30:02+00:00","twitter_card":"summary_large_image","twitter_misc":{"Dur\u00e9e de lecture estim\u00e9e":"3 minutes"},"schema":{"@context":"https:\/\/schema.org","@graph":[{"@type":"WebPage","@id":"https:\/\/strepia.com\/index.php\/a-propos-de-nous\/pourquoi-nous-choisir\/","url":"https:\/\/strepia.com\/index.php\/a-propos-de-nous\/pourquoi-nous-choisir\/","name":"Pourquoi nous choisir ? - Strepia","isPartOf":{"@id":"https:\/\/strepia.com\/#website"},"datePublished":"2017-07-31T13:05:22+00:00","dateModified":"2026-04-07T22:30:02+00:00","breadcrumb":{"@id":"https:\/\/strepia.com\/index.php\/a-propos-de-nous\/pourquoi-nous-choisir\/#breadcrumb"},"inLanguage":"fr-FR","potentialAction":[{"@type":"ReadAction","target":["https:\/\/strepia.com\/index.php\/a-propos-de-nous\/pourquoi-nous-choisir\/"]}]},{"@type":"BreadcrumbList","@id":"https:\/\/strepia.com\/index.php\/a-propos-de-nous\/pourquoi-nous-choisir\/#breadcrumb","itemListElement":[{"@type":"ListItem","position":1,"name":"Home","item":"https:\/\/strepia.com\/"},{"@type":"ListItem","position":2,"name":"\u00c0 propos de nous","item":"https:\/\/strepia.com\/index.php\/a-propos-de-nous\/"},{"@type":"ListItem","position":3,"name":"Pourquoi nous choisir ?"}]},{"@type":"WebSite","@id":"https:\/\/strepia.com\/#website","url":"https:\/\/strepia.com\/","name":"Strepia","description":"","publisher":{"@id":"https:\/\/strepia.com\/#organization"},"potentialAction":[{"@type":"SearchAction","target":{"@type":"EntryPoint","urlTemplate":"https:\/\/strepia.com\/?s={search_term_string}"},"query-input":{"@type":"PropertyValueSpecification","valueRequired":true,"valueName":"search_term_string"}}],"inLanguage":"fr-FR"},{"@type":"Organization","@id":"https:\/\/strepia.com\/#organization","name":"Strepia","url":"https:\/\/strepia.com\/","logo":{"@type":"ImageObject","inLanguage":"fr-FR","@id":"https:\/\/strepia.com\/#\/schema\/logo\/image\/","url":"https:\/\/strepia.com\/wp-content\/uploads\/2024\/08\/cropped-cropped-Strepia-450x150-1.png","contentUrl":"https:\/\/strepia.com\/wp-content\/uploads\/2024\/08\/cropped-cropped-Strepia-450x150-1.png","width":355,"height":150,"caption":"Strepia"},"image":{"@id":"https:\/\/strepia.com\/#\/schema\/logo\/image\/"}}]}},"uagb_featured_image_src":{"full":false,"thumbnail":false,"medium":false,"medium_large":false,"large":false,"1536x1536":false,"2048x2048":false,"vamtam-single":false,"vamtam-normal-1":false,"vamtam-loop-1":false,"vamtam-normal-2":false,"vamtam-normal-featured-2":false,"vamtam-loop-2":false,"vamtam-loop-featured-2":false,"vamtam-normal-3":false,"vamtam-normal-featured-3":false,"vamtam-loop-3":false,"vamtam-loop-featured-3":false,"vamtam-normal-4":false,"vamtam-normal-featured-4":false,"vamtam-loop-4":false,"vamtam-loop-featured-4":false,"woocommerce_thumbnail":false,"woocommerce_single":false,"woocommerce_gallery_thumbnail":false},"uagb_author_info":{"display_name":"Amine Ettalbi","author_link":"https:\/\/strepia.com\/index.php\/author\/amine-ettalbi\/"},"uagb_comment_info":0,"uagb_excerpt":"Pourquoi nous choisir ? Dans un environnement en constante \u00e9volution, choisir le bon partenaire pour vos projets de transformation digitale et industrielle est essentiel pour garantir votre succ\u00e8s. Nous sommes bien plus qu&rsquo;un simple prestataire : nous sommes votre partenaire strat\u00e9gique, engag\u00e9 \u00e0 accompagner votre entreprise dans l&rsquo;optimisation de vos processus et l&rsquo;am\u00e9lioration continue de...","_links":{"self":[{"href":"https:\/\/strepia.com\/index.php\/wp-json\/wp\/v2\/pages\/13349","targetHints":{"allow":["GET"]}}],"collection":[{"href":"https:\/\/strepia.com\/index.php\/wp-json\/wp\/v2\/pages"}],"about":[{"href":"https:\/\/strepia.com\/index.php\/wp-json\/wp\/v2\/types\/page"}],"author":[{"embeddable":true,"href":"https:\/\/strepia.com\/index.php\/wp-json\/wp\/v2\/users\/2"}],"replies":[{"embeddable":true,"href":"https:\/\/strepia.com\/index.php\/wp-json\/wp\/v2\/comments?post=13349"}],"version-history":[{"count":5,"href":"https:\/\/strepia.com\/index.php\/wp-json\/wp\/v2\/pages\/13349\/revisions"}],"predecessor-version":[{"id":987874,"href":"https:\/\/strepia.com\/index.php\/wp-json\/wp\/v2\/pages\/13349\/revisions\/987874"}],"up":[{"embeddable":true,"href":"https:\/\/strepia.com\/index.php\/wp-json\/wp\/v2\/pages\/13345"}],"wp:attachment":[{"href":"https:\/\/strepia.com\/index.php\/wp-json\/wp\/v2\/media?parent=13349"}],"curies":[{"name":"wp","href":"https:\/\/api.w.org\/{rel}","templated":true}]}}