{"id":988165,"date":"2024-11-29T10:49:06","date_gmt":"2024-11-29T09:49:06","guid":{"rendered":"https:\/\/strepia.com\/?page_id=988165"},"modified":"2026-04-08T00:28:26","modified_gmt":"2026-04-07T22:28:26","slug":"actualites","status":"publish","type":"page","link":"https:\/\/strepia.com\/index.php\/actualites\/","title":{"rendered":"Actualit\u00e9s"},"content":{"rendered":"<div class=\"vgblk-rw-wrapper limit-wrapper\">\n<h2>\n\t\t<strong>Actualit\u00e9s<\/strong>\n\t<\/h2>\n<h4>\n\t\t<strong>Explorez les tendances et conseils en supply chain et transformation digitale avec Strepia :<\/strong> Ressources, analyses et solutions pour optimiser votre performance\n\t<\/h4>\n\t<p>Notre blog est d\u00e9di\u00e9 \u00e0 tous ceux qui souhaitent en savoir plus sur les d\u00e9fis et les innovations en <strong>Supply Chain<\/strong> et <strong>Manufacturing<\/strong>, avec une approche pratique et strat\u00e9gique. Chaque article est con\u00e7u pour fournir des informations pertinentes, des \u00e9tudes de cas, et des conseils pratiques pour guider les professionnels dans leur transformation digitale et l&rsquo;optimisation de leurs processus.<\/p>\n\t\t\t\t\t\t\t<img fetchpriority=\"high\" fetchpriority=\"high\" decoding=\"async\" src=\"https:\/\/strepia.com\/wp-content\/uploads\/2024\/11\/asian-man-wandering-around-city-boulevards-nighttime-being-amazed-by-urban-landscape-buildings-citizen-strolling-around-empty-avenues-night-enjoying-street-lamps-illuminated-surroundings-scaled.jpg\" alt=\"Asian man wandering around city boulevards during nighttime, being amazed by urban landscape buildings. Citizen strolling around empty avenues at night, enjoying street lamps illuminated surroundings\" itemprop=\"image\" height=\"1707\" width=\"2560\" title=\"Man enjoys city surroundings at night\" onerror=\"this.style.display='none'\"  sizes=\"(max-width: 768px) 100vw, 100vw\" srcset=\"https:\/\/strepia.com\/wp-content\/uploads\/2024\/11\/asian-man-wandering-around-city-boulevards-nighttime-being-amazed-by-urban-landscape-buildings-citizen-strolling-around-empty-avenues-night-enjoying-street-lamps-illuminated-surroundings-scaled.jpg 2560w, https:\/\/strepia.com\/wp-content\/uploads\/2024\/11\/asian-man-wandering-around-city-boulevards-nighttime-being-amazed-by-urban-landscape-buildings-citizen-strolling-around-empty-avenues-night-enjoying-street-lamps-illuminated-surroundings-300x200.jpg 300w, https:\/\/strepia.com\/wp-content\/uploads\/2024\/11\/asian-man-wandering-around-city-boulevards-nighttime-being-amazed-by-urban-landscape-buildings-citizen-strolling-around-empty-avenues-night-enjoying-street-lamps-illuminated-surroundings-1024x683.jpg 1024w, https:\/\/strepia.com\/wp-content\/uploads\/2024\/11\/asian-man-wandering-around-city-boulevards-nighttime-being-amazed-by-urban-landscape-buildings-citizen-strolling-around-empty-avenues-night-enjoying-street-lamps-illuminated-surroundings-768x512.jpg 768w, https:\/\/strepia.com\/wp-content\/uploads\/2024\/11\/asian-man-wandering-around-city-boulevards-nighttime-being-amazed-by-urban-landscape-buildings-citizen-strolling-around-empty-avenues-night-enjoying-street-lamps-illuminated-surroundings-1536x1024.jpg 1536w, https:\/\/strepia.com\/wp-content\/uploads\/2024\/11\/asian-man-wandering-around-city-boulevards-nighttime-being-amazed-by-urban-landscape-buildings-citizen-strolling-around-empty-avenues-night-enjoying-street-lamps-illuminated-surroundings-2048x1365.jpg 2048w, https:\/\/strepia.com\/wp-content\/uploads\/2024\/11\/asian-man-wandering-around-city-boulevards-nighttime-being-amazed-by-urban-landscape-buildings-citizen-strolling-around-empty-avenues-night-enjoying-street-lamps-illuminated-surroundings-1260x840.jpg 1260w, https:\/\/strepia.com\/wp-content\/uploads\/2024\/11\/asian-man-wandering-around-city-boulevards-nighttime-being-amazed-by-urban-landscape-buildings-citizen-strolling-around-empty-avenues-night-enjoying-street-lamps-illuminated-surroundings-630x420.jpg 630w, https:\/\/strepia.com\/wp-content\/uploads\/2024\/11\/asian-man-wandering-around-city-boulevards-nighttime-being-amazed-by-urban-landscape-buildings-citizen-strolling-around-empty-avenues-night-enjoying-street-lamps-illuminated-surroundings-420x280.jpg 420w, https:\/\/strepia.com\/wp-content\/uploads\/2024\/11\/asian-man-wandering-around-city-boulevards-nighttime-being-amazed-by-urban-landscape-buildings-citizen-strolling-around-empty-avenues-night-enjoying-street-lamps-illuminated-surroundings-840x560.jpg 840w, https:\/\/strepia.com\/wp-content\/uploads\/2024\/11\/asian-man-wandering-around-city-boulevards-nighttime-being-amazed-by-urban-landscape-buildings-citizen-strolling-around-empty-avenues-night-enjoying-street-lamps-illuminated-surroundings-315x210.jpg 315w\" \/>\t\t\t\t\t\t\t\n\t\t\t\t\t\t\t<img decoding=\"async\" src=\"https:\/\/strepia.com\/wp-content\/plugins\/beaver-builder-lite-version\/img\/pixel.png\" alt=\"\" itemprop=\"image\" onerror=\"this.style.display='none'\"  \/>\n\t<p>Explorez nos articles pour :<\/p>\n<ul>\n<li><strong>Les derni\u00e8res tendances en Supply Chain et Manufacturing<\/strong> : Suivez les \u00e9volutions du secteur et d\u00e9couvrez comment la digitalisation et l&rsquo;automatisation red\u00e9finissent les pratiques de la logistique et de la production.<\/li>\n<li><strong>L&rsquo;optimisation de la cha\u00eene logistique<\/strong> : D\u00e9couvrez comment am\u00e9liorer l&rsquo;efficacit\u00e9, r\u00e9duire les co\u00fbts et accro\u00eetre la r\u00e9silience de votre Supply Chain \u00e0 travers des strat\u00e9gies concr\u00e8tes, test\u00e9es par nos experts.<\/li>\n<li><strong>Les technologies et outils innovants<\/strong> : Nous vous pr\u00e9sentons les solutions technologiques qui r\u00e9volutionnent le secteur, des WMS et TMS \u00e0 l&rsquo;Intelligence Artificielle, en passant par la robotisation et les outils de Data Analytics.<\/li>\n<li><strong>Des conseils pour une transformation digitale r\u00e9ussie<\/strong> : Nos experts partagent les meilleures pratiques pour g\u00e9rer le changement, int\u00e9grer des solutions digitales et renforcer la comp\u00e9titivit\u00e9 de votre entreprise.<\/li>\n<li><strong>\u00c9tudes de cas et retours d&rsquo;exp\u00e9rience<\/strong> : Apprenez des r\u00e9ussites et des obstacles rencontr\u00e9s dans divers projets que nous avons men\u00e9s, pour b\u00e9n\u00e9ficier d&rsquo;une vision pratique et r\u00e9aliste des transformations op\u00e9rationnelles.<\/li>\n<\/ul>\n\t<p>Que vous soyez un professionnel de la logistique, un d\u00e9cideur industriel, ou simplement passionn\u00e9 par le domaine, notre blog est con\u00e7u pour r\u00e9pondre \u00e0 vos questions et vous inspirer.<\/p>\n<p>Pour recevoir les derniers articles et rester \u00e0 jour, n&rsquo;h\u00e9sitez pas \u00e0 suivre notre page sur <a href=\"https:\/\/www.linkedin.com\/company\/strepia\/\">LinkedIn<\/a>\u00a0!<\/p>\n<blockquote><p>Bonne lecture et bienvenue dans l&rsquo;univers de l&rsquo;innovation avec\u00a0<a href=\"https:\/\/strepia.com\/\">Strepia<\/a>\u00a0 !<\/p><\/blockquote>\n\t\n\n<\/div><!-- .vgblk-rw-wrapper -->","protected":false},"excerpt":{"rendered":"<p>Actualit\u00e9s Explorez les tendances et conseils en supply chain et transformation digitale avec Strepia : Ressources, analyses et solutions pour optimiser votre performance Notre blog est d\u00e9di\u00e9 \u00e0 tous ceux qui souhaitent en savoir plus sur les d\u00e9fis et les innovations en Supply Chain et Manufacturing, avec une approche pratique et strat\u00e9gique. Chaque article est&#8230;<\/p>\n","protected":false},"author":2,"featured_media":0,"parent":0,"menu_order":0,"comment_status":"closed","ping_status":"closed","template":"","meta":{"inline_featured_image":false,"_uag_custom_page_level_css":"","footnotes":""},"class_list":["post-988165","page","type-page","status-publish","hentry"],"yoast_head":"<!-- This site is optimized with the Yoast SEO plugin v27.4 - https:\/\/yoast.com\/product\/yoast-seo-wordpress\/ -->\n<title>Actualit\u00e9s - Strepia<\/title>\n<meta name=\"robots\" content=\"index, follow, max-snippet:-1, max-image-preview:large, max-video-preview:-1\" \/>\n<link rel=\"canonical\" href=\"https:\/\/strepia.com\/index.php\/actualites\/\" \/>\n<meta property=\"og:locale\" content=\"fr_FR\" \/>\n<meta property=\"og:type\" content=\"article\" \/>\n<meta property=\"og:title\" content=\"Actualit\u00e9s - Strepia\" \/>\n<meta property=\"og:description\" content=\"Actualit\u00e9s Explorez les tendances et conseils en supply chain et transformation digitale avec Strepia : Ressources, analyses et solutions pour optimiser votre performance Notre blog est d\u00e9di\u00e9 \u00e0 tous ceux qui souhaitent en savoir plus sur les d\u00e9fis et les innovations en Supply Chain et Manufacturing, avec une approche pratique et strat\u00e9gique. Chaque article est...\" \/>\n<meta property=\"og:url\" content=\"https:\/\/strepia.com\/index.php\/actualites\/\" \/>\n<meta property=\"og:site_name\" content=\"Strepia\" \/>\n<meta property=\"article:modified_time\" content=\"2026-04-07T22:28:26+00:00\" \/>\n<meta property=\"og:image\" content=\"https:\/\/strepia.com\/wp-content\/uploads\/2024\/11\/asian-man-wandering-around-city-boulevards-nighttime-being-amazed-by-urban-landscape-buildings-citizen-strolling-around-empty-avenues-night-enjoying-street-lamps-illuminated-surroundings-scaled.jpg\" \/>\n<meta name=\"twitter:card\" content=\"summary_large_image\" \/>\n<script type=\"application\/ld+json\" class=\"yoast-schema-graph\">{\"@context\":\"https:\\\/\\\/schema.org\",\"@graph\":[{\"@type\":\"WebPage\",\"@id\":\"https:\\\/\\\/strepia.com\\\/index.php\\\/actualites\\\/\",\"url\":\"https:\\\/\\\/strepia.com\\\/index.php\\\/actualites\\\/\",\"name\":\"Actualit\u00e9s - Strepia\",\"isPartOf\":{\"@id\":\"https:\\\/\\\/strepia.com\\\/#website\"},\"primaryImageOfPage\":{\"@id\":\"https:\\\/\\\/strepia.com\\\/index.php\\\/actualites\\\/#primaryimage\"},\"image\":{\"@id\":\"https:\\\/\\\/strepia.com\\\/index.php\\\/actualites\\\/#primaryimage\"},\"thumbnailUrl\":\"https:\\\/\\\/strepia.com\\\/wp-content\\\/uploads\\\/2024\\\/11\\\/asian-man-wandering-around-city-boulevards-nighttime-being-amazed-by-urban-landscape-buildings-citizen-strolling-around-empty-avenues-night-enjoying-street-lamps-illuminated-surroundings-scaled.jpg\",\"datePublished\":\"2024-11-29T09:49:06+00:00\",\"dateModified\":\"2026-04-07T22:28:26+00:00\",\"breadcrumb\":{\"@id\":\"https:\\\/\\\/strepia.com\\\/index.php\\\/actualites\\\/#breadcrumb\"},\"inLanguage\":\"fr-FR\",\"potentialAction\":[{\"@type\":\"ReadAction\",\"target\":[\"https:\\\/\\\/strepia.com\\\/index.php\\\/actualites\\\/\"]}]},{\"@type\":\"ImageObject\",\"inLanguage\":\"fr-FR\",\"@id\":\"https:\\\/\\\/strepia.com\\\/index.php\\\/actualites\\\/#primaryimage\",\"url\":\"https:\\\/\\\/strepia.com\\\/wp-content\\\/uploads\\\/2024\\\/11\\\/asian-man-wandering-around-city-boulevards-nighttime-being-amazed-by-urban-landscape-buildings-citizen-strolling-around-empty-avenues-night-enjoying-street-lamps-illuminated-surroundings-scaled.jpg\",\"contentUrl\":\"https:\\\/\\\/strepia.com\\\/wp-content\\\/uploads\\\/2024\\\/11\\\/asian-man-wandering-around-city-boulevards-nighttime-being-amazed-by-urban-landscape-buildings-citizen-strolling-around-empty-avenues-night-enjoying-street-lamps-illuminated-surroundings-scaled.jpg\",\"width\":2560,\"height\":1707,\"caption\":\"Asian man wandering around city boulevards during nighttime, being amazed by urban landscape buildings. Citizen strolling around empty avenues at night, enjoying street lamps illuminated surroundings\"},{\"@type\":\"BreadcrumbList\",\"@id\":\"https:\\\/\\\/strepia.com\\\/index.php\\\/actualites\\\/#breadcrumb\",\"itemListElement\":[{\"@type\":\"ListItem\",\"position\":1,\"name\":\"Home\",\"item\":\"https:\\\/\\\/strepia.com\\\/\"},{\"@type\":\"ListItem\",\"position\":2,\"name\":\"Actualit\u00e9s\"}]},{\"@type\":\"WebSite\",\"@id\":\"https:\\\/\\\/strepia.com\\\/#website\",\"url\":\"https:\\\/\\\/strepia.com\\\/\",\"name\":\"Strepia\",\"description\":\"\",\"publisher\":{\"@id\":\"https:\\\/\\\/strepia.com\\\/#organization\"},\"potentialAction\":[{\"@type\":\"SearchAction\",\"target\":{\"@type\":\"EntryPoint\",\"urlTemplate\":\"https:\\\/\\\/strepia.com\\\/?s={search_term_string}\"},\"query-input\":{\"@type\":\"PropertyValueSpecification\",\"valueRequired\":true,\"valueName\":\"search_term_string\"}}],\"inLanguage\":\"fr-FR\"},{\"@type\":\"Organization\",\"@id\":\"https:\\\/\\\/strepia.com\\\/#organization\",\"name\":\"Strepia\",\"url\":\"https:\\\/\\\/strepia.com\\\/\",\"logo\":{\"@type\":\"ImageObject\",\"inLanguage\":\"fr-FR\",\"@id\":\"https:\\\/\\\/strepia.com\\\/#\\\/schema\\\/logo\\\/image\\\/\",\"url\":\"https:\\\/\\\/strepia.com\\\/wp-content\\\/uploads\\\/2024\\\/08\\\/cropped-cropped-Strepia-450x150-1.png\",\"contentUrl\":\"https:\\\/\\\/strepia.com\\\/wp-content\\\/uploads\\\/2024\\\/08\\\/cropped-cropped-Strepia-450x150-1.png\",\"width\":355,\"height\":150,\"caption\":\"Strepia\"},\"image\":{\"@id\":\"https:\\\/\\\/strepia.com\\\/#\\\/schema\\\/logo\\\/image\\\/\"}}]}<\/script>\n<!-- \/ Yoast SEO plugin. -->","yoast_head_json":{"title":"Actualit\u00e9s - Strepia","robots":{"index":"index","follow":"follow","max-snippet":"max-snippet:-1","max-image-preview":"max-image-preview:large","max-video-preview":"max-video-preview:-1"},"canonical":"https:\/\/strepia.com\/index.php\/actualites\/","og_locale":"fr_FR","og_type":"article","og_title":"Actualit\u00e9s - Strepia","og_description":"Actualit\u00e9s Explorez les tendances et conseils en supply chain et transformation digitale avec Strepia : Ressources, analyses et solutions pour optimiser votre performance Notre blog est d\u00e9di\u00e9 \u00e0 tous ceux qui souhaitent en savoir plus sur les d\u00e9fis et les innovations en Supply Chain et Manufacturing, avec une approche pratique et strat\u00e9gique. Chaque article est...","og_url":"https:\/\/strepia.com\/index.php\/actualites\/","og_site_name":"Strepia","article_modified_time":"2026-04-07T22:28:26+00:00","og_image":[{"url":"https:\/\/strepia.com\/wp-content\/uploads\/2024\/11\/asian-man-wandering-around-city-boulevards-nighttime-being-amazed-by-urban-landscape-buildings-citizen-strolling-around-empty-avenues-night-enjoying-street-lamps-illuminated-surroundings-scaled.jpg","type":"","width":"","height":""}],"twitter_card":"summary_large_image","schema":{"@context":"https:\/\/schema.org","@graph":[{"@type":"WebPage","@id":"https:\/\/strepia.com\/index.php\/actualites\/","url":"https:\/\/strepia.com\/index.php\/actualites\/","name":"Actualit\u00e9s - Strepia","isPartOf":{"@id":"https:\/\/strepia.com\/#website"},"primaryImageOfPage":{"@id":"https:\/\/strepia.com\/index.php\/actualites\/#primaryimage"},"image":{"@id":"https:\/\/strepia.com\/index.php\/actualites\/#primaryimage"},"thumbnailUrl":"https:\/\/strepia.com\/wp-content\/uploads\/2024\/11\/asian-man-wandering-around-city-boulevards-nighttime-being-amazed-by-urban-landscape-buildings-citizen-strolling-around-empty-avenues-night-enjoying-street-lamps-illuminated-surroundings-scaled.jpg","datePublished":"2024-11-29T09:49:06+00:00","dateModified":"2026-04-07T22:28:26+00:00","breadcrumb":{"@id":"https:\/\/strepia.com\/index.php\/actualites\/#breadcrumb"},"inLanguage":"fr-FR","potentialAction":[{"@type":"ReadAction","target":["https:\/\/strepia.com\/index.php\/actualites\/"]}]},{"@type":"ImageObject","inLanguage":"fr-FR","@id":"https:\/\/strepia.com\/index.php\/actualites\/#primaryimage","url":"https:\/\/strepia.com\/wp-content\/uploads\/2024\/11\/asian-man-wandering-around-city-boulevards-nighttime-being-amazed-by-urban-landscape-buildings-citizen-strolling-around-empty-avenues-night-enjoying-street-lamps-illuminated-surroundings-scaled.jpg","contentUrl":"https:\/\/strepia.com\/wp-content\/uploads\/2024\/11\/asian-man-wandering-around-city-boulevards-nighttime-being-amazed-by-urban-landscape-buildings-citizen-strolling-around-empty-avenues-night-enjoying-street-lamps-illuminated-surroundings-scaled.jpg","width":2560,"height":1707,"caption":"Asian man wandering around city boulevards during nighttime, being amazed by urban landscape buildings. Citizen strolling around empty avenues at night, enjoying street lamps illuminated surroundings"},{"@type":"BreadcrumbList","@id":"https:\/\/strepia.com\/index.php\/actualites\/#breadcrumb","itemListElement":[{"@type":"ListItem","position":1,"name":"Home","item":"https:\/\/strepia.com\/"},{"@type":"ListItem","position":2,"name":"Actualit\u00e9s"}]},{"@type":"WebSite","@id":"https:\/\/strepia.com\/#website","url":"https:\/\/strepia.com\/","name":"Strepia","description":"","publisher":{"@id":"https:\/\/strepia.com\/#organization"},"potentialAction":[{"@type":"SearchAction","target":{"@type":"EntryPoint","urlTemplate":"https:\/\/strepia.com\/?s={search_term_string}"},"query-input":{"@type":"PropertyValueSpecification","valueRequired":true,"valueName":"search_term_string"}}],"inLanguage":"fr-FR"},{"@type":"Organization","@id":"https:\/\/strepia.com\/#organization","name":"Strepia","url":"https:\/\/strepia.com\/","logo":{"@type":"ImageObject","inLanguage":"fr-FR","@id":"https:\/\/strepia.com\/#\/schema\/logo\/image\/","url":"https:\/\/strepia.com\/wp-content\/uploads\/2024\/08\/cropped-cropped-Strepia-450x150-1.png","contentUrl":"https:\/\/strepia.com\/wp-content\/uploads\/2024\/08\/cropped-cropped-Strepia-450x150-1.png","width":355,"height":150,"caption":"Strepia"},"image":{"@id":"https:\/\/strepia.com\/#\/schema\/logo\/image\/"}}]}},"uagb_featured_image_src":{"full":false,"thumbnail":false,"medium":false,"medium_large":false,"large":false,"1536x1536":false,"2048x2048":false,"vamtam-single":false,"vamtam-normal-1":false,"vamtam-loop-1":false,"vamtam-normal-2":false,"vamtam-normal-featured-2":false,"vamtam-loop-2":false,"vamtam-loop-featured-2":false,"vamtam-normal-3":false,"vamtam-normal-featured-3":false,"vamtam-loop-3":false,"vamtam-loop-featured-3":false,"vamtam-normal-4":false,"vamtam-normal-featured-4":false,"vamtam-loop-4":false,"vamtam-loop-featured-4":false,"woocommerce_thumbnail":false,"woocommerce_single":false,"woocommerce_gallery_thumbnail":false},"uagb_author_info":{"display_name":"Amine Ettalbi","author_link":"https:\/\/strepia.com\/index.php\/author\/amine-ettalbi\/"},"uagb_comment_info":0,"uagb_excerpt":"Actualit\u00e9s Explorez les tendances et conseils en supply chain et transformation digitale avec Strepia : Ressources, analyses et solutions pour optimiser votre performance Notre blog est d\u00e9di\u00e9 \u00e0 tous ceux qui souhaitent en savoir plus sur les d\u00e9fis et les innovations en Supply Chain et Manufacturing, avec une approche pratique et strat\u00e9gique. Chaque article est...","_links":{"self":[{"href":"https:\/\/strepia.com\/index.php\/wp-json\/wp\/v2\/pages\/988165","targetHints":{"allow":["GET"]}}],"collection":[{"href":"https:\/\/strepia.com\/index.php\/wp-json\/wp\/v2\/pages"}],"about":[{"href":"https:\/\/strepia.com\/index.php\/wp-json\/wp\/v2\/types\/page"}],"author":[{"embeddable":true,"href":"https:\/\/strepia.com\/index.php\/wp-json\/wp\/v2\/users\/2"}],"replies":[{"embeddable":true,"href":"https:\/\/strepia.com\/index.php\/wp-json\/wp\/v2\/comments?post=988165"}],"version-history":[{"count":12,"href":"https:\/\/strepia.com\/index.php\/wp-json\/wp\/v2\/pages\/988165\/revisions"}],"predecessor-version":[{"id":988189,"href":"https:\/\/strepia.com\/index.php\/wp-json\/wp\/v2\/pages\/988165\/revisions\/988189"}],"wp:attachment":[{"href":"https:\/\/strepia.com\/index.php\/wp-json\/wp\/v2\/media?parent=988165"}],"curies":[{"name":"wp","href":"https:\/\/api.w.org\/{rel}","templated":true}]}}